{"id":9873,"date":"2021-06-27T12:58:57","date_gmt":"2021-06-27T10:58:57","guid":{"rendered":"https:\/\/www.laffineur.com\/lei-de-responsabilidade\/"},"modified":"2021-06-28T15:27:53","modified_gmt":"2021-06-28T13:27:53","slug":"lei-de-responsabilidade","status":"publish","type":"page","link":"https:\/\/www.laffineur.com\/pt-pt\/lei-de-responsabilidade\/","title":{"rendered":"Lei de responsabilidade"},"content":{"rendered":"<p>[vc_row css_animation=&#8221;fadeIn&#8221; rt_row_background_width=&#8221;fullwidth&#8221; rt_row_content_width=&#8221;default&#8221; rt_row_style=&#8221;default-style&#8221; rt_row_height=&#8221;&#8221; rt_column_gaps=&#8221;&#8221; rt_row_shadows=&#8221;&#8221; rt_col_anim=&#8221;true&#8221; rt_row_borders=&#8221;&#8221; rt_bg_effect=&#8221;classic&#8221; rt_bg_image_repeat=&#8221;repeat&#8221; rt_bg_size=&#8221;cover&#8221; rt_bg_position=&#8221;right top&#8221; rt_bg_attachment=&#8221;scroll&#8221; rt_bg_layer=&#8221;&#8221; rt_bg_video_format=&#8221;self-hosted&#8221; rt_class=&#8221;rt-7841791&#8243; rt_paddings=&#8221;,35px,,&#8221; rt_margins=&#8221;26,40,,&#8221; rt_content_margins=&#8221;,,,&#8221; rt_tablet_paddings=&#8221;,,,&#8221; rt_tablet_margins=&#8221;,,,&#8221; rt_tablet_content_margins=&#8221;,,,&#8221; rt_sp_paddings=&#8221;,,,&#8221; rt_sp_margins=&#8221;,,,&#8221; rt_sp_content_margins=&#8221;,,,&#8221;][vc_column width=&#8221;1\/3&#8243; rt_bg_effect=&#8221;classic&#8221; rt_bg_image_repeat=&#8221;repeat&#8221; rt_bg_size=&#8221;auto auto&#8221; rt_bg_position=&#8221;right top&#8221; rt_bg_attachment=&#8221;scroll&#8221; rt_class=&#8221;rt-3151716&#8243; rt_margins=&#8221;,&#8221; rt_paddings=&#8221;,,,&#8221; rt_wrapper_paddings=&#8221;,,,&#8221; rt_tablet_margins=&#8221;,&#8221; rt_tablet_paddings=&#8221;,,,&#8221; rt_tablet_wrapper_paddings=&#8221;,,,&#8221; rt_sp_margins=&#8221;,&#8221; rt_sp_paddings=&#8221;,,,&#8221; rt_sp_wrapper_paddings=&#8221;,,,&#8221; rt_bg_color=&#8221;&#8221; rt_bg_overlay_color=&#8221;&#8221;][vc_single_image image=&#8221;7129&#8243; img_size=&#8221;full&#8221; css_animation=&#8221;none&#8221;][\/vc_column][vc_column width=&#8221;2\/3&#8243; rt_bg_effect=&#8221;classic&#8221; rt_bg_image_repeat=&#8221;repeat&#8221; rt_bg_size=&#8221;auto auto&#8221; rt_bg_position=&#8221;right top&#8221; rt_bg_attachment=&#8221;scroll&#8221; css=&#8221;.vc_custom_1617288754505{border-left-width: 1px !important;border-left-color: #a3a3a3 !important;}&#8221; rt_class=&#8221;rt-9829982&#8243; rt_margins=&#8221;,&#8221; rt_paddings=&#8221;,,,&#8221; rt_wrapper_paddings=&#8221;,,,&#8221; rt_tablet_margins=&#8221;,&#8221; rt_tablet_paddings=&#8221;,,,&#8221; rt_tablet_wrapper_paddings=&#8221;,,,&#8221; rt_sp_margins=&#8221;,&#8221; rt_sp_paddings=&#8221;,,,&#8221; rt_sp_wrapper_paddings=&#8221;,,,&#8221; rt_bg_color=&#8221;&#8221; rt_bg_overlay_color=&#8221;&#8221;]<div class=\"rt-heading-wrapper style-5 rt-2667768\">\n\t\t\t\t\t\t<h1 class=\"rt-heading style-5\" >LEI DE RESPONSABILIDADE<\/h1>\n\t\t\t\t\t<\/div>[vc_column_text]<\/p>\n<h5><b>Responsabilidade dos produtos<\/b><\/h5>\n<p>As regras relativas \u00e0 responsabilidade pelos danos causados pelos produtos defeituosos foram harmonizadas na Uni\u00e3o Europeia atrav\u00e9s da Diretiva 85\/374\/CEE de 25 de julho de 1985 relativa \u00e0 aproxima\u00e7\u00e3o das disposi\u00e7\u00f5es legislativas, regulamentares e administrativas dos Estados-Membros em mat\u00e9ria de responsabilidade decorrente dos produtos defeituosos. Em Fran\u00e7a, esta diretiva foi transposta para a legisla\u00e7\u00e3o nacional pela lei de 19 de maio de 1998, que integra os artigos relativos \u00e0 responsabilidade por danos causados pelos produtos defeituosos no c\u00f3digo civil franc\u00eas. A B\u00e9lgica incorporou a diretiva atrav\u00e9s da lei de 25 de fevereiro de 1991. A principal caracter\u00edstica desta diretiva reside na possibilidade que a v\u00edtima tem de processar, para al\u00e9m do produtor tamb\u00e9m:<\/p>\n<p style=\"padding-left: 40px;\">&#8211; O importador, que \u00e9 solidariamente respons\u00e1vel com o produtor;<br \/>\n&#8211; O fornecedor, quando n\u00e3o for poss\u00edvel identificar o produtor.<\/p>\n<p>Entende-se por \u201cprodutor\u201d o fabricante de um produto acabado, o produtor de uma mat\u00e9ria-prima ou o fabricante de uma parte componente, e qualquer pessoa que se apresente como produtor pela aposi\u00e7\u00e3o sobre o produto do seu nome, marca ou qualquer outro sinal distintivo.<\/p>\n<p>Com base nesta defini\u00e7\u00e3o, o Tribunal Supremo belga decidiu numa senten\u00e7a, de 10 de novembro de 2009, que a respons\u00e1vel pelo acidente causado por uma bicicleta defeituosa era a empresa que tinha afixado o seu nome de forma vis\u00edvel na forquilha da bicicleta; embora a forquilha tivesse sido fabricada por outra empresa. O nosso escrit\u00f3rio oferece tr\u00eas n\u00edveis de interven\u00e7\u00e3o no setor da responsabilidade do produto:<\/p>\n<p style=\"padding-left: 40px;\">&#8211; A n\u00edvel contratual, verificamos que os contratos de distribui\u00e7\u00e3o estejam em conformidade com a diretiva 85\/374;<br \/>\n&#8211; Oferecemos assessoramento jur\u00eddico sobre acidentes para determinar em quais casos e em que medida os nossos clientes seriam respons\u00e1veis nos termos da referida diretiva;<br \/>\n&#8211; Contencioso<\/p>\n<p>[\/vc_column_text][vc_row_inner rt_row_background_width=&#8221;fullwidth&#8221; rt_row_content_width=&#8221;default&#8221; rt_row_style=&#8221;global-style&#8221; rt_row_height=&#8221;&#8221; rt_column_gaps=&#8221;&#8221; rt_row_borders=&#8221;&#8221; rt_bg_effect=&#8221;classic&#8221; rt_bg_image_repeat=&#8221;repeat&#8221; rt_bg_size=&#8221;cover&#8221; rt_bg_position=&#8221;right top&#8221; rt_bg_attachment=&#8221;scroll&#8221; rt_bg_layer=&#8221;&#8221; rt_bg_video_format=&#8221;self-hosted&#8221; rt_class=&#8221;rt-1310422&#8243; rt_paddings=&#8221;0,0,,&#8221; rt_margins=&#8221;,,,&#8221; rt_content_margins=&#8221;,,,&#8221; rt_tablet_paddings=&#8221;,,,&#8221; rt_tablet_margins=&#8221;,,,&#8221; rt_tablet_content_margins=&#8221;,,,&#8221; rt_sp_paddings=&#8221;,,,&#8221; rt_sp_margins=&#8221;,,,&#8221; rt_sp_content_margins=&#8221;,,,&#8221;][vc_column_inner rt_bg_effect=&#8221;classic&#8221; rt_bg_image_repeat=&#8221;repeat&#8221; rt_bg_size=&#8221;auto auto&#8221; rt_bg_position=&#8221;right top&#8221; rt_bg_attachment=&#8221;scroll&#8221;]<div class=\"button_wrapper  alignleft arrow\"><a href=\"\" target=\"_self\" title=\"Exemplo de projeto de direito da responsabilidade\" class=\"button_ rt-7886674 style-1 small rt-8382015\"><span><span>Exemplo de projeto de direito da responsabilidade<\/span><\/span><\/a><\/div>[\/vc_column_inner][\/vc_row_inner][vc_column_text]<\/p>\n<h5><b>Responsabilidade m\u00e9dica<\/b><\/h5>\n<p>As regras da responsabilidade m\u00e9dica na B\u00e9lgica e em Fran\u00e7a seguem as regras convencionais do direito da responsabilidade previstas no C\u00f3digo Civil. No entanto, se um acidente \u00e9 causado pela utiliza\u00e7\u00e3o de um produto (seringa, equipamento m\u00e9dico, etc.), s\u00e3o aplic\u00e1veis as regras supramencionadas relativas \u00e0 responsabilidade dos produtos defeituosos.<br \/>\nO nosso escrit\u00f3rio ocupa-se da responsabilidade m\u00e9dica tanto a n\u00edvel de aconselhamento como de contencios.<\/p>\n<p>Neste \u00faltimo caso, preparamos e apresentamos em nome dos nossos clientes os pareceres necess\u00e1rios para serem apresentados junto dos organismos oficiais belga e franc\u00eas, com compet\u00eancia para compensar as v\u00edtimas de acidente m\u00e9dico -na B\u00e9lgica os \u00ab fonds des accidents m\u00e9dicaux \u00bb; em Fran\u00e7a, as \u00ab Commissions R\u00e9gionales de conciliation et d\u2019indemnisation (CRCI)\u201d ou \u201cL\u2019Office National d\u2019Indemnisation des Accidents M\u00e9dicaux (ONIAM)\u201d.[\/vc_column_text][\/vc_column][\/vc_row]<\/p>\n","protected":false},"excerpt":{"rendered":"<p>[vc_row css_animation=&#8221;fadeIn&#8221; rt_row_background_width=&#8221;fullwidth&#8221; rt_row_content_width=&#8221;default&#8221; rt_row_style=&#8221;default-style&#8221; rt_row_height=&#8221;&#8221; rt_column_gaps=&#8221;&#8221; rt_row_shadows=&#8221;&#8221; rt_col_anim=&#8221;true&#8221; rt_row_borders=&#8221;&#8221; rt_bg_effect=&#8221;classic&#8221; rt_bg_image_repeat=&#8221;repeat&#8221; rt_bg_size=&#8221;cover&#8221; rt_bg_position=&#8221;right top&#8221; rt_bg_attachment=&#8221;scroll&#8221; rt_bg_layer=&#8221;&#8221; rt_bg_video_format=&#8221;self-hosted&#8221; rt_class=&#8221;rt-7841791&#8243; rt_paddings=&#8221;,35px,,&#8221; rt_margins=&#8221;26,40,,&#8221; rt_content_margins=&#8221;,,,&#8221; rt_tablet_paddings=&#8221;,,,&#8221; rt_tablet_margins=&#8221;,,,&#8221; rt_tablet_content_margins=&#8221;,,,&#8221; rt_sp_paddings=&#8221;,,,&#8221; rt_sp_margins=&#8221;,,,&#8221; rt_sp_content_margins=&#8221;,,,&#8221;][vc_column width=&#8221;1\/3&#8243; rt_bg_effect=&#8221;classic&#8221; rt_bg_image_repeat=&#8221;repeat&#8221; rt_bg_size=&#8221;auto auto&#8221; rt_bg_position=&#8221;right top&#8221; rt_bg_attachment=&#8221;scroll&#8221; rt_class=&#8221;rt-3151716&#8243; rt_margins=&#8221;,&#8221; rt_paddings=&#8221;,,,&#8221; rt_wrapper_paddings=&#8221;,,,&#8221; rt_tablet_margins=&#8221;,&#8221; rt_tablet_paddings=&#8221;,,,&#8221; rt_tablet_wrapper_paddings=&#8221;,,,&#8221; rt_sp_margins=&#8221;,&#8221; rt_sp_paddings=&#8221;,,,&#8221; rt_sp_wrapper_paddings=&#8221;,,,&#8221; rt_bg_color=&#8221;&#8221; rt_bg_overlay_color=&#8221;&#8221;][vc_single_image image=&#8221;7129&#8243; img_size=&#8221;full&#8221; css_animation=&#8221;none&#8221;][\/vc_column][vc_column width=&#8221;2\/3&#8243; rt_bg_effect=&#8221;classic&#8221; rt_bg_image_repeat=&#8221;repeat&#8221; rt_bg_size=&#8221;auto [&hellip;]<\/p>\n","protected":false},"author":1,"featured_media":0,"parent":0,"menu_order":0,"comment_status":"closed","ping_status":"closed","template":"","meta":{"footnotes":""},"class_list":["post-9873","page","type-page","status-publish","hentry"],"yoast_head":"<!-- This site is optimized with the Yoast SEO plugin v27.1.1 - https:\/\/yoast.com\/product\/yoast-seo-wordpress\/ -->\n<title>Lei de responsabilidade - Laffineur - Cabinet d&#039;avocats<\/title>\n<meta name=\"description\" content=\"Aconselhamos empresas com rela\u00e7\u00e3o \u00e0 sua responsabilidade (contratual, il\u00edcito, m\u00e9dico, produtos defeituosos) e indiv\u00edduos que buscam compensa\u00e7\u00e3o em tribunais nacionais e \u00f3rg\u00e3os de compensa\u00e7\u00e3o nacionais\" \/>\n<meta name=\"robots\" content=\"index, follow, max-snippet:-1, max-image-preview:large, max-video-preview:-1\" \/>\n<link rel=\"canonical\" href=\"https:\/\/www.laffineur.com\/pt-pt\/lei-de-responsabilidade\/\" \/>\n<meta property=\"og:locale\" content=\"pt_PT\" \/>\n<meta property=\"og:type\" content=\"article\" \/>\n<meta property=\"og:title\" content=\"Lei de responsabilidade - Laffineur - Cabinet d&#039;avocats\" \/>\n<meta property=\"og:description\" content=\"Aconselhamos empresas com rela\u00e7\u00e3o \u00e0 sua responsabilidade (contratual, il\u00edcito, m\u00e9dico, produtos defeituosos) e indiv\u00edduos que buscam compensa\u00e7\u00e3o em tribunais nacionais e \u00f3rg\u00e3os de compensa\u00e7\u00e3o nacionais\" \/>\n<meta property=\"og:url\" content=\"https:\/\/www.laffineur.com\/pt-pt\/lei-de-responsabilidade\/\" \/>\n<meta property=\"og:site_name\" content=\"Laffineur - Cabinet d&#039;avocats\" \/>\n<meta property=\"article:modified_time\" content=\"2021-06-28T13:27:53+00:00\" \/>\n<meta name=\"twitter:card\" content=\"summary_large_image\" \/>\n<script type=\"application\/ld+json\" class=\"yoast-schema-graph\">{\"@context\":\"https:\/\/schema.org\",\"@graph\":[{\"@type\":\"WebPage\",\"@id\":\"https:\/\/www.laffineur.com\/pt-pt\/lei-de-responsabilidade\/\",\"url\":\"https:\/\/www.laffineur.com\/pt-pt\/lei-de-responsabilidade\/\",\"name\":\"Lei de responsabilidade - Laffineur - Cabinet d&#039;avocats\",\"isPartOf\":{\"@id\":\"https:\/\/www.laffineur.com\/#website\"},\"datePublished\":\"2021-06-27T10:58:57+00:00\",\"dateModified\":\"2021-06-28T13:27:53+00:00\",\"description\":\"Aconselhamos empresas com rela\u00e7\u00e3o \u00e0 sua responsabilidade (contratual, il\u00edcito, m\u00e9dico, produtos defeituosos) e indiv\u00edduos que buscam compensa\u00e7\u00e3o em tribunais nacionais e \u00f3rg\u00e3os de compensa\u00e7\u00e3o nacionais\",\"inLanguage\":\"pt-PT\",\"potentialAction\":[{\"@type\":\"ReadAction\",\"target\":[\"https:\/\/www.laffineur.com\/pt-pt\/lei-de-responsabilidade\/\"]}]},{\"@type\":\"WebSite\",\"@id\":\"https:\/\/www.laffineur.com\/#website\",\"url\":\"https:\/\/www.laffineur.com\/\",\"name\":\"Laffineur - Cabinet d'avocats\",\"description\":\"Laffineur - Cabinet d&#039;avocats\",\"publisher\":{\"@id\":\"https:\/\/www.laffineur.com\/#organization\"},\"potentialAction\":[{\"@type\":\"SearchAction\",\"target\":{\"@type\":\"EntryPoint\",\"urlTemplate\":\"https:\/\/www.laffineur.com\/?s={search_term_string}\"},\"query-input\":{\"@type\":\"PropertyValueSpecification\",\"valueRequired\":true,\"valueName\":\"search_term_string\"}}],\"inLanguage\":\"pt-PT\"},{\"@type\":\"Organization\",\"@id\":\"https:\/\/www.laffineur.com\/#organization\",\"name\":\"Cabinet Laffineur\",\"url\":\"https:\/\/www.laffineur.com\/\",\"logo\":{\"@type\":\"ImageObject\",\"inLanguage\":\"pt-PT\",\"@id\":\"https:\/\/www.laffineur.com\/#\/schema\/logo\/image\/\",\"url\":\"https:\/\/www.laffineur.com\/wp-content\/uploads\/2021\/03\/Logo-Laffineur-v326x154.png\",\"contentUrl\":\"https:\/\/www.laffineur.com\/wp-content\/uploads\/2021\/03\/Logo-Laffineur-v326x154.png\",\"width\":326,\"height\":154,\"caption\":\"Cabinet Laffineur\"},\"image\":{\"@id\":\"https:\/\/www.laffineur.com\/#\/schema\/logo\/image\/\"},\"sameAs\":[\"https:\/\/www.linkedin.com\/in\/jean-luc-laffineur-4a6365\/?originalSubdomain=be\"]}]}<\/script>\n<!-- \/ Yoast SEO plugin. -->","yoast_head_json":{"title":"Lei de responsabilidade - Laffineur - Cabinet d&#039;avocats","description":"Aconselhamos empresas com rela\u00e7\u00e3o \u00e0 sua responsabilidade (contratual, il\u00edcito, m\u00e9dico, produtos defeituosos) e indiv\u00edduos que buscam compensa\u00e7\u00e3o em tribunais nacionais e \u00f3rg\u00e3os de compensa\u00e7\u00e3o nacionais","robots":{"index":"index","follow":"follow","max-snippet":"max-snippet:-1","max-image-preview":"max-image-preview:large","max-video-preview":"max-video-preview:-1"},"canonical":"https:\/\/www.laffineur.com\/pt-pt\/lei-de-responsabilidade\/","og_locale":"pt_PT","og_type":"article","og_title":"Lei de responsabilidade - Laffineur - Cabinet d&#039;avocats","og_description":"Aconselhamos empresas com rela\u00e7\u00e3o \u00e0 sua responsabilidade (contratual, il\u00edcito, m\u00e9dico, produtos defeituosos) e indiv\u00edduos que buscam compensa\u00e7\u00e3o em tribunais nacionais e \u00f3rg\u00e3os de compensa\u00e7\u00e3o nacionais","og_url":"https:\/\/www.laffineur.com\/pt-pt\/lei-de-responsabilidade\/","og_site_name":"Laffineur - Cabinet d&#039;avocats","article_modified_time":"2021-06-28T13:27:53+00:00","twitter_card":"summary_large_image","schema":{"@context":"https:\/\/schema.org","@graph":[{"@type":"WebPage","@id":"https:\/\/www.laffineur.com\/pt-pt\/lei-de-responsabilidade\/","url":"https:\/\/www.laffineur.com\/pt-pt\/lei-de-responsabilidade\/","name":"Lei de responsabilidade - Laffineur - Cabinet d&#039;avocats","isPartOf":{"@id":"https:\/\/www.laffineur.com\/#website"},"datePublished":"2021-06-27T10:58:57+00:00","dateModified":"2021-06-28T13:27:53+00:00","description":"Aconselhamos empresas com rela\u00e7\u00e3o \u00e0 sua responsabilidade (contratual, il\u00edcito, m\u00e9dico, produtos defeituosos) e indiv\u00edduos que buscam compensa\u00e7\u00e3o em tribunais nacionais e \u00f3rg\u00e3os de compensa\u00e7\u00e3o nacionais","inLanguage":"pt-PT","potentialAction":[{"@type":"ReadAction","target":["https:\/\/www.laffineur.com\/pt-pt\/lei-de-responsabilidade\/"]}]},{"@type":"WebSite","@id":"https:\/\/www.laffineur.com\/#website","url":"https:\/\/www.laffineur.com\/","name":"Laffineur - Cabinet d'avocats","description":"Laffineur - Cabinet d&#039;avocats","publisher":{"@id":"https:\/\/www.laffineur.com\/#organization"},"potentialAction":[{"@type":"SearchAction","target":{"@type":"EntryPoint","urlTemplate":"https:\/\/www.laffineur.com\/?s={search_term_string}"},"query-input":{"@type":"PropertyValueSpecification","valueRequired":true,"valueName":"search_term_string"}}],"inLanguage":"pt-PT"},{"@type":"Organization","@id":"https:\/\/www.laffineur.com\/#organization","name":"Cabinet Laffineur","url":"https:\/\/www.laffineur.com\/","logo":{"@type":"ImageObject","inLanguage":"pt-PT","@id":"https:\/\/www.laffineur.com\/#\/schema\/logo\/image\/","url":"https:\/\/www.laffineur.com\/wp-content\/uploads\/2021\/03\/Logo-Laffineur-v326x154.png","contentUrl":"https:\/\/www.laffineur.com\/wp-content\/uploads\/2021\/03\/Logo-Laffineur-v326x154.png","width":326,"height":154,"caption":"Cabinet Laffineur"},"image":{"@id":"https:\/\/www.laffineur.com\/#\/schema\/logo\/image\/"},"sameAs":["https:\/\/www.linkedin.com\/in\/jean-luc-laffineur-4a6365\/?originalSubdomain=be"]}]}},"_links":{"self":[{"href":"https:\/\/www.laffineur.com\/pt-pt\/wp-json\/wp\/v2\/pages\/9873","targetHints":{"allow":["GET"]}}],"collection":[{"href":"https:\/\/www.laffineur.com\/pt-pt\/wp-json\/wp\/v2\/pages"}],"about":[{"href":"https:\/\/www.laffineur.com\/pt-pt\/wp-json\/wp\/v2\/types\/page"}],"author":[{"embeddable":true,"href":"https:\/\/www.laffineur.com\/pt-pt\/wp-json\/wp\/v2\/users\/1"}],"replies":[{"embeddable":true,"href":"https:\/\/www.laffineur.com\/pt-pt\/wp-json\/wp\/v2\/comments?post=9873"}],"version-history":[{"count":4,"href":"https:\/\/www.laffineur.com\/pt-pt\/wp-json\/wp\/v2\/pages\/9873\/revisions"}],"predecessor-version":[{"id":10181,"href":"https:\/\/www.laffineur.com\/pt-pt\/wp-json\/wp\/v2\/pages\/9873\/revisions\/10181"}],"wp:attachment":[{"href":"https:\/\/www.laffineur.com\/pt-pt\/wp-json\/wp\/v2\/media?parent=9873"}],"curies":[{"name":"wp","href":"https:\/\/api.w.org\/{rel}","templated":true}]}}