{"id":9509,"date":"2021-06-22T21:11:54","date_gmt":"2021-06-22T19:11:54","guid":{"rendered":"https:\/\/www.laffineur.com\/sector-alimentar\/"},"modified":"2021-06-22T21:15:37","modified_gmt":"2021-06-22T19:15:37","slug":"sector-alimentar","status":"publish","type":"page","link":"https:\/\/www.laffineur.com\/pt-pt\/sector-alimentar\/","title":{"rendered":"Sector alimentar"},"content":{"rendered":"<p>[vc_row rt_row_background_width=&#8221;fullwidth&#8221; rt_row_content_width=&#8221;default&#8221; rt_row_style=&#8221;default-style&#8221; rt_row_height=&#8221;&#8221; rt_column_gaps=&#8221;&#8221; rt_row_shadows=&#8221;&#8221; rt_col_anim=&#8221;true&#8221; rt_row_borders=&#8221;&#8221; rt_bg_effect=&#8221;classic&#8221; rt_bg_image_repeat=&#8221;repeat&#8221; rt_bg_size=&#8221;cover&#8221; rt_bg_position=&#8221;right top&#8221; rt_bg_attachment=&#8221;scroll&#8221; rt_bg_layer=&#8221;&#8221; rt_bg_video_format=&#8221;self-hosted&#8221; rt_class=&#8221;rt-5680090&#8243; rt_paddings=&#8221;,,,&#8221; rt_margins=&#8221;,60,,&#8221; rt_content_margins=&#8221;,,,&#8221; rt_tablet_paddings=&#8221;,,,&#8221; rt_tablet_margins=&#8221;,,,&#8221; rt_tablet_content_margins=&#8221;,,,&#8221; rt_sp_paddings=&#8221;,,,&#8221; rt_sp_margins=&#8221;,,,&#8221; rt_sp_content_margins=&#8221;,,,&#8221; class=&#8221;text-justify&#8221;][vc_column width=&#8221;1\/2&#8243; rt_bg_effect=&#8221;classic&#8221; rt_bg_image_repeat=&#8221;repeat&#8221; rt_bg_size=&#8221;auto auto&#8221; rt_bg_position=&#8221;right top&#8221; rt_bg_attachment=&#8221;scroll&#8221;]<div class=\"rt-heading-wrapper style-5 rt-8986458\">\n\t\t\t\t\t\t<h1 class=\"rt-heading style-5\" >Sector alimentar<\/h1>\n\t\t\t\t\t<\/div>[vc_column_text]<span style=\"font-weight: 400;\">A legisla\u00e7\u00e3o alimentar na Uni\u00e3o Europeia \u00e9 dispersa e complexa. Muitas vezes \u00e9 dif\u00edcil determinar as normas aplic\u00e1veis a um produto alimentar espec\u00edfico. Da mesma forma, por vezes \u00e9 necess\u00e1rio definir previamente o produto em quest\u00e3o para saber se \u00e9 considerado pelas autoridades como um produto alimentar, farmac\u00eautico ou cosm\u00e9tico. A nossa fun\u00e7\u00e3o consiste em orientar os clientes do escrit\u00f3rio, quer na defini\u00e7\u00e3o do produto que pretendem comercializar, quer durante o processo de introdu\u00e7\u00e3o do mesmo no mercado.<\/span>[\/vc_column_text][\/vc_column][vc_column width=&#8221;1\/2&#8243; rt_bg_effect=&#8221;classic&#8221; rt_bg_image_repeat=&#8221;repeat&#8221; rt_bg_size=&#8221;auto auto&#8221; rt_bg_position=&#8221;right top&#8221; rt_bg_attachment=&#8221;scroll&#8221; rt_class=&#8221;rt-7794859&#8243; rt_margins=&#8221;,&#8221; rt_paddings=&#8221;,,,&#8221; rt_wrapper_paddings=&#8221;,,,&#8221; rt_tablet_margins=&#8221;,&#8221; rt_tablet_paddings=&#8221;,,,&#8221; rt_tablet_wrapper_paddings=&#8221;,,,&#8221; rt_sp_margins=&#8221;,&#8221; rt_sp_paddings=&#8221;26,,,&#8221; rt_sp_wrapper_paddings=&#8221;,,,&#8221; rt_bg_color=&#8221;&#8221; rt_bg_overlay_color=&#8221;&#8221;][vc_single_image image=&#8221;6431&#8243; img_size=&#8221;full&#8221; alignment=&#8221;center&#8221;][\/vc_column][\/vc_row]<\/p>\n","protected":false},"excerpt":{"rendered":"<p>[vc_row rt_row_background_width=&#8221;fullwidth&#8221; rt_row_content_width=&#8221;default&#8221; rt_row_style=&#8221;default-style&#8221; rt_row_height=&#8221;&#8221; rt_column_gaps=&#8221;&#8221; rt_row_shadows=&#8221;&#8221; rt_col_anim=&#8221;true&#8221; rt_row_borders=&#8221;&#8221; rt_bg_effect=&#8221;classic&#8221; rt_bg_image_repeat=&#8221;repeat&#8221; rt_bg_size=&#8221;cover&#8221; rt_bg_position=&#8221;right top&#8221; rt_bg_attachment=&#8221;scroll&#8221; rt_bg_layer=&#8221;&#8221; rt_bg_video_format=&#8221;self-hosted&#8221; rt_class=&#8221;rt-5680090&#8243; rt_paddings=&#8221;,,,&#8221; rt_margins=&#8221;,60,,&#8221; rt_content_margins=&#8221;,,,&#8221; rt_tablet_paddings=&#8221;,,,&#8221; rt_tablet_margins=&#8221;,,,&#8221; rt_tablet_content_margins=&#8221;,,,&#8221; rt_sp_paddings=&#8221;,,,&#8221; rt_sp_margins=&#8221;,,,&#8221; rt_sp_content_margins=&#8221;,,,&#8221; class=&#8221;text-justify&#8221;][vc_column width=&#8221;1\/2&#8243; rt_bg_effect=&#8221;classic&#8221; rt_bg_image_repeat=&#8221;repeat&#8221; rt_bg_size=&#8221;auto auto&#8221; rt_bg_position=&#8221;right top&#8221; rt_bg_attachment=&#8221;scroll&#8221;][vc_column_text]A legisla\u00e7\u00e3o alimentar na Uni\u00e3o Europeia \u00e9 dispersa e complexa. Muitas vezes \u00e9 dif\u00edcil determinar as normas aplic\u00e1veis a um [&hellip;]<\/p>\n","protected":false},"author":1,"featured_media":0,"parent":0,"menu_order":0,"comment_status":"closed","ping_status":"closed","template":"","meta":{"footnotes":""},"class_list":["post-9509","page","type-page","status-publish","hentry"],"yoast_head":"<!-- This site is optimized with the Yoast SEO plugin v27.1.1 - https:\/\/yoast.com\/product\/yoast-seo-wordpress\/ -->\n<title>Sector alimentar - Laffineur - Cabinet d&#039;avocats<\/title>\n<meta name=\"robots\" content=\"index, follow, max-snippet:-1, max-image-preview:large, max-video-preview:-1\" \/>\n<link rel=\"canonical\" href=\"https:\/\/www.laffineur.com\/pt-pt\/sector-alimentar\/\" \/>\n<meta property=\"og:locale\" content=\"pt_PT\" \/>\n<meta property=\"og:type\" content=\"article\" \/>\n<meta property=\"og:title\" content=\"Sector alimentar - Laffineur - Cabinet d&#039;avocats\" \/>\n<meta property=\"og:description\" content=\"[vc_row rt_row_background_width=&#8221;fullwidth&#8221; rt_row_content_width=&#8221;default&#8221; rt_row_style=&#8221;default-style&#8221; rt_row_height=&#8221;&#8221; rt_column_gaps=&#8221;&#8221; rt_row_shadows=&#8221;&#8221; rt_col_anim=&#8221;true&#8221; rt_row_borders=&#8221;&#8221; rt_bg_effect=&#8221;classic&#8221; rt_bg_image_repeat=&#8221;repeat&#8221; rt_bg_size=&#8221;cover&#8221; rt_bg_position=&#8221;right top&#8221; rt_bg_attachment=&#8221;scroll&#8221; rt_bg_layer=&#8221;&#8221; rt_bg_video_format=&#8221;self-hosted&#8221; rt_class=&#8221;rt-5680090&#8243; rt_paddings=&#8221;,,,&#8221; rt_margins=&#8221;,60,,&#8221; rt_content_margins=&#8221;,,,&#8221; rt_tablet_paddings=&#8221;,,,&#8221; rt_tablet_margins=&#8221;,,,&#8221; rt_tablet_content_margins=&#8221;,,,&#8221; rt_sp_paddings=&#8221;,,,&#8221; rt_sp_margins=&#8221;,,,&#8221; rt_sp_content_margins=&#8221;,,,&#8221; class=&#8221;text-justify&#8221;][vc_column width=&#8221;1\/2&#8243; rt_bg_effect=&#8221;classic&#8221; rt_bg_image_repeat=&#8221;repeat&#8221; rt_bg_size=&#8221;auto auto&#8221; rt_bg_position=&#8221;right top&#8221; rt_bg_attachment=&#8221;scroll&#8221;][vc_column_text]A legisla\u00e7\u00e3o alimentar na Uni\u00e3o Europeia \u00e9 dispersa e complexa. Muitas vezes \u00e9 dif\u00edcil determinar as normas aplic\u00e1veis a um [&hellip;]\" \/>\n<meta property=\"og:url\" content=\"https:\/\/www.laffineur.com\/pt-pt\/sector-alimentar\/\" \/>\n<meta property=\"og:site_name\" content=\"Laffineur - Cabinet d&#039;avocats\" \/>\n<meta property=\"article:modified_time\" content=\"2021-06-22T19:15:37+00:00\" \/>\n<meta name=\"twitter:card\" content=\"summary_large_image\" \/>\n<script type=\"application\/ld+json\" class=\"yoast-schema-graph\">{\"@context\":\"https:\/\/schema.org\",\"@graph\":[{\"@type\":\"WebPage\",\"@id\":\"https:\/\/www.laffineur.com\/pt-pt\/sector-alimentar\/\",\"url\":\"https:\/\/www.laffineur.com\/pt-pt\/sector-alimentar\/\",\"name\":\"Sector alimentar - Laffineur - Cabinet d&#039;avocats\",\"isPartOf\":{\"@id\":\"https:\/\/www.laffineur.com\/#website\"},\"datePublished\":\"2021-06-22T19:11:54+00:00\",\"dateModified\":\"2021-06-22T19:15:37+00:00\",\"inLanguage\":\"pt-PT\",\"potentialAction\":[{\"@type\":\"ReadAction\",\"target\":[\"https:\/\/www.laffineur.com\/pt-pt\/sector-alimentar\/\"]}]},{\"@type\":\"WebSite\",\"@id\":\"https:\/\/www.laffineur.com\/#website\",\"url\":\"https:\/\/www.laffineur.com\/\",\"name\":\"Laffineur - Cabinet d'avocats\",\"description\":\"Laffineur - Cabinet d&#039;avocats\",\"publisher\":{\"@id\":\"https:\/\/www.laffineur.com\/#organization\"},\"potentialAction\":[{\"@type\":\"SearchAction\",\"target\":{\"@type\":\"EntryPoint\",\"urlTemplate\":\"https:\/\/www.laffineur.com\/?s={search_term_string}\"},\"query-input\":{\"@type\":\"PropertyValueSpecification\",\"valueRequired\":true,\"valueName\":\"search_term_string\"}}],\"inLanguage\":\"pt-PT\"},{\"@type\":\"Organization\",\"@id\":\"https:\/\/www.laffineur.com\/#organization\",\"name\":\"Cabinet Laffineur\",\"url\":\"https:\/\/www.laffineur.com\/\",\"logo\":{\"@type\":\"ImageObject\",\"inLanguage\":\"pt-PT\",\"@id\":\"https:\/\/www.laffineur.com\/#\/schema\/logo\/image\/\",\"url\":\"https:\/\/www.laffineur.com\/wp-content\/uploads\/2021\/03\/Logo-Laffineur-v326x154.png\",\"contentUrl\":\"https:\/\/www.laffineur.com\/wp-content\/uploads\/2021\/03\/Logo-Laffineur-v326x154.png\",\"width\":326,\"height\":154,\"caption\":\"Cabinet Laffineur\"},\"image\":{\"@id\":\"https:\/\/www.laffineur.com\/#\/schema\/logo\/image\/\"},\"sameAs\":[\"https:\/\/www.linkedin.com\/in\/jean-luc-laffineur-4a6365\/?originalSubdomain=be\"]}]}<\/script>\n<!-- \/ Yoast SEO plugin. -->","yoast_head_json":{"title":"Sector alimentar - Laffineur - Cabinet d&#039;avocats","robots":{"index":"index","follow":"follow","max-snippet":"max-snippet:-1","max-image-preview":"max-image-preview:large","max-video-preview":"max-video-preview:-1"},"canonical":"https:\/\/www.laffineur.com\/pt-pt\/sector-alimentar\/","og_locale":"pt_PT","og_type":"article","og_title":"Sector alimentar - Laffineur - Cabinet d&#039;avocats","og_description":"[vc_row rt_row_background_width=&#8221;fullwidth&#8221; rt_row_content_width=&#8221;default&#8221; rt_row_style=&#8221;default-style&#8221; rt_row_height=&#8221;&#8221; rt_column_gaps=&#8221;&#8221; rt_row_shadows=&#8221;&#8221; rt_col_anim=&#8221;true&#8221; rt_row_borders=&#8221;&#8221; rt_bg_effect=&#8221;classic&#8221; rt_bg_image_repeat=&#8221;repeat&#8221; rt_bg_size=&#8221;cover&#8221; rt_bg_position=&#8221;right top&#8221; rt_bg_attachment=&#8221;scroll&#8221; rt_bg_layer=&#8221;&#8221; rt_bg_video_format=&#8221;self-hosted&#8221; rt_class=&#8221;rt-5680090&#8243; rt_paddings=&#8221;,,,&#8221; rt_margins=&#8221;,60,,&#8221; rt_content_margins=&#8221;,,,&#8221; rt_tablet_paddings=&#8221;,,,&#8221; rt_tablet_margins=&#8221;,,,&#8221; rt_tablet_content_margins=&#8221;,,,&#8221; rt_sp_paddings=&#8221;,,,&#8221; rt_sp_margins=&#8221;,,,&#8221; rt_sp_content_margins=&#8221;,,,&#8221; class=&#8221;text-justify&#8221;][vc_column width=&#8221;1\/2&#8243; rt_bg_effect=&#8221;classic&#8221; rt_bg_image_repeat=&#8221;repeat&#8221; rt_bg_size=&#8221;auto auto&#8221; rt_bg_position=&#8221;right top&#8221; rt_bg_attachment=&#8221;scroll&#8221;][vc_column_text]A legisla\u00e7\u00e3o alimentar na Uni\u00e3o Europeia \u00e9 dispersa e complexa. Muitas vezes \u00e9 dif\u00edcil determinar as normas aplic\u00e1veis a um [&hellip;]","og_url":"https:\/\/www.laffineur.com\/pt-pt\/sector-alimentar\/","og_site_name":"Laffineur - Cabinet d&#039;avocats","article_modified_time":"2021-06-22T19:15:37+00:00","twitter_card":"summary_large_image","schema":{"@context":"https:\/\/schema.org","@graph":[{"@type":"WebPage","@id":"https:\/\/www.laffineur.com\/pt-pt\/sector-alimentar\/","url":"https:\/\/www.laffineur.com\/pt-pt\/sector-alimentar\/","name":"Sector alimentar - Laffineur - Cabinet d&#039;avocats","isPartOf":{"@id":"https:\/\/www.laffineur.com\/#website"},"datePublished":"2021-06-22T19:11:54+00:00","dateModified":"2021-06-22T19:15:37+00:00","inLanguage":"pt-PT","potentialAction":[{"@type":"ReadAction","target":["https:\/\/www.laffineur.com\/pt-pt\/sector-alimentar\/"]}]},{"@type":"WebSite","@id":"https:\/\/www.laffineur.com\/#website","url":"https:\/\/www.laffineur.com\/","name":"Laffineur - Cabinet d'avocats","description":"Laffineur - Cabinet d&#039;avocats","publisher":{"@id":"https:\/\/www.laffineur.com\/#organization"},"potentialAction":[{"@type":"SearchAction","target":{"@type":"EntryPoint","urlTemplate":"https:\/\/www.laffineur.com\/?s={search_term_string}"},"query-input":{"@type":"PropertyValueSpecification","valueRequired":true,"valueName":"search_term_string"}}],"inLanguage":"pt-PT"},{"@type":"Organization","@id":"https:\/\/www.laffineur.com\/#organization","name":"Cabinet Laffineur","url":"https:\/\/www.laffineur.com\/","logo":{"@type":"ImageObject","inLanguage":"pt-PT","@id":"https:\/\/www.laffineur.com\/#\/schema\/logo\/image\/","url":"https:\/\/www.laffineur.com\/wp-content\/uploads\/2021\/03\/Logo-Laffineur-v326x154.png","contentUrl":"https:\/\/www.laffineur.com\/wp-content\/uploads\/2021\/03\/Logo-Laffineur-v326x154.png","width":326,"height":154,"caption":"Cabinet Laffineur"},"image":{"@id":"https:\/\/www.laffineur.com\/#\/schema\/logo\/image\/"},"sameAs":["https:\/\/www.linkedin.com\/in\/jean-luc-laffineur-4a6365\/?originalSubdomain=be"]}]}},"_links":{"self":[{"href":"https:\/\/www.laffineur.com\/pt-pt\/wp-json\/wp\/v2\/pages\/9509","targetHints":{"allow":["GET"]}}],"collection":[{"href":"https:\/\/www.laffineur.com\/pt-pt\/wp-json\/wp\/v2\/pages"}],"about":[{"href":"https:\/\/www.laffineur.com\/pt-pt\/wp-json\/wp\/v2\/types\/page"}],"author":[{"embeddable":true,"href":"https:\/\/www.laffineur.com\/pt-pt\/wp-json\/wp\/v2\/users\/1"}],"replies":[{"embeddable":true,"href":"https:\/\/www.laffineur.com\/pt-pt\/wp-json\/wp\/v2\/comments?post=9509"}],"version-history":[{"count":4,"href":"https:\/\/www.laffineur.com\/pt-pt\/wp-json\/wp\/v2\/pages\/9509\/revisions"}],"predecessor-version":[{"id":9531,"href":"https:\/\/www.laffineur.com\/pt-pt\/wp-json\/wp\/v2\/pages\/9509\/revisions\/9531"}],"wp:attachment":[{"href":"https:\/\/www.laffineur.com\/pt-pt\/wp-json\/wp\/v2\/media?parent=9509"}],"curies":[{"name":"wp","href":"https:\/\/api.w.org\/{rel}","templated":true}]}}