{"id":10145,"date":"2021-06-27T23:07:45","date_gmt":"2021-06-27T21:07:45","guid":{"rendered":"https:\/\/www.laffineur.com\/legislacao-farmaceutica\/"},"modified":"2021-06-28T14:56:24","modified_gmt":"2021-06-28T12:56:24","slug":"legislacao-farmaceutica","status":"publish","type":"page","link":"https:\/\/www.laffineur.com\/pt-pt\/o-mercado-interno-da-ue-direito-regulatorio-lobby\/legislacao-farmaceutica\/","title":{"rendered":"Legisla\u00e7\u00e3o farmac\u00eautica"},"content":{"rendered":"<p>[vc_row css_animation=&#8221;fadeIn&#8221; rt_row_background_width=&#8221;fullwidth&#8221; rt_row_content_width=&#8221;default&#8221; rt_row_style=&#8221;default-style&#8221; rt_row_height=&#8221;&#8221; rt_column_gaps=&#8221;&#8221; rt_row_shadows=&#8221;&#8221; rt_col_anim=&#8221;true&#8221; rt_row_borders=&#8221;bottom&#8221; rt_bg_effect=&#8221;classic&#8221; rt_bg_image_repeat=&#8221;repeat&#8221; rt_bg_size=&#8221;cover&#8221; rt_bg_position=&#8221;right top&#8221; rt_bg_attachment=&#8221;scroll&#8221; rt_bg_layer=&#8221;&#8221; rt_bg_video_format=&#8221;self-hosted&#8221; rt_class=&#8221;rt-3652718&#8243; rt_paddings=&#8221;,35px,,&#8221; rt_margins=&#8221;26,,,&#8221; rt_content_margins=&#8221;,,,&#8221; rt_tablet_paddings=&#8221;,,,&#8221; rt_tablet_margins=&#8221;,,,&#8221; rt_tablet_content_margins=&#8221;,,,&#8221; rt_sp_paddings=&#8221;,,,&#8221; rt_sp_margins=&#8221;,,,&#8221; rt_sp_content_margins=&#8221;,,,&#8221;][vc_column width=&#8221;1\/3&#8243; rt_bg_effect=&#8221;classic&#8221; rt_bg_image_repeat=&#8221;repeat&#8221; rt_bg_size=&#8221;auto auto&#8221; rt_bg_position=&#8221;right top&#8221; rt_bg_attachment=&#8221;scroll&#8221; rt_class=&#8221;rt-8209069&#8243; rt_margins=&#8221;,&#8221; rt_paddings=&#8221;,,,&#8221; rt_wrapper_paddings=&#8221;,,,&#8221; rt_tablet_margins=&#8221;,&#8221; rt_tablet_paddings=&#8221;,,,&#8221; rt_tablet_wrapper_paddings=&#8221;,,,&#8221; rt_sp_margins=&#8221;,&#8221; rt_sp_paddings=&#8221;,,,&#8221; rt_sp_wrapper_paddings=&#8221;,,,&#8221; rt_bg_color=&#8221;&#8221; rt_bg_overlay_color=&#8221;&#8221;][vc_single_image image=&#8221;7169&#8243; img_size=&#8221;full&#8221; css_animation=&#8221;none&#8221;][\/vc_column][vc_column width=&#8221;2\/3&#8243; rt_bg_effect=&#8221;classic&#8221; rt_bg_image_repeat=&#8221;repeat&#8221; rt_bg_size=&#8221;auto auto&#8221; rt_bg_position=&#8221;right top&#8221; rt_bg_attachment=&#8221;scroll&#8221; css=&#8221;.vc_custom_1617288754505{border-left-width: 1px !important;border-left-color: #a3a3a3 !important;}&#8221; rt_class=&#8221;rt-9829982&#8243; rt_margins=&#8221;,&#8221; rt_paddings=&#8221;,,,&#8221; rt_wrapper_paddings=&#8221;,,,&#8221; rt_tablet_margins=&#8221;,&#8221; rt_tablet_paddings=&#8221;,,,&#8221; rt_tablet_wrapper_paddings=&#8221;,,,&#8221; rt_sp_margins=&#8221;,&#8221; rt_sp_paddings=&#8221;,,,&#8221; rt_sp_wrapper_paddings=&#8221;,,,&#8221; rt_bg_color=&#8221;&#8221; rt_bg_overlay_color=&#8221;&#8221;]<div class=\"rt-heading-wrapper style-5 rt-2282324\">\n\t\t\t\t\t\t<h1 class=\"rt-heading style-5\" >LEGISLA\u00c7\u00c3O FARMAC\u00caUTICA<\/h1>\n\t\t\t\t\t<\/div>[vc_column_text]<span style=\"font-weight: 400;\">O quadro jur\u00eddico do direito farmac\u00eautico europeu assenta em dois diplomas legais: a Diretiva 2001\/83, que estabelece um c\u00f3digo comunit\u00e1rio relativo aos medicamentos para uso humano e o Regulamento 726\/2004, que estabelece procedimentos comunit\u00e1rios de autoriza\u00e7\u00e3o e de fiscaliza\u00e7\u00e3o de medicamentos para uso humano e veterin\u00e1rio e que institui uma Ag\u00eancia Europeia de Medicamentos (EMA) sediada em Londres. Para al\u00e9m destes dois textos legislativos, h\u00e1 uma ampla gama de normas espec\u00edficas como a legisla\u00e7\u00e3o sobre os ensaios cl\u00ednicos ou textos n\u00e3o vinculativos como a \u201cComunica\u00e7\u00e3o da Comiss\u00e3o relativa \u00e0s importa\u00e7\u00f5es paralelas de medicamentos cuja coloca\u00e7\u00e3o no mercado foi\u00a0 autorizada\u201d.\u00a0\u00a0<\/span><\/p>\n<p><span style=\"font-weight: 400;\">\u00a0<\/span><\/p>\n<p><span style=\"font-weight: 400;\">O nosso escrit\u00f3rio possui uma ampla experi\u00eancia em prestar<\/span> <span style=\"font-weight: 400;\">aconselhamento a <a href=\"https:\/\/www.laffineur.com\/pt-pt\/exemplo-de-projeto-farmaceutico\/\">empresas fabricantes de produtos farmac\u00eauticos.<\/a><\/span><\/p>\n<p><span style=\"font-weight: 400;\">Fomos ainda ampliando a nossa experiencia nas seguintes \u00e1reas:<\/span><\/p>\n<p style=\"padding-left: 40px;\">\t \n\t\t<div  class=\"bullet-list style-1  check\">\n\t\t<ul>\n<li><a href=\"https:\/\/www.laffineur.com\/pt-pt\/direitos-de-pacientes\/\"><span style=\"font-weight: 400;\">Direito dos doentes<\/span><\/a><\/li>\n<li><a href=\"https:\/\/www.laffineur.com\/pt-pt\/lei-de-responsabilidade\/\"><span style=\"font-weight: 400;\">Responsabilidade m\u00e9dica<\/span><\/a><\/li>\n<\/ul>\n<p style=\"padding-left: 40px;\">\n\n\t\t<\/div>\n\t\n<p>[\/vc_column_text][vc_empty_space]<div class=\"button_wrapper  alignright arrow\"><a href=\"https:\/\/www.laffineur.com\/pt-pt\/exemplo-de-projeto-farmaceutico\/\" target=\"_self\" title=\"Exemplo de projeto farmac\u00eautico\" class=\"button_ rt-7886674 style-1 small rt-1588835\"><span><span>Exemplo de projeto farmac\u00eautico<\/span><\/span><\/a><\/div>[\/vc_column][\/vc_row]<\/p>\n","protected":false},"excerpt":{"rendered":"<p>[vc_row css_animation=&#8221;fadeIn&#8221; rt_row_background_width=&#8221;fullwidth&#8221; rt_row_content_width=&#8221;default&#8221; rt_row_style=&#8221;default-style&#8221; rt_row_height=&#8221;&#8221; rt_column_gaps=&#8221;&#8221; rt_row_shadows=&#8221;&#8221; rt_col_anim=&#8221;true&#8221; rt_row_borders=&#8221;bottom&#8221; rt_bg_effect=&#8221;classic&#8221; rt_bg_image_repeat=&#8221;repeat&#8221; rt_bg_size=&#8221;cover&#8221; rt_bg_position=&#8221;right top&#8221; rt_bg_attachment=&#8221;scroll&#8221; rt_bg_layer=&#8221;&#8221; rt_bg_video_format=&#8221;self-hosted&#8221; rt_class=&#8221;rt-3652718&#8243; rt_paddings=&#8221;,35px,,&#8221; rt_margins=&#8221;26,,,&#8221; rt_content_margins=&#8221;,,,&#8221; rt_tablet_paddings=&#8221;,,,&#8221; rt_tablet_margins=&#8221;,,,&#8221; rt_tablet_content_margins=&#8221;,,,&#8221; rt_sp_paddings=&#8221;,,,&#8221; rt_sp_margins=&#8221;,,,&#8221; rt_sp_content_margins=&#8221;,,,&#8221;][vc_column width=&#8221;1\/3&#8243; rt_bg_effect=&#8221;classic&#8221; rt_bg_image_repeat=&#8221;repeat&#8221; rt_bg_size=&#8221;auto auto&#8221; rt_bg_position=&#8221;right top&#8221; rt_bg_attachment=&#8221;scroll&#8221; rt_class=&#8221;rt-8209069&#8243; rt_margins=&#8221;,&#8221; rt_paddings=&#8221;,,,&#8221; rt_wrapper_paddings=&#8221;,,,&#8221; rt_tablet_margins=&#8221;,&#8221; rt_tablet_paddings=&#8221;,,,&#8221; rt_tablet_wrapper_paddings=&#8221;,,,&#8221; rt_sp_margins=&#8221;,&#8221; rt_sp_paddings=&#8221;,,,&#8221; rt_sp_wrapper_paddings=&#8221;,,,&#8221; rt_bg_color=&#8221;&#8221; rt_bg_overlay_color=&#8221;&#8221;][vc_single_image image=&#8221;7169&#8243; img_size=&#8221;full&#8221; css_animation=&#8221;none&#8221;][\/vc_column][vc_column width=&#8221;2\/3&#8243; rt_bg_effect=&#8221;classic&#8221; rt_bg_image_repeat=&#8221;repeat&#8221; rt_bg_size=&#8221;auto [&hellip;]<\/p>\n","protected":false},"author":1,"featured_media":0,"parent":10247,"menu_order":0,"comment_status":"closed","ping_status":"closed","template":"","meta":{"footnotes":""},"class_list":["post-10145","page","type-page","status-publish","hentry"],"yoast_head":"<!-- This site is optimized with the Yoast SEO plugin v27.1.1 - https:\/\/yoast.com\/product\/yoast-seo-wordpress\/ -->\n<title>Legisla\u00e7\u00e3o farmac\u00eautica - Laffineur - Cabinet d&#039;avocats<\/title>\n<meta name=\"description\" content=\"A empresa Laffineur assessora e assessora profissionais da ind\u00fastria farmac\u00eautica em mat\u00e9ria de regulamenta\u00e7\u00e3o (medicamentos, aparelhos) e concess\u00e3o de autoriza\u00e7\u00f5es de comercializa\u00e7\u00e3o (AMM).\" \/>\n<meta name=\"robots\" content=\"index, follow, max-snippet:-1, max-image-preview:large, max-video-preview:-1\" \/>\n<link rel=\"canonical\" href=\"https:\/\/www.laffineur.com\/pt-pt\/o-mercado-interno-da-ue-direito-regulatorio-lobby\/legislacao-farmaceutica\/\" \/>\n<meta property=\"og:locale\" content=\"pt_PT\" \/>\n<meta property=\"og:type\" content=\"article\" \/>\n<meta property=\"og:title\" content=\"Legisla\u00e7\u00e3o farmac\u00eautica - Laffineur - Cabinet d&#039;avocats\" \/>\n<meta property=\"og:description\" content=\"A empresa Laffineur assessora e assessora profissionais da ind\u00fastria farmac\u00eautica em mat\u00e9ria de regulamenta\u00e7\u00e3o (medicamentos, aparelhos) e concess\u00e3o de autoriza\u00e7\u00f5es de comercializa\u00e7\u00e3o (AMM).\" \/>\n<meta property=\"og:url\" content=\"https:\/\/www.laffineur.com\/pt-pt\/o-mercado-interno-da-ue-direito-regulatorio-lobby\/legislacao-farmaceutica\/\" \/>\n<meta property=\"og:site_name\" content=\"Laffineur - Cabinet d&#039;avocats\" \/>\n<meta property=\"article:modified_time\" content=\"2021-06-28T12:56:24+00:00\" \/>\n<meta name=\"twitter:card\" content=\"summary_large_image\" \/>\n<script type=\"application\/ld+json\" class=\"yoast-schema-graph\">{\"@context\":\"https:\/\/schema.org\",\"@graph\":[{\"@type\":\"WebPage\",\"@id\":\"https:\/\/www.laffineur.com\/pt-pt\/o-mercado-interno-da-ue-direito-regulatorio-lobby\/legislacao-farmaceutica\/\",\"url\":\"https:\/\/www.laffineur.com\/pt-pt\/o-mercado-interno-da-ue-direito-regulatorio-lobby\/legislacao-farmaceutica\/\",\"name\":\"Legisla\u00e7\u00e3o farmac\u00eautica - Laffineur - Cabinet d&#039;avocats\",\"isPartOf\":{\"@id\":\"https:\/\/www.laffineur.com\/#website\"},\"datePublished\":\"2021-06-27T21:07:45+00:00\",\"dateModified\":\"2021-06-28T12:56:24+00:00\",\"description\":\"A empresa Laffineur assessora e assessora profissionais da ind\u00fastria farmac\u00eautica em mat\u00e9ria de regulamenta\u00e7\u00e3o (medicamentos, aparelhos) e concess\u00e3o de autoriza\u00e7\u00f5es de comercializa\u00e7\u00e3o (AMM).\",\"breadcrumb\":{\"@id\":\"https:\/\/www.laffineur.com\/pt-pt\/o-mercado-interno-da-ue-direito-regulatorio-lobby\/legislacao-farmaceutica\/#breadcrumb\"},\"inLanguage\":\"pt-PT\",\"potentialAction\":[{\"@type\":\"ReadAction\",\"target\":[\"https:\/\/www.laffineur.com\/pt-pt\/o-mercado-interno-da-ue-direito-regulatorio-lobby\/legislacao-farmaceutica\/\"]}]},{\"@type\":\"BreadcrumbList\",\"@id\":\"https:\/\/www.laffineur.com\/pt-pt\/o-mercado-interno-da-ue-direito-regulatorio-lobby\/legislacao-farmaceutica\/#breadcrumb\",\"itemListElement\":[{\"@type\":\"ListItem\",\"position\":1,\"name\":\"O mercado interno da UE direito regulat\u00f3rio &#038; lobby\",\"item\":\"https:\/\/www.laffineur.com\/pt-pt\/o-mercado-interno-da-ue-direito-regulatorio-lobby\/\"},{\"@type\":\"ListItem\",\"position\":2,\"name\":\"Legisla\u00e7\u00e3o farmac\u00eautica\"}]},{\"@type\":\"WebSite\",\"@id\":\"https:\/\/www.laffineur.com\/#website\",\"url\":\"https:\/\/www.laffineur.com\/\",\"name\":\"Laffineur - Cabinet d'avocats\",\"description\":\"Laffineur - Cabinet d&#039;avocats\",\"publisher\":{\"@id\":\"https:\/\/www.laffineur.com\/#organization\"},\"potentialAction\":[{\"@type\":\"SearchAction\",\"target\":{\"@type\":\"EntryPoint\",\"urlTemplate\":\"https:\/\/www.laffineur.com\/?s={search_term_string}\"},\"query-input\":{\"@type\":\"PropertyValueSpecification\",\"valueRequired\":true,\"valueName\":\"search_term_string\"}}],\"inLanguage\":\"pt-PT\"},{\"@type\":\"Organization\",\"@id\":\"https:\/\/www.laffineur.com\/#organization\",\"name\":\"Cabinet Laffineur\",\"url\":\"https:\/\/www.laffineur.com\/\",\"logo\":{\"@type\":\"ImageObject\",\"inLanguage\":\"pt-PT\",\"@id\":\"https:\/\/www.laffineur.com\/#\/schema\/logo\/image\/\",\"url\":\"https:\/\/www.laffineur.com\/wp-content\/uploads\/2021\/03\/Logo-Laffineur-v326x154.png\",\"contentUrl\":\"https:\/\/www.laffineur.com\/wp-content\/uploads\/2021\/03\/Logo-Laffineur-v326x154.png\",\"width\":326,\"height\":154,\"caption\":\"Cabinet Laffineur\"},\"image\":{\"@id\":\"https:\/\/www.laffineur.com\/#\/schema\/logo\/image\/\"},\"sameAs\":[\"https:\/\/www.linkedin.com\/in\/jean-luc-laffineur-4a6365\/?originalSubdomain=be\"]}]}<\/script>\n<!-- \/ Yoast SEO plugin. -->","yoast_head_json":{"title":"Legisla\u00e7\u00e3o farmac\u00eautica - Laffineur - Cabinet d&#039;avocats","description":"A empresa Laffineur assessora e assessora profissionais da ind\u00fastria farmac\u00eautica em mat\u00e9ria de regulamenta\u00e7\u00e3o (medicamentos, aparelhos) e concess\u00e3o de autoriza\u00e7\u00f5es de comercializa\u00e7\u00e3o (AMM).","robots":{"index":"index","follow":"follow","max-snippet":"max-snippet:-1","max-image-preview":"max-image-preview:large","max-video-preview":"max-video-preview:-1"},"canonical":"https:\/\/www.laffineur.com\/pt-pt\/o-mercado-interno-da-ue-direito-regulatorio-lobby\/legislacao-farmaceutica\/","og_locale":"pt_PT","og_type":"article","og_title":"Legisla\u00e7\u00e3o farmac\u00eautica - Laffineur - Cabinet d&#039;avocats","og_description":"A empresa Laffineur assessora e assessora profissionais da ind\u00fastria farmac\u00eautica em mat\u00e9ria de regulamenta\u00e7\u00e3o (medicamentos, aparelhos) e concess\u00e3o de autoriza\u00e7\u00f5es de comercializa\u00e7\u00e3o (AMM).","og_url":"https:\/\/www.laffineur.com\/pt-pt\/o-mercado-interno-da-ue-direito-regulatorio-lobby\/legislacao-farmaceutica\/","og_site_name":"Laffineur - Cabinet d&#039;avocats","article_modified_time":"2021-06-28T12:56:24+00:00","twitter_card":"summary_large_image","schema":{"@context":"https:\/\/schema.org","@graph":[{"@type":"WebPage","@id":"https:\/\/www.laffineur.com\/pt-pt\/o-mercado-interno-da-ue-direito-regulatorio-lobby\/legislacao-farmaceutica\/","url":"https:\/\/www.laffineur.com\/pt-pt\/o-mercado-interno-da-ue-direito-regulatorio-lobby\/legislacao-farmaceutica\/","name":"Legisla\u00e7\u00e3o farmac\u00eautica - Laffineur - Cabinet d&#039;avocats","isPartOf":{"@id":"https:\/\/www.laffineur.com\/#website"},"datePublished":"2021-06-27T21:07:45+00:00","dateModified":"2021-06-28T12:56:24+00:00","description":"A empresa Laffineur assessora e assessora profissionais da ind\u00fastria farmac\u00eautica em mat\u00e9ria de regulamenta\u00e7\u00e3o (medicamentos, aparelhos) e concess\u00e3o de autoriza\u00e7\u00f5es de comercializa\u00e7\u00e3o (AMM).","breadcrumb":{"@id":"https:\/\/www.laffineur.com\/pt-pt\/o-mercado-interno-da-ue-direito-regulatorio-lobby\/legislacao-farmaceutica\/#breadcrumb"},"inLanguage":"pt-PT","potentialAction":[{"@type":"ReadAction","target":["https:\/\/www.laffineur.com\/pt-pt\/o-mercado-interno-da-ue-direito-regulatorio-lobby\/legislacao-farmaceutica\/"]}]},{"@type":"BreadcrumbList","@id":"https:\/\/www.laffineur.com\/pt-pt\/o-mercado-interno-da-ue-direito-regulatorio-lobby\/legislacao-farmaceutica\/#breadcrumb","itemListElement":[{"@type":"ListItem","position":1,"name":"O mercado interno da UE direito regulat\u00f3rio &#038; lobby","item":"https:\/\/www.laffineur.com\/pt-pt\/o-mercado-interno-da-ue-direito-regulatorio-lobby\/"},{"@type":"ListItem","position":2,"name":"Legisla\u00e7\u00e3o farmac\u00eautica"}]},{"@type":"WebSite","@id":"https:\/\/www.laffineur.com\/#website","url":"https:\/\/www.laffineur.com\/","name":"Laffineur - Cabinet d'avocats","description":"Laffineur - Cabinet d&#039;avocats","publisher":{"@id":"https:\/\/www.laffineur.com\/#organization"},"potentialAction":[{"@type":"SearchAction","target":{"@type":"EntryPoint","urlTemplate":"https:\/\/www.laffineur.com\/?s={search_term_string}"},"query-input":{"@type":"PropertyValueSpecification","valueRequired":true,"valueName":"search_term_string"}}],"inLanguage":"pt-PT"},{"@type":"Organization","@id":"https:\/\/www.laffineur.com\/#organization","name":"Cabinet Laffineur","url":"https:\/\/www.laffineur.com\/","logo":{"@type":"ImageObject","inLanguage":"pt-PT","@id":"https:\/\/www.laffineur.com\/#\/schema\/logo\/image\/","url":"https:\/\/www.laffineur.com\/wp-content\/uploads\/2021\/03\/Logo-Laffineur-v326x154.png","contentUrl":"https:\/\/www.laffineur.com\/wp-content\/uploads\/2021\/03\/Logo-Laffineur-v326x154.png","width":326,"height":154,"caption":"Cabinet Laffineur"},"image":{"@id":"https:\/\/www.laffineur.com\/#\/schema\/logo\/image\/"},"sameAs":["https:\/\/www.linkedin.com\/in\/jean-luc-laffineur-4a6365\/?originalSubdomain=be"]}]}},"_links":{"self":[{"href":"https:\/\/www.laffineur.com\/pt-pt\/wp-json\/wp\/v2\/pages\/10145","targetHints":{"allow":["GET"]}}],"collection":[{"href":"https:\/\/www.laffineur.com\/pt-pt\/wp-json\/wp\/v2\/pages"}],"about":[{"href":"https:\/\/www.laffineur.com\/pt-pt\/wp-json\/wp\/v2\/types\/page"}],"author":[{"embeddable":true,"href":"https:\/\/www.laffineur.com\/pt-pt\/wp-json\/wp\/v2\/users\/1"}],"replies":[{"embeddable":true,"href":"https:\/\/www.laffineur.com\/pt-pt\/wp-json\/wp\/v2\/comments?post=10145"}],"version-history":[{"count":5,"href":"https:\/\/www.laffineur.com\/pt-pt\/wp-json\/wp\/v2\/pages\/10145\/revisions"}],"predecessor-version":[{"id":10161,"href":"https:\/\/www.laffineur.com\/pt-pt\/wp-json\/wp\/v2\/pages\/10145\/revisions\/10161"}],"up":[{"embeddable":true,"href":"https:\/\/www.laffineur.com\/pt-pt\/wp-json\/wp\/v2\/pages\/10247"}],"wp:attachment":[{"href":"https:\/\/www.laffineur.com\/pt-pt\/wp-json\/wp\/v2\/media?parent=10145"}],"curies":[{"name":"wp","href":"https:\/\/api.w.org\/{rel}","templated":true}]}}