{"id":10097,"date":"2021-06-27T20:18:04","date_gmt":"2021-06-27T18:18:04","guid":{"rendered":"https:\/\/www.laffineur.com\/diritto-alimentare\/"},"modified":"2021-06-27T20:24:33","modified_gmt":"2021-06-27T18:24:33","slug":"legislacao-alimentar","status":"publish","type":"page","link":"https:\/\/www.laffineur.com\/pt-pt\/o-mercado-interno-da-ue-direito-regulatorio-lobby\/legislacao-alimentar\/","title":{"rendered":"Legisla\u00e7\u00e3o alimentar"},"content":{"rendered":"<p>[vc_row css_animation=&#8221;fadeIn&#8221; rt_row_background_width=&#8221;fullwidth&#8221; rt_row_content_width=&#8221;default&#8221; rt_row_style=&#8221;default-style&#8221; rt_row_height=&#8221;&#8221; rt_column_gaps=&#8221;&#8221; rt_row_shadows=&#8221;&#8221; rt_col_anim=&#8221;true&#8221; rt_row_borders=&#8221;bottom&#8221; rt_bg_effect=&#8221;classic&#8221; rt_bg_image_repeat=&#8221;repeat&#8221; rt_bg_size=&#8221;cover&#8221; rt_bg_position=&#8221;right top&#8221; rt_bg_attachment=&#8221;scroll&#8221; rt_bg_layer=&#8221;&#8221; rt_bg_video_format=&#8221;self-hosted&#8221; rt_class=&#8221;rt-2146782&#8243; rt_paddings=&#8221;,35px,,&#8221; rt_margins=&#8221;26,,,&#8221; rt_content_margins=&#8221;,,,&#8221; rt_tablet_paddings=&#8221;,,,&#8221; rt_tablet_margins=&#8221;,,,&#8221; rt_tablet_content_margins=&#8221;,,,&#8221; rt_sp_paddings=&#8221;,,,&#8221; rt_sp_margins=&#8221;,,,&#8221; rt_sp_content_margins=&#8221;,,,&#8221;][vc_column width=&#8221;1\/3&#8243; rt_bg_effect=&#8221;classic&#8221; rt_bg_image_repeat=&#8221;repeat&#8221; rt_bg_size=&#8221;auto auto&#8221; rt_bg_position=&#8221;right top&#8221; rt_bg_attachment=&#8221;scroll&#8221; rt_class=&#8221;rt-8209069&#8243; rt_margins=&#8221;,&#8221; rt_paddings=&#8221;,,,&#8221; rt_wrapper_paddings=&#8221;,,,&#8221; rt_tablet_margins=&#8221;,&#8221; rt_tablet_paddings=&#8221;,,,&#8221; rt_tablet_wrapper_paddings=&#8221;,,,&#8221; rt_sp_margins=&#8221;,&#8221; rt_sp_paddings=&#8221;,,,&#8221; rt_sp_wrapper_paddings=&#8221;,,,&#8221; rt_bg_color=&#8221;&#8221; rt_bg_overlay_color=&#8221;&#8221;][vc_single_image image=&#8221;7119&#8243; img_size=&#8221;full&#8221; css_animation=&#8221;none&#8221;][\/vc_column][vc_column width=&#8221;2\/3&#8243; rt_bg_effect=&#8221;classic&#8221; rt_bg_image_repeat=&#8221;repeat&#8221; rt_bg_size=&#8221;auto auto&#8221; rt_bg_position=&#8221;right top&#8221; rt_bg_attachment=&#8221;scroll&#8221; css=&#8221;.vc_custom_1617288754505{border-left-width: 1px !important;border-left-color: #a3a3a3 !important;}&#8221; rt_class=&#8221;rt-9829982&#8243; rt_margins=&#8221;,&#8221; rt_paddings=&#8221;,,,&#8221; rt_wrapper_paddings=&#8221;,,,&#8221; rt_tablet_margins=&#8221;,&#8221; rt_tablet_paddings=&#8221;,,,&#8221; rt_tablet_wrapper_paddings=&#8221;,,,&#8221; rt_sp_margins=&#8221;,&#8221; rt_sp_paddings=&#8221;,,,&#8221; rt_sp_wrapper_paddings=&#8221;,,,&#8221; rt_bg_color=&#8221;&#8221; rt_bg_overlay_color=&#8221;&#8221;]<div class=\"rt-heading-wrapper style-5 rt-5955545\">\n\t\t\t\t\t\t<h1 class=\"rt-heading style-5\" >LEGISLACAO ALIMENTAR<\/h1>\n\t\t\t\t\t<\/div>[vc_column_text]<span style=\"font-weight: 400;\">A legisla\u00e7\u00e3o alimentar da Uni\u00e3o Europeia \u00e9 composta por um conjunto de regras que devem ser cumpridas pelas empresas que investem na UE. A legisla\u00e7\u00e3o alimentar reflete assim o alto n\u00edvel de exig\u00eancia (pela sua complexidade e por conceitos como o da \u201crastreabilidade\u201d) dos consumidores europeus nesta \u00e1rea. Por conseguinte, todas as empresas que pretendem comercializar os seus produtos na UE devem cumprir regras muito estritas como o Regulamento 1169\/2011 relativo \u00e0 presta\u00e7\u00e3o de informa\u00e7\u00e3o aos consumidores; o Regulamento 258\/97 relativo a novos alimentos e ingredientes alimentares; a Diretiva 2002\/46 relativa \u00e0 aproxima\u00e7\u00e3o das legisla\u00e7\u00f5es dos Estados-Membros respeitantes aos suplementos alimentares. Tal como acontece com o direito ambiental, o direito alimentar baseia-se no princ\u00edpio da precau\u00e7\u00e3o; por essa raz\u00e3o as empresas devem ter este princ\u00edpio em conta ao desenvolver o produto, ao coloc\u00e1-lo no mercado ou mesmo ao retir\u00e1-lo. Por \u00faltimo, as regras em mat\u00e9ria de seguran\u00e7a dos alimentos est\u00e3o por vezes na fronteira com a legisla\u00e7\u00e3o ambiental (Ex.: os organismos geneticamente modificados ), a legisla\u00e7\u00e3o agr\u00edcola ou a farmac\u00eautica. Para ver um exemplo de projeto no \u00e2mbito do direito alimentar no qual trabalhou o nosso escrit\u00f3rio: \u00a0 <\/span>[\/vc_column_text][vc_empty_space]<div class=\"button_wrapper  alignright arrow\"><a href=\"https:\/\/www.laffineur.com\/pt-pt\/exemplo-de-projeto-na-area-do-direito-alimentar\/\" target=\"_self\" title=\"Exemplo de projeto no \u00e2mbito do direito alimentar\" class=\"button_ rt-7886674 style-1 small rt-3115959\"><span><span>Exemplo de projeto no \u00e2mbito do direito alimentar<\/span><\/span><\/a><\/div>[\/vc_column][\/vc_row]<\/p>\n","protected":false},"excerpt":{"rendered":"<p>[vc_row css_animation=&#8221;fadeIn&#8221; rt_row_background_width=&#8221;fullwidth&#8221; rt_row_content_width=&#8221;default&#8221; rt_row_style=&#8221;default-style&#8221; rt_row_height=&#8221;&#8221; rt_column_gaps=&#8221;&#8221; rt_row_shadows=&#8221;&#8221; rt_col_anim=&#8221;true&#8221; rt_row_borders=&#8221;bottom&#8221; rt_bg_effect=&#8221;classic&#8221; rt_bg_image_repeat=&#8221;repeat&#8221; rt_bg_size=&#8221;cover&#8221; rt_bg_position=&#8221;right top&#8221; rt_bg_attachment=&#8221;scroll&#8221; rt_bg_layer=&#8221;&#8221; rt_bg_video_format=&#8221;self-hosted&#8221; rt_class=&#8221;rt-2146782&#8243; rt_paddings=&#8221;,35px,,&#8221; rt_margins=&#8221;26,,,&#8221; rt_content_margins=&#8221;,,,&#8221; rt_tablet_paddings=&#8221;,,,&#8221; rt_tablet_margins=&#8221;,,,&#8221; rt_tablet_content_margins=&#8221;,,,&#8221; rt_sp_paddings=&#8221;,,,&#8221; rt_sp_margins=&#8221;,,,&#8221; rt_sp_content_margins=&#8221;,,,&#8221;][vc_column width=&#8221;1\/3&#8243; rt_bg_effect=&#8221;classic&#8221; rt_bg_image_repeat=&#8221;repeat&#8221; rt_bg_size=&#8221;auto auto&#8221; rt_bg_position=&#8221;right top&#8221; rt_bg_attachment=&#8221;scroll&#8221; rt_class=&#8221;rt-8209069&#8243; rt_margins=&#8221;,&#8221; rt_paddings=&#8221;,,,&#8221; rt_wrapper_paddings=&#8221;,,,&#8221; rt_tablet_margins=&#8221;,&#8221; rt_tablet_paddings=&#8221;,,,&#8221; rt_tablet_wrapper_paddings=&#8221;,,,&#8221; rt_sp_margins=&#8221;,&#8221; rt_sp_paddings=&#8221;,,,&#8221; rt_sp_wrapper_paddings=&#8221;,,,&#8221; rt_bg_color=&#8221;&#8221; rt_bg_overlay_color=&#8221;&#8221;][vc_single_image image=&#8221;7119&#8243; img_size=&#8221;full&#8221; css_animation=&#8221;none&#8221;][\/vc_column][vc_column width=&#8221;2\/3&#8243; rt_bg_effect=&#8221;classic&#8221; rt_bg_image_repeat=&#8221;repeat&#8221; rt_bg_size=&#8221;auto [&hellip;]<\/p>\n","protected":false},"author":1,"featured_media":0,"parent":10247,"menu_order":0,"comment_status":"closed","ping_status":"closed","template":"","meta":{"footnotes":""},"class_list":["post-10097","page","type-page","status-publish","hentry"],"yoast_head":"<!-- This site is optimized with the Yoast SEO plugin v27.1.1 - https:\/\/yoast.com\/product\/yoast-seo-wordpress\/ -->\n<title>Legisla\u00e7\u00e3o alimentar - Laffineur - Cabinet d&#039;avocats<\/title>\n<meta name=\"description\" content=\"A empresa Laffineur aconselha empresas que desejam comercializar seus produtos aliment\u00edcios e suplementos na UE (rotulagem, alega\u00e7\u00f5es, requisitos de sa\u00fade) e atua em seu nome junto \u00e0s institui\u00e7\u00f5es da UE.\" \/>\n<meta name=\"robots\" content=\"index, follow, max-snippet:-1, max-image-preview:large, max-video-preview:-1\" \/>\n<link rel=\"canonical\" href=\"https:\/\/www.laffineur.com\/pt-pt\/o-mercado-interno-da-ue-direito-regulatorio-lobby\/legislacao-alimentar\/\" \/>\n<meta property=\"og:locale\" content=\"pt_PT\" \/>\n<meta property=\"og:type\" content=\"article\" \/>\n<meta property=\"og:title\" content=\"Legisla\u00e7\u00e3o alimentar - Laffineur - Cabinet d&#039;avocats\" \/>\n<meta property=\"og:description\" content=\"A empresa Laffineur aconselha empresas que desejam comercializar seus produtos aliment\u00edcios e suplementos na UE (rotulagem, alega\u00e7\u00f5es, requisitos de sa\u00fade) e atua em seu nome junto \u00e0s institui\u00e7\u00f5es da UE.\" \/>\n<meta property=\"og:url\" content=\"https:\/\/www.laffineur.com\/pt-pt\/o-mercado-interno-da-ue-direito-regulatorio-lobby\/legislacao-alimentar\/\" \/>\n<meta property=\"og:site_name\" content=\"Laffineur - Cabinet d&#039;avocats\" \/>\n<meta property=\"article:modified_time\" content=\"2021-06-27T18:24:33+00:00\" \/>\n<meta name=\"twitter:card\" content=\"summary_large_image\" \/>\n<script type=\"application\/ld+json\" class=\"yoast-schema-graph\">{\"@context\":\"https:\/\/schema.org\",\"@graph\":[{\"@type\":\"WebPage\",\"@id\":\"https:\/\/www.laffineur.com\/pt-pt\/o-mercado-interno-da-ue-direito-regulatorio-lobby\/legislacao-alimentar\/\",\"url\":\"https:\/\/www.laffineur.com\/pt-pt\/o-mercado-interno-da-ue-direito-regulatorio-lobby\/legislacao-alimentar\/\",\"name\":\"Legisla\u00e7\u00e3o alimentar - Laffineur - Cabinet d&#039;avocats\",\"isPartOf\":{\"@id\":\"https:\/\/www.laffineur.com\/#website\"},\"datePublished\":\"2021-06-27T18:18:04+00:00\",\"dateModified\":\"2021-06-27T18:24:33+00:00\",\"description\":\"A empresa Laffineur aconselha empresas que desejam comercializar seus produtos aliment\u00edcios e suplementos na UE (rotulagem, alega\u00e7\u00f5es, requisitos de sa\u00fade) e atua em seu nome junto \u00e0s institui\u00e7\u00f5es da UE.\",\"breadcrumb\":{\"@id\":\"https:\/\/www.laffineur.com\/pt-pt\/o-mercado-interno-da-ue-direito-regulatorio-lobby\/legislacao-alimentar\/#breadcrumb\"},\"inLanguage\":\"pt-PT\",\"potentialAction\":[{\"@type\":\"ReadAction\",\"target\":[\"https:\/\/www.laffineur.com\/pt-pt\/o-mercado-interno-da-ue-direito-regulatorio-lobby\/legislacao-alimentar\/\"]}]},{\"@type\":\"BreadcrumbList\",\"@id\":\"https:\/\/www.laffineur.com\/pt-pt\/o-mercado-interno-da-ue-direito-regulatorio-lobby\/legislacao-alimentar\/#breadcrumb\",\"itemListElement\":[{\"@type\":\"ListItem\",\"position\":1,\"name\":\"O mercado interno da UE direito regulat\u00f3rio &#038; lobby\",\"item\":\"https:\/\/www.laffineur.com\/pt-pt\/o-mercado-interno-da-ue-direito-regulatorio-lobby\/\"},{\"@type\":\"ListItem\",\"position\":2,\"name\":\"Legisla\u00e7\u00e3o alimentar\"}]},{\"@type\":\"WebSite\",\"@id\":\"https:\/\/www.laffineur.com\/#website\",\"url\":\"https:\/\/www.laffineur.com\/\",\"name\":\"Laffineur - Cabinet d'avocats\",\"description\":\"Laffineur - Cabinet d&#039;avocats\",\"publisher\":{\"@id\":\"https:\/\/www.laffineur.com\/#organization\"},\"potentialAction\":[{\"@type\":\"SearchAction\",\"target\":{\"@type\":\"EntryPoint\",\"urlTemplate\":\"https:\/\/www.laffineur.com\/?s={search_term_string}\"},\"query-input\":{\"@type\":\"PropertyValueSpecification\",\"valueRequired\":true,\"valueName\":\"search_term_string\"}}],\"inLanguage\":\"pt-PT\"},{\"@type\":\"Organization\",\"@id\":\"https:\/\/www.laffineur.com\/#organization\",\"name\":\"Cabinet Laffineur\",\"url\":\"https:\/\/www.laffineur.com\/\",\"logo\":{\"@type\":\"ImageObject\",\"inLanguage\":\"pt-PT\",\"@id\":\"https:\/\/www.laffineur.com\/#\/schema\/logo\/image\/\",\"url\":\"https:\/\/www.laffineur.com\/wp-content\/uploads\/2021\/03\/Logo-Laffineur-v326x154.png\",\"contentUrl\":\"https:\/\/www.laffineur.com\/wp-content\/uploads\/2021\/03\/Logo-Laffineur-v326x154.png\",\"width\":326,\"height\":154,\"caption\":\"Cabinet Laffineur\"},\"image\":{\"@id\":\"https:\/\/www.laffineur.com\/#\/schema\/logo\/image\/\"},\"sameAs\":[\"https:\/\/www.linkedin.com\/in\/jean-luc-laffineur-4a6365\/?originalSubdomain=be\"]}]}<\/script>\n<!-- \/ Yoast SEO plugin. -->","yoast_head_json":{"title":"Legisla\u00e7\u00e3o alimentar - Laffineur - Cabinet d&#039;avocats","description":"A empresa Laffineur aconselha empresas que desejam comercializar seus produtos aliment\u00edcios e suplementos na UE (rotulagem, alega\u00e7\u00f5es, requisitos de sa\u00fade) e atua em seu nome junto \u00e0s institui\u00e7\u00f5es da UE.","robots":{"index":"index","follow":"follow","max-snippet":"max-snippet:-1","max-image-preview":"max-image-preview:large","max-video-preview":"max-video-preview:-1"},"canonical":"https:\/\/www.laffineur.com\/pt-pt\/o-mercado-interno-da-ue-direito-regulatorio-lobby\/legislacao-alimentar\/","og_locale":"pt_PT","og_type":"article","og_title":"Legisla\u00e7\u00e3o alimentar - Laffineur - Cabinet d&#039;avocats","og_description":"A empresa Laffineur aconselha empresas que desejam comercializar seus produtos aliment\u00edcios e suplementos na UE (rotulagem, alega\u00e7\u00f5es, requisitos de sa\u00fade) e atua em seu nome junto \u00e0s institui\u00e7\u00f5es da UE.","og_url":"https:\/\/www.laffineur.com\/pt-pt\/o-mercado-interno-da-ue-direito-regulatorio-lobby\/legislacao-alimentar\/","og_site_name":"Laffineur - Cabinet d&#039;avocats","article_modified_time":"2021-06-27T18:24:33+00:00","twitter_card":"summary_large_image","schema":{"@context":"https:\/\/schema.org","@graph":[{"@type":"WebPage","@id":"https:\/\/www.laffineur.com\/pt-pt\/o-mercado-interno-da-ue-direito-regulatorio-lobby\/legislacao-alimentar\/","url":"https:\/\/www.laffineur.com\/pt-pt\/o-mercado-interno-da-ue-direito-regulatorio-lobby\/legislacao-alimentar\/","name":"Legisla\u00e7\u00e3o alimentar - Laffineur - Cabinet d&#039;avocats","isPartOf":{"@id":"https:\/\/www.laffineur.com\/#website"},"datePublished":"2021-06-27T18:18:04+00:00","dateModified":"2021-06-27T18:24:33+00:00","description":"A empresa Laffineur aconselha empresas que desejam comercializar seus produtos aliment\u00edcios e suplementos na UE (rotulagem, alega\u00e7\u00f5es, requisitos de sa\u00fade) e atua em seu nome junto \u00e0s institui\u00e7\u00f5es da UE.","breadcrumb":{"@id":"https:\/\/www.laffineur.com\/pt-pt\/o-mercado-interno-da-ue-direito-regulatorio-lobby\/legislacao-alimentar\/#breadcrumb"},"inLanguage":"pt-PT","potentialAction":[{"@type":"ReadAction","target":["https:\/\/www.laffineur.com\/pt-pt\/o-mercado-interno-da-ue-direito-regulatorio-lobby\/legislacao-alimentar\/"]}]},{"@type":"BreadcrumbList","@id":"https:\/\/www.laffineur.com\/pt-pt\/o-mercado-interno-da-ue-direito-regulatorio-lobby\/legislacao-alimentar\/#breadcrumb","itemListElement":[{"@type":"ListItem","position":1,"name":"O mercado interno da UE direito regulat\u00f3rio &#038; lobby","item":"https:\/\/www.laffineur.com\/pt-pt\/o-mercado-interno-da-ue-direito-regulatorio-lobby\/"},{"@type":"ListItem","position":2,"name":"Legisla\u00e7\u00e3o alimentar"}]},{"@type":"WebSite","@id":"https:\/\/www.laffineur.com\/#website","url":"https:\/\/www.laffineur.com\/","name":"Laffineur - Cabinet d'avocats","description":"Laffineur - Cabinet d&#039;avocats","publisher":{"@id":"https:\/\/www.laffineur.com\/#organization"},"potentialAction":[{"@type":"SearchAction","target":{"@type":"EntryPoint","urlTemplate":"https:\/\/www.laffineur.com\/?s={search_term_string}"},"query-input":{"@type":"PropertyValueSpecification","valueRequired":true,"valueName":"search_term_string"}}],"inLanguage":"pt-PT"},{"@type":"Organization","@id":"https:\/\/www.laffineur.com\/#organization","name":"Cabinet Laffineur","url":"https:\/\/www.laffineur.com\/","logo":{"@type":"ImageObject","inLanguage":"pt-PT","@id":"https:\/\/www.laffineur.com\/#\/schema\/logo\/image\/","url":"https:\/\/www.laffineur.com\/wp-content\/uploads\/2021\/03\/Logo-Laffineur-v326x154.png","contentUrl":"https:\/\/www.laffineur.com\/wp-content\/uploads\/2021\/03\/Logo-Laffineur-v326x154.png","width":326,"height":154,"caption":"Cabinet Laffineur"},"image":{"@id":"https:\/\/www.laffineur.com\/#\/schema\/logo\/image\/"},"sameAs":["https:\/\/www.linkedin.com\/in\/jean-luc-laffineur-4a6365\/?originalSubdomain=be"]}]}},"_links":{"self":[{"href":"https:\/\/www.laffineur.com\/pt-pt\/wp-json\/wp\/v2\/pages\/10097","targetHints":{"allow":["GET"]}}],"collection":[{"href":"https:\/\/www.laffineur.com\/pt-pt\/wp-json\/wp\/v2\/pages"}],"about":[{"href":"https:\/\/www.laffineur.com\/pt-pt\/wp-json\/wp\/v2\/types\/page"}],"author":[{"embeddable":true,"href":"https:\/\/www.laffineur.com\/pt-pt\/wp-json\/wp\/v2\/users\/1"}],"replies":[{"embeddable":true,"href":"https:\/\/www.laffineur.com\/pt-pt\/wp-json\/wp\/v2\/comments?post=10097"}],"version-history":[{"count":9,"href":"https:\/\/www.laffineur.com\/pt-pt\/wp-json\/wp\/v2\/pages\/10097\/revisions"}],"predecessor-version":[{"id":10125,"href":"https:\/\/www.laffineur.com\/pt-pt\/wp-json\/wp\/v2\/pages\/10097\/revisions\/10125"}],"up":[{"embeddable":true,"href":"https:\/\/www.laffineur.com\/pt-pt\/wp-json\/wp\/v2\/pages\/10247"}],"wp:attachment":[{"href":"https:\/\/www.laffineur.com\/pt-pt\/wp-json\/wp\/v2\/media?parent=10097"}],"curies":[{"name":"wp","href":"https:\/\/api.w.org\/{rel}","templated":true}]}}