{"id":10071,"date":"2021-06-27T19:44:52","date_gmt":"2021-06-27T17:44:52","guid":{"rendered":"https:\/\/www.laffineur.com\/direito-ambiental\/"},"modified":"2021-06-28T18:42:09","modified_gmt":"2021-06-28T16:42:09","slug":"direito-ambiental","status":"publish","type":"page","link":"https:\/\/www.laffineur.com\/pt-pt\/o-mercado-interno-da-ue-direito-regulatorio-lobby\/direito-ambiental\/","title":{"rendered":"Direito ambiental"},"content":{"rendered":"<p>[vc_row css_animation=&#8221;fadeIn&#8221; rt_row_background_width=&#8221;fullwidth&#8221; rt_row_content_width=&#8221;default&#8221; rt_row_style=&#8221;default-style&#8221; rt_row_height=&#8221;&#8221; rt_column_gaps=&#8221;&#8221; rt_row_shadows=&#8221;&#8221; rt_col_anim=&#8221;true&#8221; rt_row_borders=&#8221;bottom&#8221; rt_bg_effect=&#8221;classic&#8221; rt_bg_image_repeat=&#8221;repeat&#8221; rt_bg_size=&#8221;cover&#8221; rt_bg_position=&#8221;right top&#8221; rt_bg_attachment=&#8221;scroll&#8221; rt_bg_layer=&#8221;&#8221; rt_bg_video_format=&#8221;self-hosted&#8221; rt_class=&#8221;rt-9559025&#8243; rt_paddings=&#8221;,35px,,&#8221; rt_margins=&#8221;26,,,&#8221; rt_content_margins=&#8221;,,,&#8221; rt_tablet_paddings=&#8221;,,,&#8221; rt_tablet_margins=&#8221;,,,&#8221; rt_tablet_content_margins=&#8221;,,,&#8221; rt_sp_paddings=&#8221;,,,&#8221; rt_sp_margins=&#8221;,,,&#8221; rt_sp_content_margins=&#8221;,,,&#8221;][vc_column width=&#8221;1\/3&#8243; rt_bg_effect=&#8221;classic&#8221; rt_bg_image_repeat=&#8221;repeat&#8221; rt_bg_size=&#8221;auto auto&#8221; rt_bg_position=&#8221;right top&#8221; rt_bg_attachment=&#8221;scroll&#8221; rt_class=&#8221;rt-8209069&#8243; rt_margins=&#8221;,&#8221; rt_paddings=&#8221;,,,&#8221; rt_wrapper_paddings=&#8221;,,,&#8221; rt_tablet_margins=&#8221;,&#8221; rt_tablet_paddings=&#8221;,,,&#8221; rt_tablet_wrapper_paddings=&#8221;,,,&#8221; rt_sp_margins=&#8221;,&#8221; rt_sp_paddings=&#8221;,,,&#8221; rt_sp_wrapper_paddings=&#8221;,,,&#8221; rt_bg_color=&#8221;&#8221; rt_bg_overlay_color=&#8221;&#8221;][vc_single_image image=&#8221;7079&#8243; img_size=&#8221;full&#8221; css_animation=&#8221;none&#8221;][\/vc_column][vc_column width=&#8221;2\/3&#8243; rt_bg_effect=&#8221;classic&#8221; rt_bg_image_repeat=&#8221;repeat&#8221; rt_bg_size=&#8221;auto auto&#8221; rt_bg_position=&#8221;right top&#8221; rt_bg_attachment=&#8221;scroll&#8221; css=&#8221;.vc_custom_1617288754505{border-left-width: 1px !important;border-left-color: #a3a3a3 !important;}&#8221; rt_class=&#8221;rt-9829982&#8243; rt_margins=&#8221;,&#8221; rt_paddings=&#8221;,,,&#8221; rt_wrapper_paddings=&#8221;,,,&#8221; rt_tablet_margins=&#8221;,&#8221; rt_tablet_paddings=&#8221;,,,&#8221; rt_tablet_wrapper_paddings=&#8221;,,,&#8221; rt_sp_margins=&#8221;,&#8221; rt_sp_paddings=&#8221;,,,&#8221; rt_sp_wrapper_paddings=&#8221;,,,&#8221; rt_bg_color=&#8221;&#8221; rt_bg_overlay_color=&#8221;&#8221;]<div class=\"rt-heading-wrapper style-5 rt-7947693\">\n\t\t\t\t\t\t<h1 class=\"rt-heading style-5\" >LEI AMBIENTAL<\/h1>\n\t\t\t\t\t<\/div>[vc_column_text]Esta \u00e9 a \u00e1rea do direito onde a influ\u00eancia da Uni\u00e3o Europeia a n\u00edvel internacional \u00e9 mais not\u00f3ria. De facto, o n\u00famero 2 do artigo 191 do Tratado de Roma estabelece que \u201cA pol\u00edtica da Comunidade no dom\u00ednio do ambiente ter\u00e1 por objetivo atingir um n\u00edvel de prote\u00e7\u00e3o elevado, basear-se-\u00e1 nos princ\u00edpios da precau\u00e7\u00e3o e da a\u00e7\u00e3o preventiva, da corre\u00e7\u00e3o, prioritariamente na fonte, dos danos causados ao ambiente e do poluidor-pagador\u201d. Foram v\u00e1rios os ordenamentos jur\u00eddicos estrangeiros que incorporaram a legisla\u00e7\u00e3o ambiental europeia (Ex.: a diretiva sobre res\u00edduos de aparatos el\u00e9tricos e eletr\u00f3nicos (RAEE) que foi adotada pelo Estado da Calif\u00f3rnia; assim como o regulamento REACH que inspirou a legisla\u00e7\u00e3o de pa\u00edses como o Jap\u00e3o, a Coreia ou EUA).<\/p>\n<p><span style=\"font-weight: 400;\">O princ\u00edpio da precau\u00e7\u00e3o no qual se baseia a pol\u00edtica ambiental da UE obriga as empresas a investir bastante em investiga\u00e7\u00e3o e desenvolvimento, assim como na avalia\u00e7\u00e3o dos riscos. Por isso, os debates internos das empresas sobre a conveni\u00eancia de desenvolver um produto, coloc\u00e1-lo no mercado ou mesmo retir\u00e1-lo est\u00e3o sempre influenciados pelo princ\u00edpio da precau\u00e7\u00e3o. O nosso escrit\u00f3rio, consciente dos riscos inerentes a estas decis\u00f5es comerciais, oferece assessoramento jur\u00eddico sobre direito ambiental de forma a ajudar os nossos clientes a tomar as decis\u00f5es adequadas.<\/span><\/p>\n<p>[\/vc_column_text][vc_empty_space]<div class=\"button_wrapper  alignright arrow\"><a href=\"https:\/\/www.laffineur.com\/exemples-de-projets\/droit-reglementaire-du-marche-interieur-de-lue-et-lobbying\/exemple-de-projet-en-matiere-de-droit-de-lenvironnement\/\" target=\"_self\" title=\"Exemplo de um projeto de lei ambiental\" class=\"button_ rt-7886674 style-1 small rt-8021834\"><span><span>Exemplo de um projeto de lei ambiental<\/span><\/span><\/a><\/div>[\/vc_column][\/vc_row]<\/p>\n","protected":false},"excerpt":{"rendered":"<p>[vc_row css_animation=&#8221;fadeIn&#8221; rt_row_background_width=&#8221;fullwidth&#8221; rt_row_content_width=&#8221;default&#8221; rt_row_style=&#8221;default-style&#8221; rt_row_height=&#8221;&#8221; rt_column_gaps=&#8221;&#8221; rt_row_shadows=&#8221;&#8221; rt_col_anim=&#8221;true&#8221; rt_row_borders=&#8221;bottom&#8221; rt_bg_effect=&#8221;classic&#8221; rt_bg_image_repeat=&#8221;repeat&#8221; rt_bg_size=&#8221;cover&#8221; rt_bg_position=&#8221;right top&#8221; rt_bg_attachment=&#8221;scroll&#8221; rt_bg_layer=&#8221;&#8221; rt_bg_video_format=&#8221;self-hosted&#8221; rt_class=&#8221;rt-9559025&#8243; rt_paddings=&#8221;,35px,,&#8221; rt_margins=&#8221;26,,,&#8221; rt_content_margins=&#8221;,,,&#8221; rt_tablet_paddings=&#8221;,,,&#8221; rt_tablet_margins=&#8221;,,,&#8221; rt_tablet_content_margins=&#8221;,,,&#8221; rt_sp_paddings=&#8221;,,,&#8221; rt_sp_margins=&#8221;,,,&#8221; rt_sp_content_margins=&#8221;,,,&#8221;][vc_column width=&#8221;1\/3&#8243; rt_bg_effect=&#8221;classic&#8221; rt_bg_image_repeat=&#8221;repeat&#8221; rt_bg_size=&#8221;auto auto&#8221; rt_bg_position=&#8221;right top&#8221; rt_bg_attachment=&#8221;scroll&#8221; rt_class=&#8221;rt-8209069&#8243; rt_margins=&#8221;,&#8221; rt_paddings=&#8221;,,,&#8221; rt_wrapper_paddings=&#8221;,,,&#8221; rt_tablet_margins=&#8221;,&#8221; rt_tablet_paddings=&#8221;,,,&#8221; rt_tablet_wrapper_paddings=&#8221;,,,&#8221; rt_sp_margins=&#8221;,&#8221; rt_sp_paddings=&#8221;,,,&#8221; rt_sp_wrapper_paddings=&#8221;,,,&#8221; rt_bg_color=&#8221;&#8221; rt_bg_overlay_color=&#8221;&#8221;][vc_single_image image=&#8221;7079&#8243; img_size=&#8221;full&#8221; css_animation=&#8221;none&#8221;][\/vc_column][vc_column width=&#8221;2\/3&#8243; rt_bg_effect=&#8221;classic&#8221; rt_bg_image_repeat=&#8221;repeat&#8221; rt_bg_size=&#8221;auto [&hellip;]<\/p>\n","protected":false},"author":1,"featured_media":0,"parent":10247,"menu_order":0,"comment_status":"closed","ping_status":"closed","template":"","meta":{"footnotes":""},"class_list":["post-10071","page","type-page","status-publish","hentry"],"yoast_head":"<!-- This site is optimized with the Yoast SEO plugin v27.1.1 - https:\/\/yoast.com\/product\/yoast-seo-wordpress\/ -->\n<title>Direito ambiental - Laffineur - Cabinet d&#039;avocats<\/title>\n<meta name=\"description\" content=\"Prestamos assist\u00eancia aos nossos clientes na implementa\u00e7\u00e3o de regulamentos ambientais e europeus (REACH, DEE) e prestamos assist\u00eancia \u00e0s administra\u00e7\u00f5es p\u00fablicas.\" \/>\n<meta name=\"robots\" content=\"index, follow, max-snippet:-1, max-image-preview:large, max-video-preview:-1\" \/>\n<link rel=\"canonical\" href=\"https:\/\/www.laffineur.com\/pt-pt\/o-mercado-interno-da-ue-direito-regulatorio-lobby\/direito-ambiental\/\" \/>\n<meta property=\"og:locale\" content=\"pt_PT\" \/>\n<meta property=\"og:type\" content=\"article\" \/>\n<meta property=\"og:title\" content=\"Direito ambiental - Laffineur - Cabinet d&#039;avocats\" \/>\n<meta property=\"og:description\" content=\"Prestamos assist\u00eancia aos nossos clientes na implementa\u00e7\u00e3o de regulamentos ambientais e europeus (REACH, DEE) e prestamos assist\u00eancia \u00e0s administra\u00e7\u00f5es p\u00fablicas.\" \/>\n<meta property=\"og:url\" content=\"https:\/\/www.laffineur.com\/pt-pt\/o-mercado-interno-da-ue-direito-regulatorio-lobby\/direito-ambiental\/\" \/>\n<meta property=\"og:site_name\" content=\"Laffineur - Cabinet d&#039;avocats\" \/>\n<meta property=\"article:modified_time\" content=\"2021-06-28T16:42:09+00:00\" \/>\n<meta name=\"twitter:card\" content=\"summary_large_image\" \/>\n<script type=\"application\/ld+json\" class=\"yoast-schema-graph\">{\"@context\":\"https:\/\/schema.org\",\"@graph\":[{\"@type\":\"WebPage\",\"@id\":\"https:\/\/www.laffineur.com\/pt-pt\/o-mercado-interno-da-ue-direito-regulatorio-lobby\/direito-ambiental\/\",\"url\":\"https:\/\/www.laffineur.com\/pt-pt\/o-mercado-interno-da-ue-direito-regulatorio-lobby\/direito-ambiental\/\",\"name\":\"Direito ambiental - Laffineur - Cabinet d&#039;avocats\",\"isPartOf\":{\"@id\":\"https:\/\/www.laffineur.com\/#website\"},\"datePublished\":\"2021-06-27T17:44:52+00:00\",\"dateModified\":\"2021-06-28T16:42:09+00:00\",\"description\":\"Prestamos assist\u00eancia aos nossos clientes na implementa\u00e7\u00e3o de regulamentos ambientais e europeus (REACH, DEE) e prestamos assist\u00eancia \u00e0s administra\u00e7\u00f5es p\u00fablicas.\",\"breadcrumb\":{\"@id\":\"https:\/\/www.laffineur.com\/pt-pt\/o-mercado-interno-da-ue-direito-regulatorio-lobby\/direito-ambiental\/#breadcrumb\"},\"inLanguage\":\"pt-PT\",\"potentialAction\":[{\"@type\":\"ReadAction\",\"target\":[\"https:\/\/www.laffineur.com\/pt-pt\/o-mercado-interno-da-ue-direito-regulatorio-lobby\/direito-ambiental\/\"]}]},{\"@type\":\"BreadcrumbList\",\"@id\":\"https:\/\/www.laffineur.com\/pt-pt\/o-mercado-interno-da-ue-direito-regulatorio-lobby\/direito-ambiental\/#breadcrumb\",\"itemListElement\":[{\"@type\":\"ListItem\",\"position\":1,\"name\":\"O mercado interno da UE direito regulat\u00f3rio &#038; lobby\",\"item\":\"https:\/\/www.laffineur.com\/pt-pt\/o-mercado-interno-da-ue-direito-regulatorio-lobby\/\"},{\"@type\":\"ListItem\",\"position\":2,\"name\":\"Direito ambiental\"}]},{\"@type\":\"WebSite\",\"@id\":\"https:\/\/www.laffineur.com\/#website\",\"url\":\"https:\/\/www.laffineur.com\/\",\"name\":\"Laffineur - Cabinet d'avocats\",\"description\":\"Laffineur - Cabinet d&#039;avocats\",\"publisher\":{\"@id\":\"https:\/\/www.laffineur.com\/#organization\"},\"potentialAction\":[{\"@type\":\"SearchAction\",\"target\":{\"@type\":\"EntryPoint\",\"urlTemplate\":\"https:\/\/www.laffineur.com\/?s={search_term_string}\"},\"query-input\":{\"@type\":\"PropertyValueSpecification\",\"valueRequired\":true,\"valueName\":\"search_term_string\"}}],\"inLanguage\":\"pt-PT\"},{\"@type\":\"Organization\",\"@id\":\"https:\/\/www.laffineur.com\/#organization\",\"name\":\"Cabinet Laffineur\",\"url\":\"https:\/\/www.laffineur.com\/\",\"logo\":{\"@type\":\"ImageObject\",\"inLanguage\":\"pt-PT\",\"@id\":\"https:\/\/www.laffineur.com\/#\/schema\/logo\/image\/\",\"url\":\"https:\/\/www.laffineur.com\/wp-content\/uploads\/2021\/03\/Logo-Laffineur-v326x154.png\",\"contentUrl\":\"https:\/\/www.laffineur.com\/wp-content\/uploads\/2021\/03\/Logo-Laffineur-v326x154.png\",\"width\":326,\"height\":154,\"caption\":\"Cabinet Laffineur\"},\"image\":{\"@id\":\"https:\/\/www.laffineur.com\/#\/schema\/logo\/image\/\"},\"sameAs\":[\"https:\/\/www.linkedin.com\/in\/jean-luc-laffineur-4a6365\/?originalSubdomain=be\"]}]}<\/script>\n<!-- \/ Yoast SEO plugin. -->","yoast_head_json":{"title":"Direito ambiental - Laffineur - Cabinet d&#039;avocats","description":"Prestamos assist\u00eancia aos nossos clientes na implementa\u00e7\u00e3o de regulamentos ambientais e europeus (REACH, DEE) e prestamos assist\u00eancia \u00e0s administra\u00e7\u00f5es p\u00fablicas.","robots":{"index":"index","follow":"follow","max-snippet":"max-snippet:-1","max-image-preview":"max-image-preview:large","max-video-preview":"max-video-preview:-1"},"canonical":"https:\/\/www.laffineur.com\/pt-pt\/o-mercado-interno-da-ue-direito-regulatorio-lobby\/direito-ambiental\/","og_locale":"pt_PT","og_type":"article","og_title":"Direito ambiental - Laffineur - Cabinet d&#039;avocats","og_description":"Prestamos assist\u00eancia aos nossos clientes na implementa\u00e7\u00e3o de regulamentos ambientais e europeus (REACH, DEE) e prestamos assist\u00eancia \u00e0s administra\u00e7\u00f5es p\u00fablicas.","og_url":"https:\/\/www.laffineur.com\/pt-pt\/o-mercado-interno-da-ue-direito-regulatorio-lobby\/direito-ambiental\/","og_site_name":"Laffineur - Cabinet d&#039;avocats","article_modified_time":"2021-06-28T16:42:09+00:00","twitter_card":"summary_large_image","schema":{"@context":"https:\/\/schema.org","@graph":[{"@type":"WebPage","@id":"https:\/\/www.laffineur.com\/pt-pt\/o-mercado-interno-da-ue-direito-regulatorio-lobby\/direito-ambiental\/","url":"https:\/\/www.laffineur.com\/pt-pt\/o-mercado-interno-da-ue-direito-regulatorio-lobby\/direito-ambiental\/","name":"Direito ambiental - Laffineur - Cabinet d&#039;avocats","isPartOf":{"@id":"https:\/\/www.laffineur.com\/#website"},"datePublished":"2021-06-27T17:44:52+00:00","dateModified":"2021-06-28T16:42:09+00:00","description":"Prestamos assist\u00eancia aos nossos clientes na implementa\u00e7\u00e3o de regulamentos ambientais e europeus (REACH, DEE) e prestamos assist\u00eancia \u00e0s administra\u00e7\u00f5es p\u00fablicas.","breadcrumb":{"@id":"https:\/\/www.laffineur.com\/pt-pt\/o-mercado-interno-da-ue-direito-regulatorio-lobby\/direito-ambiental\/#breadcrumb"},"inLanguage":"pt-PT","potentialAction":[{"@type":"ReadAction","target":["https:\/\/www.laffineur.com\/pt-pt\/o-mercado-interno-da-ue-direito-regulatorio-lobby\/direito-ambiental\/"]}]},{"@type":"BreadcrumbList","@id":"https:\/\/www.laffineur.com\/pt-pt\/o-mercado-interno-da-ue-direito-regulatorio-lobby\/direito-ambiental\/#breadcrumb","itemListElement":[{"@type":"ListItem","position":1,"name":"O mercado interno da UE direito regulat\u00f3rio &#038; lobby","item":"https:\/\/www.laffineur.com\/pt-pt\/o-mercado-interno-da-ue-direito-regulatorio-lobby\/"},{"@type":"ListItem","position":2,"name":"Direito ambiental"}]},{"@type":"WebSite","@id":"https:\/\/www.laffineur.com\/#website","url":"https:\/\/www.laffineur.com\/","name":"Laffineur - Cabinet d'avocats","description":"Laffineur - Cabinet d&#039;avocats","publisher":{"@id":"https:\/\/www.laffineur.com\/#organization"},"potentialAction":[{"@type":"SearchAction","target":{"@type":"EntryPoint","urlTemplate":"https:\/\/www.laffineur.com\/?s={search_term_string}"},"query-input":{"@type":"PropertyValueSpecification","valueRequired":true,"valueName":"search_term_string"}}],"inLanguage":"pt-PT"},{"@type":"Organization","@id":"https:\/\/www.laffineur.com\/#organization","name":"Cabinet Laffineur","url":"https:\/\/www.laffineur.com\/","logo":{"@type":"ImageObject","inLanguage":"pt-PT","@id":"https:\/\/www.laffineur.com\/#\/schema\/logo\/image\/","url":"https:\/\/www.laffineur.com\/wp-content\/uploads\/2021\/03\/Logo-Laffineur-v326x154.png","contentUrl":"https:\/\/www.laffineur.com\/wp-content\/uploads\/2021\/03\/Logo-Laffineur-v326x154.png","width":326,"height":154,"caption":"Cabinet Laffineur"},"image":{"@id":"https:\/\/www.laffineur.com\/#\/schema\/logo\/image\/"},"sameAs":["https:\/\/www.linkedin.com\/in\/jean-luc-laffineur-4a6365\/?originalSubdomain=be"]}]}},"_links":{"self":[{"href":"https:\/\/www.laffineur.com\/pt-pt\/wp-json\/wp\/v2\/pages\/10071","targetHints":{"allow":["GET"]}}],"collection":[{"href":"https:\/\/www.laffineur.com\/pt-pt\/wp-json\/wp\/v2\/pages"}],"about":[{"href":"https:\/\/www.laffineur.com\/pt-pt\/wp-json\/wp\/v2\/types\/page"}],"author":[{"embeddable":true,"href":"https:\/\/www.laffineur.com\/pt-pt\/wp-json\/wp\/v2\/users\/1"}],"replies":[{"embeddable":true,"href":"https:\/\/www.laffineur.com\/pt-pt\/wp-json\/wp\/v2\/comments?post=10071"}],"version-history":[{"count":6,"href":"https:\/\/www.laffineur.com\/pt-pt\/wp-json\/wp\/v2\/pages\/10071\/revisions"}],"predecessor-version":[{"id":10221,"href":"https:\/\/www.laffineur.com\/pt-pt\/wp-json\/wp\/v2\/pages\/10071\/revisions\/10221"}],"up":[{"embeddable":true,"href":"https:\/\/www.laffineur.com\/pt-pt\/wp-json\/wp\/v2\/pages\/10247"}],"wp:attachment":[{"href":"https:\/\/www.laffineur.com\/pt-pt\/wp-json\/wp\/v2\/media?parent=10071"}],"curies":[{"name":"wp","href":"https:\/\/api.w.org\/{rel}","templated":true}]}}