{"id":10041,"date":"2021-06-27T19:34:38","date_gmt":"2021-06-27T17:34:38","guid":{"rendered":"https:\/\/www.laffineur.com\/direitos-de-pacientes\/"},"modified":"2021-06-27T19:36:03","modified_gmt":"2021-06-27T17:36:03","slug":"direitos-de-pacientes","status":"publish","type":"page","link":"https:\/\/www.laffineur.com\/pt-pt\/o-mercado-interno-da-ue-direito-regulatorio-lobby\/direitos-de-pacientes\/","title":{"rendered":"Direitos de pacientes"},"content":{"rendered":"<p>[vc_row css_animation=&#8221;fadeIn&#8221; rt_row_background_width=&#8221;fullwidth&#8221; rt_row_content_width=&#8221;default&#8221; rt_row_style=&#8221;default-style&#8221; rt_row_height=&#8221;&#8221; rt_column_gaps=&#8221;&#8221; rt_row_shadows=&#8221;&#8221; rt_col_anim=&#8221;true&#8221; rt_row_borders=&#8221;bottom&#8221; rt_bg_effect=&#8221;classic&#8221; rt_bg_image_repeat=&#8221;repeat&#8221; rt_bg_size=&#8221;cover&#8221; rt_bg_position=&#8221;right top&#8221; rt_bg_attachment=&#8221;scroll&#8221; rt_bg_layer=&#8221;&#8221; rt_bg_video_format=&#8221;self-hosted&#8221; rt_class=&#8221;rt-9625247&#8243; rt_paddings=&#8221;,35px,,&#8221; rt_margins=&#8221;26,,,&#8221; rt_content_margins=&#8221;,,,&#8221; rt_tablet_paddings=&#8221;,,,&#8221; rt_tablet_margins=&#8221;,,,&#8221; rt_tablet_content_margins=&#8221;,,,&#8221; rt_sp_paddings=&#8221;,,,&#8221; rt_sp_margins=&#8221;,,,&#8221; rt_sp_content_margins=&#8221;,,,&#8221;][vc_column width=&#8221;1\/3&#8243; rt_bg_effect=&#8221;classic&#8221; rt_bg_image_repeat=&#8221;repeat&#8221; rt_bg_size=&#8221;auto auto&#8221; rt_bg_position=&#8221;right top&#8221; rt_bg_attachment=&#8221;scroll&#8221; rt_class=&#8221;rt-8209069&#8243; rt_margins=&#8221;,&#8221; rt_paddings=&#8221;,,,&#8221; rt_wrapper_paddings=&#8221;,,,&#8221; rt_tablet_margins=&#8221;,&#8221; rt_tablet_paddings=&#8221;,,,&#8221; rt_tablet_wrapper_paddings=&#8221;,,,&#8221; rt_sp_margins=&#8221;,&#8221; rt_sp_paddings=&#8221;,,,&#8221; rt_sp_wrapper_paddings=&#8221;,,,&#8221; rt_bg_color=&#8221;&#8221; rt_bg_overlay_color=&#8221;&#8221;][vc_single_image image=&#8221;7159&#8243; img_size=&#8221;full&#8221; css_animation=&#8221;none&#8221;][\/vc_column][vc_column width=&#8221;2\/3&#8243; rt_bg_effect=&#8221;classic&#8221; rt_bg_image_repeat=&#8221;repeat&#8221; rt_bg_size=&#8221;auto auto&#8221; rt_bg_position=&#8221;right top&#8221; rt_bg_attachment=&#8221;scroll&#8221; css=&#8221;.vc_custom_1617288754505{border-left-width: 1px !important;border-left-color: #a3a3a3 !important;}&#8221; rt_class=&#8221;rt-9829982&#8243; rt_margins=&#8221;,&#8221; rt_paddings=&#8221;,,,&#8221; rt_wrapper_paddings=&#8221;,,,&#8221; rt_tablet_margins=&#8221;,&#8221; rt_tablet_paddings=&#8221;,,,&#8221; rt_tablet_wrapper_paddings=&#8221;,,,&#8221; rt_sp_margins=&#8221;,&#8221; rt_sp_paddings=&#8221;,,,&#8221; rt_sp_wrapper_paddings=&#8221;,,,&#8221; rt_bg_color=&#8221;&#8221; rt_bg_overlay_color=&#8221;&#8221;]<div class=\"rt-heading-wrapper style-5 rt-9430439\">\n\t\t\t\t\t\t<h1 class=\"rt-heading style-5\" >DIREITOS DE PACIENTES<\/h1>\n\t\t\t\t\t<\/div>[vc_column_text]<span style=\"font-weight: 400;\">A legisla\u00e7\u00e3o sobre cuidados de sa\u00fade transfronteiri\u00e7os na UE baseia-se em dois diplomas legais distintos: o Regulamento 883\/2004 relativo \u00e0 coordena\u00e7\u00e3o dos sistemas de seguran\u00e7a social e a Diretiva 2011\/24 relativa ao exerc\u00edcio dos direitos dos doentes em mat\u00e9ria de cuidados de sa\u00fade transfronteiri\u00e7os. Nos termos do Regulamento, antes de receber assist\u00eancia sanit\u00e1ria noutro Estado-Membro \u00e9 necess\u00e1rio obter uma autoriza\u00e7\u00e3o pr\u00e9via do respetivo organismo social, para ter direito a ser reembolsado dos custos no Estado-Membro de origem. No entanto, ao abrigo da Diretiva, para al\u00e9m de algumas exce\u00e7\u00f5es a autoriza\u00e7\u00e3o pr\u00e9via n\u00e3o \u00e9 necess\u00e1ria. O nosso escrit\u00f3rio tem oferecido regularmente aconselhamento jur\u00eddico aos doentes e respetivas associa\u00e7\u00f5es que nos colocam, entre outras, quest\u00f5es relacionadas com o reembolso dos cuidados de sa\u00fade transfronteiri\u00e7os. Gra\u00e7as ao conhecimento que temos dessas complexas regras, os nossos clientes podem planificar melhor tudo o que estiver relacionado com os seus cuidados de sa\u00fade no estrangeiro. Em ocasi\u00f5es, representamos os nossos clientes em processos judiciais para fazer valer os seus direitos no que respeita \u00e0 referida legisla\u00e7\u00e3o.<\/span>[\/vc_column_text][vc_empty_space]<div class=\"button_wrapper  alignright arrow\"><a href=\"https:\/\/www.laffineur.com\/pt-pt\/exemplo-de-um-projeto-de-direitos-do-paciente-reembolso-de-saude-transfronteirico\/\" target=\"_self\" title=\"Exemplo de um projeto de direitos do paciente (reembolso de sa\u00fade transfronteiri\u00e7o)\" class=\"button_ rt-7886674 style-1 small rt-4549624\"><span><span>Exemplo de um projeto de direitos do paciente (reembolso de sa\u00fade transfronteiri\u00e7o)<\/span><\/span><\/a><\/div>[\/vc_column][\/vc_row]<\/p>\n","protected":false},"excerpt":{"rendered":"<p>[vc_row css_animation=&#8221;fadeIn&#8221; rt_row_background_width=&#8221;fullwidth&#8221; rt_row_content_width=&#8221;default&#8221; rt_row_style=&#8221;default-style&#8221; rt_row_height=&#8221;&#8221; rt_column_gaps=&#8221;&#8221; rt_row_shadows=&#8221;&#8221; rt_col_anim=&#8221;true&#8221; rt_row_borders=&#8221;bottom&#8221; rt_bg_effect=&#8221;classic&#8221; rt_bg_image_repeat=&#8221;repeat&#8221; rt_bg_size=&#8221;cover&#8221; rt_bg_position=&#8221;right top&#8221; rt_bg_attachment=&#8221;scroll&#8221; rt_bg_layer=&#8221;&#8221; rt_bg_video_format=&#8221;self-hosted&#8221; rt_class=&#8221;rt-9625247&#8243; rt_paddings=&#8221;,35px,,&#8221; rt_margins=&#8221;26,,,&#8221; rt_content_margins=&#8221;,,,&#8221; rt_tablet_paddings=&#8221;,,,&#8221; rt_tablet_margins=&#8221;,,,&#8221; rt_tablet_content_margins=&#8221;,,,&#8221; rt_sp_paddings=&#8221;,,,&#8221; rt_sp_margins=&#8221;,,,&#8221; rt_sp_content_margins=&#8221;,,,&#8221;][vc_column width=&#8221;1\/3&#8243; rt_bg_effect=&#8221;classic&#8221; rt_bg_image_repeat=&#8221;repeat&#8221; rt_bg_size=&#8221;auto auto&#8221; rt_bg_position=&#8221;right top&#8221; rt_bg_attachment=&#8221;scroll&#8221; rt_class=&#8221;rt-8209069&#8243; rt_margins=&#8221;,&#8221; rt_paddings=&#8221;,,,&#8221; rt_wrapper_paddings=&#8221;,,,&#8221; rt_tablet_margins=&#8221;,&#8221; rt_tablet_paddings=&#8221;,,,&#8221; rt_tablet_wrapper_paddings=&#8221;,,,&#8221; rt_sp_margins=&#8221;,&#8221; rt_sp_paddings=&#8221;,,,&#8221; rt_sp_wrapper_paddings=&#8221;,,,&#8221; rt_bg_color=&#8221;&#8221; rt_bg_overlay_color=&#8221;&#8221;][vc_single_image image=&#8221;7159&#8243; img_size=&#8221;full&#8221; css_animation=&#8221;none&#8221;][\/vc_column][vc_column width=&#8221;2\/3&#8243; rt_bg_effect=&#8221;classic&#8221; rt_bg_image_repeat=&#8221;repeat&#8221; rt_bg_size=&#8221;auto [&hellip;]<\/p>\n","protected":false},"author":1,"featured_media":0,"parent":10247,"menu_order":0,"comment_status":"closed","ping_status":"closed","template":"","meta":{"footnotes":""},"class_list":["post-10041","page","type-page","status-publish","hentry"],"yoast_head":"<!-- This site is optimized with the Yoast SEO plugin v27.1.1 - https:\/\/yoast.com\/product\/yoast-seo-wordpress\/ -->\n<title>Direitos de pacientes - Laffineur - Cabinet d&#039;avocats<\/title>\n<meta name=\"description\" content=\"A empresa Laffineur oferece aconselhamento (empresas, pacientes e associa\u00e7\u00f5es) sobre a regulamenta\u00e7\u00e3o dos cuidados de sa\u00fade transfronteiri\u00e7os na UE (autoriza\u00e7\u00e3o pr\u00e9via e reembolso do tratamento)\" \/>\n<meta name=\"robots\" content=\"index, follow, max-snippet:-1, max-image-preview:large, max-video-preview:-1\" \/>\n<link rel=\"canonical\" href=\"https:\/\/www.laffineur.com\/pt-pt\/o-mercado-interno-da-ue-direito-regulatorio-lobby\/direitos-de-pacientes\/\" \/>\n<meta property=\"og:locale\" content=\"pt_PT\" \/>\n<meta property=\"og:type\" content=\"article\" \/>\n<meta property=\"og:title\" content=\"Direitos de pacientes - Laffineur - Cabinet d&#039;avocats\" \/>\n<meta property=\"og:description\" content=\"A empresa Laffineur oferece aconselhamento (empresas, pacientes e associa\u00e7\u00f5es) sobre a regulamenta\u00e7\u00e3o dos cuidados de sa\u00fade transfronteiri\u00e7os na UE (autoriza\u00e7\u00e3o pr\u00e9via e reembolso do tratamento)\" \/>\n<meta property=\"og:url\" content=\"https:\/\/www.laffineur.com\/pt-pt\/o-mercado-interno-da-ue-direito-regulatorio-lobby\/direitos-de-pacientes\/\" \/>\n<meta property=\"og:site_name\" content=\"Laffineur - Cabinet d&#039;avocats\" \/>\n<meta property=\"article:modified_time\" content=\"2021-06-27T17:36:03+00:00\" \/>\n<meta name=\"twitter:card\" content=\"summary_large_image\" \/>\n<script type=\"application\/ld+json\" class=\"yoast-schema-graph\">{\"@context\":\"https:\/\/schema.org\",\"@graph\":[{\"@type\":\"WebPage\",\"@id\":\"https:\/\/www.laffineur.com\/pt-pt\/o-mercado-interno-da-ue-direito-regulatorio-lobby\/direitos-de-pacientes\/\",\"url\":\"https:\/\/www.laffineur.com\/pt-pt\/o-mercado-interno-da-ue-direito-regulatorio-lobby\/direitos-de-pacientes\/\",\"name\":\"Direitos de pacientes - Laffineur - Cabinet d&#039;avocats\",\"isPartOf\":{\"@id\":\"https:\/\/www.laffineur.com\/#website\"},\"datePublished\":\"2021-06-27T17:34:38+00:00\",\"dateModified\":\"2021-06-27T17:36:03+00:00\",\"description\":\"A empresa Laffineur oferece aconselhamento (empresas, pacientes e associa\u00e7\u00f5es) sobre a regulamenta\u00e7\u00e3o dos cuidados de sa\u00fade transfronteiri\u00e7os na UE (autoriza\u00e7\u00e3o pr\u00e9via e reembolso do tratamento)\",\"breadcrumb\":{\"@id\":\"https:\/\/www.laffineur.com\/pt-pt\/o-mercado-interno-da-ue-direito-regulatorio-lobby\/direitos-de-pacientes\/#breadcrumb\"},\"inLanguage\":\"pt-PT\",\"potentialAction\":[{\"@type\":\"ReadAction\",\"target\":[\"https:\/\/www.laffineur.com\/pt-pt\/o-mercado-interno-da-ue-direito-regulatorio-lobby\/direitos-de-pacientes\/\"]}]},{\"@type\":\"BreadcrumbList\",\"@id\":\"https:\/\/www.laffineur.com\/pt-pt\/o-mercado-interno-da-ue-direito-regulatorio-lobby\/direitos-de-pacientes\/#breadcrumb\",\"itemListElement\":[{\"@type\":\"ListItem\",\"position\":1,\"name\":\"O mercado interno da UE direito regulat\u00f3rio &#038; lobby\",\"item\":\"https:\/\/www.laffineur.com\/pt-pt\/o-mercado-interno-da-ue-direito-regulatorio-lobby\/\"},{\"@type\":\"ListItem\",\"position\":2,\"name\":\"Direitos de pacientes\"}]},{\"@type\":\"WebSite\",\"@id\":\"https:\/\/www.laffineur.com\/#website\",\"url\":\"https:\/\/www.laffineur.com\/\",\"name\":\"Laffineur - Cabinet d'avocats\",\"description\":\"Laffineur - Cabinet d&#039;avocats\",\"publisher\":{\"@id\":\"https:\/\/www.laffineur.com\/#organization\"},\"potentialAction\":[{\"@type\":\"SearchAction\",\"target\":{\"@type\":\"EntryPoint\",\"urlTemplate\":\"https:\/\/www.laffineur.com\/?s={search_term_string}\"},\"query-input\":{\"@type\":\"PropertyValueSpecification\",\"valueRequired\":true,\"valueName\":\"search_term_string\"}}],\"inLanguage\":\"pt-PT\"},{\"@type\":\"Organization\",\"@id\":\"https:\/\/www.laffineur.com\/#organization\",\"name\":\"Cabinet Laffineur\",\"url\":\"https:\/\/www.laffineur.com\/\",\"logo\":{\"@type\":\"ImageObject\",\"inLanguage\":\"pt-PT\",\"@id\":\"https:\/\/www.laffineur.com\/#\/schema\/logo\/image\/\",\"url\":\"https:\/\/www.laffineur.com\/wp-content\/uploads\/2021\/03\/Logo-Laffineur-v326x154.png\",\"contentUrl\":\"https:\/\/www.laffineur.com\/wp-content\/uploads\/2021\/03\/Logo-Laffineur-v326x154.png\",\"width\":326,\"height\":154,\"caption\":\"Cabinet Laffineur\"},\"image\":{\"@id\":\"https:\/\/www.laffineur.com\/#\/schema\/logo\/image\/\"},\"sameAs\":[\"https:\/\/www.linkedin.com\/in\/jean-luc-laffineur-4a6365\/?originalSubdomain=be\"]}]}<\/script>\n<!-- \/ Yoast SEO plugin. -->","yoast_head_json":{"title":"Direitos de pacientes - Laffineur - Cabinet d&#039;avocats","description":"A empresa Laffineur oferece aconselhamento (empresas, pacientes e associa\u00e7\u00f5es) sobre a regulamenta\u00e7\u00e3o dos cuidados de sa\u00fade transfronteiri\u00e7os na UE (autoriza\u00e7\u00e3o pr\u00e9via e reembolso do tratamento)","robots":{"index":"index","follow":"follow","max-snippet":"max-snippet:-1","max-image-preview":"max-image-preview:large","max-video-preview":"max-video-preview:-1"},"canonical":"https:\/\/www.laffineur.com\/pt-pt\/o-mercado-interno-da-ue-direito-regulatorio-lobby\/direitos-de-pacientes\/","og_locale":"pt_PT","og_type":"article","og_title":"Direitos de pacientes - Laffineur - Cabinet d&#039;avocats","og_description":"A empresa Laffineur oferece aconselhamento (empresas, pacientes e associa\u00e7\u00f5es) sobre a regulamenta\u00e7\u00e3o dos cuidados de sa\u00fade transfronteiri\u00e7os na UE (autoriza\u00e7\u00e3o pr\u00e9via e reembolso do tratamento)","og_url":"https:\/\/www.laffineur.com\/pt-pt\/o-mercado-interno-da-ue-direito-regulatorio-lobby\/direitos-de-pacientes\/","og_site_name":"Laffineur - Cabinet d&#039;avocats","article_modified_time":"2021-06-27T17:36:03+00:00","twitter_card":"summary_large_image","schema":{"@context":"https:\/\/schema.org","@graph":[{"@type":"WebPage","@id":"https:\/\/www.laffineur.com\/pt-pt\/o-mercado-interno-da-ue-direito-regulatorio-lobby\/direitos-de-pacientes\/","url":"https:\/\/www.laffineur.com\/pt-pt\/o-mercado-interno-da-ue-direito-regulatorio-lobby\/direitos-de-pacientes\/","name":"Direitos de pacientes - Laffineur - Cabinet d&#039;avocats","isPartOf":{"@id":"https:\/\/www.laffineur.com\/#website"},"datePublished":"2021-06-27T17:34:38+00:00","dateModified":"2021-06-27T17:36:03+00:00","description":"A empresa Laffineur oferece aconselhamento (empresas, pacientes e associa\u00e7\u00f5es) sobre a regulamenta\u00e7\u00e3o dos cuidados de sa\u00fade transfronteiri\u00e7os na UE (autoriza\u00e7\u00e3o pr\u00e9via e reembolso do tratamento)","breadcrumb":{"@id":"https:\/\/www.laffineur.com\/pt-pt\/o-mercado-interno-da-ue-direito-regulatorio-lobby\/direitos-de-pacientes\/#breadcrumb"},"inLanguage":"pt-PT","potentialAction":[{"@type":"ReadAction","target":["https:\/\/www.laffineur.com\/pt-pt\/o-mercado-interno-da-ue-direito-regulatorio-lobby\/direitos-de-pacientes\/"]}]},{"@type":"BreadcrumbList","@id":"https:\/\/www.laffineur.com\/pt-pt\/o-mercado-interno-da-ue-direito-regulatorio-lobby\/direitos-de-pacientes\/#breadcrumb","itemListElement":[{"@type":"ListItem","position":1,"name":"O mercado interno da UE direito regulat\u00f3rio &#038; lobby","item":"https:\/\/www.laffineur.com\/pt-pt\/o-mercado-interno-da-ue-direito-regulatorio-lobby\/"},{"@type":"ListItem","position":2,"name":"Direitos de pacientes"}]},{"@type":"WebSite","@id":"https:\/\/www.laffineur.com\/#website","url":"https:\/\/www.laffineur.com\/","name":"Laffineur - Cabinet d'avocats","description":"Laffineur - Cabinet d&#039;avocats","publisher":{"@id":"https:\/\/www.laffineur.com\/#organization"},"potentialAction":[{"@type":"SearchAction","target":{"@type":"EntryPoint","urlTemplate":"https:\/\/www.laffineur.com\/?s={search_term_string}"},"query-input":{"@type":"PropertyValueSpecification","valueRequired":true,"valueName":"search_term_string"}}],"inLanguage":"pt-PT"},{"@type":"Organization","@id":"https:\/\/www.laffineur.com\/#organization","name":"Cabinet Laffineur","url":"https:\/\/www.laffineur.com\/","logo":{"@type":"ImageObject","inLanguage":"pt-PT","@id":"https:\/\/www.laffineur.com\/#\/schema\/logo\/image\/","url":"https:\/\/www.laffineur.com\/wp-content\/uploads\/2021\/03\/Logo-Laffineur-v326x154.png","contentUrl":"https:\/\/www.laffineur.com\/wp-content\/uploads\/2021\/03\/Logo-Laffineur-v326x154.png","width":326,"height":154,"caption":"Cabinet Laffineur"},"image":{"@id":"https:\/\/www.laffineur.com\/#\/schema\/logo\/image\/"},"sameAs":["https:\/\/www.linkedin.com\/in\/jean-luc-laffineur-4a6365\/?originalSubdomain=be"]}]}},"_links":{"self":[{"href":"https:\/\/www.laffineur.com\/pt-pt\/wp-json\/wp\/v2\/pages\/10041","targetHints":{"allow":["GET"]}}],"collection":[{"href":"https:\/\/www.laffineur.com\/pt-pt\/wp-json\/wp\/v2\/pages"}],"about":[{"href":"https:\/\/www.laffineur.com\/pt-pt\/wp-json\/wp\/v2\/types\/page"}],"author":[{"embeddable":true,"href":"https:\/\/www.laffineur.com\/pt-pt\/wp-json\/wp\/v2\/users\/1"}],"replies":[{"embeddable":true,"href":"https:\/\/www.laffineur.com\/pt-pt\/wp-json\/wp\/v2\/comments?post=10041"}],"version-history":[{"count":4,"href":"https:\/\/www.laffineur.com\/pt-pt\/wp-json\/wp\/v2\/pages\/10041\/revisions"}],"predecessor-version":[{"id":10049,"href":"https:\/\/www.laffineur.com\/pt-pt\/wp-json\/wp\/v2\/pages\/10041\/revisions\/10049"}],"up":[{"embeddable":true,"href":"https:\/\/www.laffineur.com\/pt-pt\/wp-json\/wp\/v2\/pages\/10247"}],"wp:attachment":[{"href":"https:\/\/www.laffineur.com\/pt-pt\/wp-json\/wp\/v2\/media?parent=10041"}],"curies":[{"name":"wp","href":"https:\/\/api.w.org\/{rel}","templated":true}]}}