{"id":10011,"date":"2021-06-27T19:24:46","date_gmt":"2021-06-27T17:24:46","guid":{"rendered":"https:\/\/www.laffineur.com\/seguranca-do-produto-a-marcacao-ce-e-a-padronizacao\/"},"modified":"2021-06-27T19:26:22","modified_gmt":"2021-06-27T17:26:22","slug":"seguranca-do-produto-a-marcacao-ce-e-a-padronizacao","status":"publish","type":"page","link":"https:\/\/www.laffineur.com\/pt-pt\/o-mercado-interno-da-ue-direito-regulatorio-lobby\/seguranca-do-produto-a-marcacao-ce-e-a-padronizacao\/","title":{"rendered":"Seguran\u00e7a do produto, a marca\u00e7\u00e3o CE e a padroniza\u00e7\u00e3o"},"content":{"rendered":"<p>[vc_row css_animation=&#8221;fadeIn&#8221; rt_row_background_width=&#8221;fullwidth&#8221; rt_row_content_width=&#8221;default&#8221; rt_row_style=&#8221;default-style&#8221; rt_row_height=&#8221;&#8221; rt_column_gaps=&#8221;&#8221; rt_row_shadows=&#8221;&#8221; rt_row_borders=&#8221;bottom&#8221; rt_bg_effect=&#8221;classic&#8221; rt_bg_image_repeat=&#8221;repeat&#8221; rt_bg_size=&#8221;cover&#8221; rt_bg_position=&#8221;right top&#8221; rt_bg_attachment=&#8221;scroll&#8221; rt_bg_layer=&#8221;&#8221; rt_bg_video_format=&#8221;self-hosted&#8221; rt_class=&#8221;rt-3249492&#8243; rt_paddings=&#8221;,35px,,&#8221; rt_margins=&#8221;26,,,&#8221; rt_content_margins=&#8221;,,,&#8221; rt_tablet_paddings=&#8221;,,,&#8221; rt_tablet_margins=&#8221;,,,&#8221; rt_tablet_content_margins=&#8221;,,,&#8221; rt_sp_paddings=&#8221;,,,&#8221; rt_sp_margins=&#8221;,,,&#8221; rt_sp_content_margins=&#8221;,,,&#8221;][vc_column width=&#8221;1\/3&#8243; rt_bg_effect=&#8221;classic&#8221; rt_bg_image_repeat=&#8221;repeat&#8221; rt_bg_size=&#8221;auto auto&#8221; rt_bg_position=&#8221;right top&#8221; rt_bg_attachment=&#8221;scroll&#8221; rt_class=&#8221;rt-8101496&#8243; rt_margins=&#8221;,&#8221; rt_paddings=&#8221;,,,&#8221; rt_wrapper_paddings=&#8221;,,,&#8221; rt_tablet_margins=&#8221;,&#8221; rt_tablet_paddings=&#8221;,,,&#8221; rt_tablet_wrapper_paddings=&#8221;,,,&#8221; rt_sp_margins=&#8221;,&#8221; rt_sp_paddings=&#8221;,,,&#8221; rt_sp_wrapper_paddings=&#8221;,,,&#8221; rt_bg_color=&#8221;&#8221; rt_bg_overlay_color=&#8221;&#8221;][vc_single_image image=&#8221;7179&#8243; img_size=&#8221;full&#8221; css_animation=&#8221;none&#8221;][\/vc_column][vc_column width=&#8221;2\/3&#8243; rt_bg_effect=&#8221;classic&#8221; rt_bg_image_repeat=&#8221;repeat&#8221; rt_bg_size=&#8221;auto auto&#8221; rt_bg_position=&#8221;right top&#8221; rt_bg_attachment=&#8221;scroll&#8221; css=&#8221;.vc_custom_1617288754505{border-left-width: 1px !important;border-left-color: #a3a3a3 !important;}&#8221; rt_class=&#8221;rt-9829982&#8243; rt_margins=&#8221;,&#8221; rt_paddings=&#8221;,,,&#8221; rt_wrapper_paddings=&#8221;,,,&#8221; rt_tablet_margins=&#8221;,&#8221; rt_tablet_paddings=&#8221;,,,&#8221; rt_tablet_wrapper_paddings=&#8221;,,,&#8221; rt_sp_margins=&#8221;,&#8221; rt_sp_paddings=&#8221;,,,&#8221; rt_sp_wrapper_paddings=&#8221;,,,&#8221; rt_bg_color=&#8221;&#8221; rt_bg_overlay_color=&#8221;&#8221;]<div class=\"rt-heading-wrapper style-5 rt-2591629\">\n\t\t\t\t\t\t<h1 class=\"rt-heading style-5\" >SEGURANCA DO PRODUTO, A MARCACAO CE E A PADRONIZACAO<\/h1>\n\t\t\t\t\t<\/div>[vc_column_text]Procedimentos de resolu\u00e7\u00e3o de disputas da OMC e assessoria a governos estrangeiros.[\/vc_column_text][vc_column_text]<span style=\"font-weight: 400;\">A Diretiva 2001\/95 relativa \u00e0 seguran\u00e7a geral dos produtos e o Regulamento 765\/2008 determinam que dentro da Uni\u00e3o Europeia (UE) apenas os produtos seguros sejam comercializados. Estes dois textos legislativos estabelecem ainda um mecanismo de controlo do mercado dentro da UE. Estas normas permitem que as empresas e as autoridades compreendam as regras que devem ser seguidas para efetuar as corre\u00e7\u00f5es necess\u00e1rias nos produtos que n\u00e3o oferecem as garantias de seguran\u00e7a estabelecidas pela legisla\u00e7\u00e3o europeia. Esta regulamenta\u00e7\u00e3o \u00e9 completada pelo Regulamento 764\/2008 para produtos n\u00e3o harmonizados e pelas diretivas designadas de \u201cnova abordagem\u201d aplicadas a produtos espec\u00edficos. As normas t\u00e9cnicas EN clarificam ainda as especifica\u00e7\u00f5es t\u00e9cnicas dos produtos abrangidos pelo \u00e2mbito de aplica\u00e7\u00e3o desta legisla\u00e7\u00e3o. Todas as empresas que pretendam vender os seus produtos na UE devem respeitar as normas previstas na Diretiva 2001\/95 e no Regulamento 765\/2008 e, sempre que necess\u00e1rio, a legisla\u00e7\u00e3o espec\u00edfica e as normas t\u00e9cnicas. O nosso escrit\u00f3rio tem ampla experi\u00eancia em assessorar empresas no \u00e2mbito do direito da seguran\u00e7a dos produtos. Nesta \u00e1rea, representamos os nossos clientes perante as autoridades nacionais (alf\u00e2ndegas ou autoridades de fiscaliza\u00e7\u00e3o do mercado) e nas reuni\u00f5es dos organismos europeus e internacionais de normaliza\u00e7\u00e3o, que elaboram as normas t\u00e9cnicas.<\/span>[\/vc_column_text][vc_empty_space]<div class=\"button_wrapper  alignright arrow\"><a href=\"https:\/\/www.laffineur.com\/pt-pt\/exemplo-de-projeto-de-seguranca-de-produto-isqueiros\/\" target=\"_self\" title=\"Exemplo de projeto de seguran\u00e7a de produto (isqueiros)\" class=\"button_ rt-7886674 style-1 small rt-1658408\"><span><span>Exemplo de projeto de seguran\u00e7a de produto (isqueiros)<\/span><\/span><\/a><\/div>[\/vc_column][\/vc_row]<\/p>\n","protected":false},"excerpt":{"rendered":"<p>[vc_row css_animation=&#8221;fadeIn&#8221; rt_row_background_width=&#8221;fullwidth&#8221; rt_row_content_width=&#8221;default&#8221; rt_row_style=&#8221;default-style&#8221; rt_row_height=&#8221;&#8221; rt_column_gaps=&#8221;&#8221; rt_row_shadows=&#8221;&#8221; rt_row_borders=&#8221;bottom&#8221; rt_bg_effect=&#8221;classic&#8221; rt_bg_image_repeat=&#8221;repeat&#8221; rt_bg_size=&#8221;cover&#8221; rt_bg_position=&#8221;right top&#8221; rt_bg_attachment=&#8221;scroll&#8221; rt_bg_layer=&#8221;&#8221; rt_bg_video_format=&#8221;self-hosted&#8221; rt_class=&#8221;rt-3249492&#8243; rt_paddings=&#8221;,35px,,&#8221; rt_margins=&#8221;26,,,&#8221; rt_content_margins=&#8221;,,,&#8221; rt_tablet_paddings=&#8221;,,,&#8221; rt_tablet_margins=&#8221;,,,&#8221; rt_tablet_content_margins=&#8221;,,,&#8221; rt_sp_paddings=&#8221;,,,&#8221; rt_sp_margins=&#8221;,,,&#8221; rt_sp_content_margins=&#8221;,,,&#8221;][vc_column width=&#8221;1\/3&#8243; rt_bg_effect=&#8221;classic&#8221; rt_bg_image_repeat=&#8221;repeat&#8221; rt_bg_size=&#8221;auto auto&#8221; rt_bg_position=&#8221;right top&#8221; rt_bg_attachment=&#8221;scroll&#8221; rt_class=&#8221;rt-8101496&#8243; rt_margins=&#8221;,&#8221; rt_paddings=&#8221;,,,&#8221; rt_wrapper_paddings=&#8221;,,,&#8221; rt_tablet_margins=&#8221;,&#8221; rt_tablet_paddings=&#8221;,,,&#8221; rt_tablet_wrapper_paddings=&#8221;,,,&#8221; rt_sp_margins=&#8221;,&#8221; rt_sp_paddings=&#8221;,,,&#8221; rt_sp_wrapper_paddings=&#8221;,,,&#8221; rt_bg_color=&#8221;&#8221; rt_bg_overlay_color=&#8221;&#8221;][vc_single_image image=&#8221;7179&#8243; img_size=&#8221;full&#8221; css_animation=&#8221;none&#8221;][\/vc_column][vc_column width=&#8221;2\/3&#8243; rt_bg_effect=&#8221;classic&#8221; rt_bg_image_repeat=&#8221;repeat&#8221; rt_bg_size=&#8221;auto auto&#8221; [&hellip;]<\/p>\n","protected":false},"author":1,"featured_media":0,"parent":10247,"menu_order":0,"comment_status":"closed","ping_status":"closed","template":"","meta":{"footnotes":""},"class_list":["post-10011","page","type-page","status-publish","hentry"],"yoast_head":"<!-- This site is optimized with the Yoast SEO plugin v27.1.1 - https:\/\/yoast.com\/product\/yoast-seo-wordpress\/ -->\n<title>Seguran\u00e7a do produto, a marca\u00e7\u00e3o CE e a padroniza\u00e7\u00e3o - Laffineur - Cabinet d&#039;avocats<\/title>\n<meta name=\"description\" content=\"A empresa Laffineur aconselha fabricantes, distribuidores e importadores sobre a comercializa\u00e7\u00e3o de produtos seguros na UE e competente para intervir junto a organismos de normaliza\u00e7\u00e3o, alf\u00e2ndegas e autoridades de fiscaliza\u00e7\u00e3o do mercado\" \/>\n<meta name=\"robots\" content=\"index, follow, max-snippet:-1, max-image-preview:large, max-video-preview:-1\" \/>\n<link rel=\"canonical\" href=\"https:\/\/www.laffineur.com\/pt-pt\/o-mercado-interno-da-ue-direito-regulatorio-lobby\/seguranca-do-produto-a-marcacao-ce-e-a-padronizacao\/\" \/>\n<meta property=\"og:locale\" content=\"pt_PT\" \/>\n<meta property=\"og:type\" content=\"article\" \/>\n<meta property=\"og:title\" content=\"Seguran\u00e7a do produto, a marca\u00e7\u00e3o CE e a padroniza\u00e7\u00e3o - Laffineur - Cabinet d&#039;avocats\" \/>\n<meta property=\"og:description\" content=\"A empresa Laffineur aconselha fabricantes, distribuidores e importadores sobre a comercializa\u00e7\u00e3o de produtos seguros na UE e competente para intervir junto a organismos de normaliza\u00e7\u00e3o, alf\u00e2ndegas e autoridades de fiscaliza\u00e7\u00e3o do mercado\" \/>\n<meta property=\"og:url\" content=\"https:\/\/www.laffineur.com\/pt-pt\/o-mercado-interno-da-ue-direito-regulatorio-lobby\/seguranca-do-produto-a-marcacao-ce-e-a-padronizacao\/\" \/>\n<meta property=\"og:site_name\" content=\"Laffineur - Cabinet d&#039;avocats\" \/>\n<meta property=\"article:modified_time\" content=\"2021-06-27T17:26:22+00:00\" \/>\n<meta name=\"twitter:card\" content=\"summary_large_image\" \/>\n<script type=\"application\/ld+json\" class=\"yoast-schema-graph\">{\"@context\":\"https:\/\/schema.org\",\"@graph\":[{\"@type\":\"WebPage\",\"@id\":\"https:\/\/www.laffineur.com\/pt-pt\/o-mercado-interno-da-ue-direito-regulatorio-lobby\/seguranca-do-produto-a-marcacao-ce-e-a-padronizacao\/\",\"url\":\"https:\/\/www.laffineur.com\/pt-pt\/o-mercado-interno-da-ue-direito-regulatorio-lobby\/seguranca-do-produto-a-marcacao-ce-e-a-padronizacao\/\",\"name\":\"Seguran\u00e7a do produto, a marca\u00e7\u00e3o CE e a padroniza\u00e7\u00e3o - Laffineur - Cabinet d&#039;avocats\",\"isPartOf\":{\"@id\":\"https:\/\/www.laffineur.com\/#website\"},\"datePublished\":\"2021-06-27T17:24:46+00:00\",\"dateModified\":\"2021-06-27T17:26:22+00:00\",\"description\":\"A empresa Laffineur aconselha fabricantes, distribuidores e importadores sobre a comercializa\u00e7\u00e3o de produtos seguros na UE e competente para intervir junto a organismos de normaliza\u00e7\u00e3o, alf\u00e2ndegas e autoridades de fiscaliza\u00e7\u00e3o do mercado\",\"breadcrumb\":{\"@id\":\"https:\/\/www.laffineur.com\/pt-pt\/o-mercado-interno-da-ue-direito-regulatorio-lobby\/seguranca-do-produto-a-marcacao-ce-e-a-padronizacao\/#breadcrumb\"},\"inLanguage\":\"pt-PT\",\"potentialAction\":[{\"@type\":\"ReadAction\",\"target\":[\"https:\/\/www.laffineur.com\/pt-pt\/o-mercado-interno-da-ue-direito-regulatorio-lobby\/seguranca-do-produto-a-marcacao-ce-e-a-padronizacao\/\"]}]},{\"@type\":\"BreadcrumbList\",\"@id\":\"https:\/\/www.laffineur.com\/pt-pt\/o-mercado-interno-da-ue-direito-regulatorio-lobby\/seguranca-do-produto-a-marcacao-ce-e-a-padronizacao\/#breadcrumb\",\"itemListElement\":[{\"@type\":\"ListItem\",\"position\":1,\"name\":\"O mercado interno da UE direito regulat\u00f3rio &#038; lobby\",\"item\":\"https:\/\/www.laffineur.com\/pt-pt\/o-mercado-interno-da-ue-direito-regulatorio-lobby\/\"},{\"@type\":\"ListItem\",\"position\":2,\"name\":\"Seguran\u00e7a do produto, a marca\u00e7\u00e3o CE e a padroniza\u00e7\u00e3o\"}]},{\"@type\":\"WebSite\",\"@id\":\"https:\/\/www.laffineur.com\/#website\",\"url\":\"https:\/\/www.laffineur.com\/\",\"name\":\"Laffineur - Cabinet d'avocats\",\"description\":\"Laffineur - Cabinet d&#039;avocats\",\"publisher\":{\"@id\":\"https:\/\/www.laffineur.com\/#organization\"},\"potentialAction\":[{\"@type\":\"SearchAction\",\"target\":{\"@type\":\"EntryPoint\",\"urlTemplate\":\"https:\/\/www.laffineur.com\/?s={search_term_string}\"},\"query-input\":{\"@type\":\"PropertyValueSpecification\",\"valueRequired\":true,\"valueName\":\"search_term_string\"}}],\"inLanguage\":\"pt-PT\"},{\"@type\":\"Organization\",\"@id\":\"https:\/\/www.laffineur.com\/#organization\",\"name\":\"Cabinet Laffineur\",\"url\":\"https:\/\/www.laffineur.com\/\",\"logo\":{\"@type\":\"ImageObject\",\"inLanguage\":\"pt-PT\",\"@id\":\"https:\/\/www.laffineur.com\/#\/schema\/logo\/image\/\",\"url\":\"https:\/\/www.laffineur.com\/wp-content\/uploads\/2021\/03\/Logo-Laffineur-v326x154.png\",\"contentUrl\":\"https:\/\/www.laffineur.com\/wp-content\/uploads\/2021\/03\/Logo-Laffineur-v326x154.png\",\"width\":326,\"height\":154,\"caption\":\"Cabinet Laffineur\"},\"image\":{\"@id\":\"https:\/\/www.laffineur.com\/#\/schema\/logo\/image\/\"},\"sameAs\":[\"https:\/\/www.linkedin.com\/in\/jean-luc-laffineur-4a6365\/?originalSubdomain=be\"]}]}<\/script>\n<!-- \/ Yoast SEO plugin. -->","yoast_head_json":{"title":"Seguran\u00e7a do produto, a marca\u00e7\u00e3o CE e a padroniza\u00e7\u00e3o - Laffineur - Cabinet d&#039;avocats","description":"A empresa Laffineur aconselha fabricantes, distribuidores e importadores sobre a comercializa\u00e7\u00e3o de produtos seguros na UE e competente para intervir junto a organismos de normaliza\u00e7\u00e3o, alf\u00e2ndegas e autoridades de fiscaliza\u00e7\u00e3o do mercado","robots":{"index":"index","follow":"follow","max-snippet":"max-snippet:-1","max-image-preview":"max-image-preview:large","max-video-preview":"max-video-preview:-1"},"canonical":"https:\/\/www.laffineur.com\/pt-pt\/o-mercado-interno-da-ue-direito-regulatorio-lobby\/seguranca-do-produto-a-marcacao-ce-e-a-padronizacao\/","og_locale":"pt_PT","og_type":"article","og_title":"Seguran\u00e7a do produto, a marca\u00e7\u00e3o CE e a padroniza\u00e7\u00e3o - Laffineur - Cabinet d&#039;avocats","og_description":"A empresa Laffineur aconselha fabricantes, distribuidores e importadores sobre a comercializa\u00e7\u00e3o de produtos seguros na UE e competente para intervir junto a organismos de normaliza\u00e7\u00e3o, alf\u00e2ndegas e autoridades de fiscaliza\u00e7\u00e3o do mercado","og_url":"https:\/\/www.laffineur.com\/pt-pt\/o-mercado-interno-da-ue-direito-regulatorio-lobby\/seguranca-do-produto-a-marcacao-ce-e-a-padronizacao\/","og_site_name":"Laffineur - Cabinet d&#039;avocats","article_modified_time":"2021-06-27T17:26:22+00:00","twitter_card":"summary_large_image","schema":{"@context":"https:\/\/schema.org","@graph":[{"@type":"WebPage","@id":"https:\/\/www.laffineur.com\/pt-pt\/o-mercado-interno-da-ue-direito-regulatorio-lobby\/seguranca-do-produto-a-marcacao-ce-e-a-padronizacao\/","url":"https:\/\/www.laffineur.com\/pt-pt\/o-mercado-interno-da-ue-direito-regulatorio-lobby\/seguranca-do-produto-a-marcacao-ce-e-a-padronizacao\/","name":"Seguran\u00e7a do produto, a marca\u00e7\u00e3o CE e a padroniza\u00e7\u00e3o - Laffineur - Cabinet d&#039;avocats","isPartOf":{"@id":"https:\/\/www.laffineur.com\/#website"},"datePublished":"2021-06-27T17:24:46+00:00","dateModified":"2021-06-27T17:26:22+00:00","description":"A empresa Laffineur aconselha fabricantes, distribuidores e importadores sobre a comercializa\u00e7\u00e3o de produtos seguros na UE e competente para intervir junto a organismos de normaliza\u00e7\u00e3o, alf\u00e2ndegas e autoridades de fiscaliza\u00e7\u00e3o do mercado","breadcrumb":{"@id":"https:\/\/www.laffineur.com\/pt-pt\/o-mercado-interno-da-ue-direito-regulatorio-lobby\/seguranca-do-produto-a-marcacao-ce-e-a-padronizacao\/#breadcrumb"},"inLanguage":"pt-PT","potentialAction":[{"@type":"ReadAction","target":["https:\/\/www.laffineur.com\/pt-pt\/o-mercado-interno-da-ue-direito-regulatorio-lobby\/seguranca-do-produto-a-marcacao-ce-e-a-padronizacao\/"]}]},{"@type":"BreadcrumbList","@id":"https:\/\/www.laffineur.com\/pt-pt\/o-mercado-interno-da-ue-direito-regulatorio-lobby\/seguranca-do-produto-a-marcacao-ce-e-a-padronizacao\/#breadcrumb","itemListElement":[{"@type":"ListItem","position":1,"name":"O mercado interno da UE direito regulat\u00f3rio &#038; lobby","item":"https:\/\/www.laffineur.com\/pt-pt\/o-mercado-interno-da-ue-direito-regulatorio-lobby\/"},{"@type":"ListItem","position":2,"name":"Seguran\u00e7a do produto, a marca\u00e7\u00e3o CE e a padroniza\u00e7\u00e3o"}]},{"@type":"WebSite","@id":"https:\/\/www.laffineur.com\/#website","url":"https:\/\/www.laffineur.com\/","name":"Laffineur - Cabinet d'avocats","description":"Laffineur - Cabinet d&#039;avocats","publisher":{"@id":"https:\/\/www.laffineur.com\/#organization"},"potentialAction":[{"@type":"SearchAction","target":{"@type":"EntryPoint","urlTemplate":"https:\/\/www.laffineur.com\/?s={search_term_string}"},"query-input":{"@type":"PropertyValueSpecification","valueRequired":true,"valueName":"search_term_string"}}],"inLanguage":"pt-PT"},{"@type":"Organization","@id":"https:\/\/www.laffineur.com\/#organization","name":"Cabinet Laffineur","url":"https:\/\/www.laffineur.com\/","logo":{"@type":"ImageObject","inLanguage":"pt-PT","@id":"https:\/\/www.laffineur.com\/#\/schema\/logo\/image\/","url":"https:\/\/www.laffineur.com\/wp-content\/uploads\/2021\/03\/Logo-Laffineur-v326x154.png","contentUrl":"https:\/\/www.laffineur.com\/wp-content\/uploads\/2021\/03\/Logo-Laffineur-v326x154.png","width":326,"height":154,"caption":"Cabinet Laffineur"},"image":{"@id":"https:\/\/www.laffineur.com\/#\/schema\/logo\/image\/"},"sameAs":["https:\/\/www.linkedin.com\/in\/jean-luc-laffineur-4a6365\/?originalSubdomain=be"]}]}},"_links":{"self":[{"href":"https:\/\/www.laffineur.com\/pt-pt\/wp-json\/wp\/v2\/pages\/10011","targetHints":{"allow":["GET"]}}],"collection":[{"href":"https:\/\/www.laffineur.com\/pt-pt\/wp-json\/wp\/v2\/pages"}],"about":[{"href":"https:\/\/www.laffineur.com\/pt-pt\/wp-json\/wp\/v2\/types\/page"}],"author":[{"embeddable":true,"href":"https:\/\/www.laffineur.com\/pt-pt\/wp-json\/wp\/v2\/users\/1"}],"replies":[{"embeddable":true,"href":"https:\/\/www.laffineur.com\/pt-pt\/wp-json\/wp\/v2\/comments?post=10011"}],"version-history":[{"count":4,"href":"https:\/\/www.laffineur.com\/pt-pt\/wp-json\/wp\/v2\/pages\/10011\/revisions"}],"predecessor-version":[{"id":10019,"href":"https:\/\/www.laffineur.com\/pt-pt\/wp-json\/wp\/v2\/pages\/10011\/revisions\/10019"}],"up":[{"embeddable":true,"href":"https:\/\/www.laffineur.com\/pt-pt\/wp-json\/wp\/v2\/pages\/10247"}],"wp:attachment":[{"href":"https:\/\/www.laffineur.com\/pt-pt\/wp-json\/wp\/v2\/media?parent=10011"}],"curies":[{"name":"wp","href":"https:\/\/api.w.org\/{rel}","templated":true}]}}