{"id":9861,"date":"2021-06-25T12:00:14","date_gmt":"2021-06-25T10:00:14","guid":{"rendered":"https:\/\/www.laffineur.com\/diritto-della-responsabilita\/"},"modified":"2021-06-25T12:04:09","modified_gmt":"2021-06-25T10:04:09","slug":"diritto-della-responsabilita","status":"publish","type":"page","link":"https:\/\/www.laffineur.com\/it\/diritto-della-responsabilita\/","title":{"rendered":"Diritto della responsabilit\u00e0"},"content":{"rendered":"<p>[vc_row css_animation=&#8221;fadeIn&#8221; rt_row_background_width=&#8221;fullwidth&#8221; rt_row_content_width=&#8221;default&#8221; rt_row_style=&#8221;default-style&#8221; rt_row_height=&#8221;&#8221; rt_column_gaps=&#8221;&#8221; rt_row_shadows=&#8221;&#8221; rt_col_anim=&#8221;true&#8221; rt_row_borders=&#8221;&#8221; rt_bg_effect=&#8221;classic&#8221; rt_bg_image_repeat=&#8221;repeat&#8221; rt_bg_size=&#8221;cover&#8221; rt_bg_position=&#8221;right top&#8221; rt_bg_attachment=&#8221;scroll&#8221; rt_bg_layer=&#8221;&#8221; rt_bg_video_format=&#8221;self-hosted&#8221; rt_class=&#8221;rt-7841791&#8243; rt_paddings=&#8221;,35px,,&#8221; rt_margins=&#8221;26,40,,&#8221; rt_content_margins=&#8221;,,,&#8221; rt_tablet_paddings=&#8221;,,,&#8221; rt_tablet_margins=&#8221;,,,&#8221; rt_tablet_content_margins=&#8221;,,,&#8221; rt_sp_paddings=&#8221;,,,&#8221; rt_sp_margins=&#8221;,,,&#8221; rt_sp_content_margins=&#8221;,,,&#8221;][vc_column width=&#8221;1\/3&#8243; rt_bg_effect=&#8221;classic&#8221; rt_bg_image_repeat=&#8221;repeat&#8221; rt_bg_size=&#8221;auto auto&#8221; rt_bg_position=&#8221;right top&#8221; rt_bg_attachment=&#8221;scroll&#8221; rt_class=&#8221;rt-3151716&#8243; rt_margins=&#8221;,&#8221; rt_paddings=&#8221;,,,&#8221; rt_wrapper_paddings=&#8221;,,,&#8221; rt_tablet_margins=&#8221;,&#8221; rt_tablet_paddings=&#8221;,,,&#8221; rt_tablet_wrapper_paddings=&#8221;,,,&#8221; rt_sp_margins=&#8221;,&#8221; rt_sp_paddings=&#8221;,,,&#8221; rt_sp_wrapper_paddings=&#8221;,,,&#8221; rt_bg_color=&#8221;&#8221; rt_bg_overlay_color=&#8221;&#8221;][vc_single_image image=&#8221;7127&#8243; img_size=&#8221;full&#8221; css_animation=&#8221;none&#8221;][\/vc_column][vc_column width=&#8221;2\/3&#8243; rt_bg_effect=&#8221;classic&#8221; rt_bg_image_repeat=&#8221;repeat&#8221; rt_bg_size=&#8221;auto auto&#8221; rt_bg_position=&#8221;right top&#8221; rt_bg_attachment=&#8221;scroll&#8221; css=&#8221;.vc_custom_1617288754505{border-left-width: 1px !important;border-left-color: #a3a3a3 !important;}&#8221; rt_class=&#8221;rt-9829982&#8243; rt_margins=&#8221;,&#8221; rt_paddings=&#8221;,,,&#8221; rt_wrapper_paddings=&#8221;,,,&#8221; rt_tablet_margins=&#8221;,&#8221; rt_tablet_paddings=&#8221;,,,&#8221; rt_tablet_wrapper_paddings=&#8221;,,,&#8221; rt_sp_margins=&#8221;,&#8221; rt_sp_paddings=&#8221;,,,&#8221; rt_sp_wrapper_paddings=&#8221;,,,&#8221; rt_bg_color=&#8221;&#8221; rt_bg_overlay_color=&#8221;&#8221;]<div class=\"rt-heading-wrapper style-5 rt-9959061\">\n\t\t\t\t\t\t<h1 class=\"rt-heading style-5\" >DIRITTO DELLA RESPONSABILITA<\/h1>\n\t\t\t\t\t<\/div>[vc_column_text]<\/p>\n<h5><b>Responsabilit\u00e0 dei prodotti<\/b><\/h5>\n<p>&nbsp;<\/p>\n<p>Le regole della responsabilit\u00e0 per danno causato da prodotti difettosi \u00e8 ormai armonizzato nell\u2019Unione Europea sulla base della Direttiva 85\/374\/CEE del 25 luglio 1985 relativa al ravvicinamento delle disposizioni legislative, regolamentari ed amministrative degli Stati Membri in materia di responsabilit\u00e0 per danno da prodotti difettosi.<\/p>\n<p>Questa direttiva \u00e8 stata recepita in Francia dalla legge del 19 maggio 1998 che inserisce gli articoli relativi alla responsabilit\u00e0 per danno da prodotti difettosi nel codice civile francese. In Belgio, la direttiva \u00e8 stata recepita dalla legge del 25 febbraio 1991.<br \/>\nLa particolarit\u00e0 di questa direttiva risiede nella possibilit\u00e0 per la vittima di ricorrere non solo contro il produttore ma anche contro :<\/p>\n<p style=\"padding-left: 40px;\">&#8211; L\u2019importatore che \u00e8 solidalmente responsabile con il produttore;<br \/>\n&#8211; Il fornitore qualora il produttore non potesse essere identificato<\/p>\n<p>Inoltre, il termine \u201cproduttore\u201d designa il fabbricante di un prodotto finito, il produttore di una materia prima o il fabbricante di una parte componente, nonch\u00e9 ogni persona che, apponendo il proprio nome, marchio o altro segno distintivo sul prodotto, si presenta come produttore dello stesso.<\/p>\n<p>Sulla base di questa definizione, la Corte di Cassazione belga ha deciso in una sentenza del 10 novembre 2009 che l\u2019azienda che aveva apposto il proprio nome in modo visibilissimo sulla forcella di una bicicletta coinvolta in un incidente, doveva essere considerata come \u201cproduttore\u201d ai sensi della direttiva, nonostante la forcella fosse stata fabbricata da una altra azienda.<\/p>\n<p>La competenza del nostro Studio nel campo della responsabilit\u00e0 dei prodotti si suddivide in tre tipi di attivt\u00e0:<\/p>\n<p style=\"padding-left: 40px;\">&#8211; Redazione di pareri sulla conformit\u00e0 di contratti di distribuzione con le disposizioni della direttiva 85\/374;<br \/>\n&#8211; Analisi giuridica degli incidenti al fine di determinare se e in quale misura le clienti dello Studio possano essere considerate responsabili ai sensi della direttiva;<br \/>\n&#8211; Contenzioso<\/p>\n<p>[\/vc_column_text][vc_row_inner rt_row_background_width=&#8221;fullwidth&#8221; rt_row_content_width=&#8221;default&#8221; rt_row_style=&#8221;global-style&#8221; rt_row_height=&#8221;&#8221; rt_column_gaps=&#8221;&#8221; rt_row_borders=&#8221;&#8221; rt_bg_effect=&#8221;classic&#8221; rt_bg_image_repeat=&#8221;repeat&#8221; rt_bg_size=&#8221;cover&#8221; rt_bg_position=&#8221;right top&#8221; rt_bg_attachment=&#8221;scroll&#8221; rt_bg_layer=&#8221;&#8221; rt_bg_video_format=&#8221;self-hosted&#8221; rt_class=&#8221;rt-1310422&#8243; rt_paddings=&#8221;0,0,,&#8221; rt_margins=&#8221;,,,&#8221; rt_content_margins=&#8221;,,,&#8221; rt_tablet_paddings=&#8221;,,,&#8221; rt_tablet_margins=&#8221;,,,&#8221; rt_tablet_content_margins=&#8221;,,,&#8221; rt_sp_paddings=&#8221;,,,&#8221; rt_sp_margins=&#8221;,,,&#8221; rt_sp_content_margins=&#8221;,,,&#8221;][vc_column_inner rt_bg_effect=&#8221;classic&#8221; rt_bg_image_repeat=&#8221;repeat&#8221; rt_bg_size=&#8221;auto auto&#8221; rt_bg_position=&#8221;right top&#8221; rt_bg_attachment=&#8221;scroll&#8221;]<div class=\"button_wrapper  alignleft arrow\"><a href=\"https:\/\/www.laffineur.com\/it\/ejemplo-de-un-proyecto-de-ley-de-responsabilidad\/\" target=\"_self\" title=\"Esempio di progetto in materia di responsabilit\u00e0\" class=\"button_ rt-7886674 style-1 small rt-8382015\"><span><span>Esempio di progetto in materia di responsabilit\u00e0<\/span><\/span><\/a><\/div>[\/vc_column_inner][\/vc_row_inner][vc_column_text]<\/p>\n<h5><b>Responsabilit\u00e0 medica<\/b><\/h5>\n<p>Le regole della responsabilit\u00e0 medica in Belgio e in Francia riprendono le regole classiche del diritto della responsabilit\u00e0 per fatto altrui previste dal codice civile. Tuttavia, laddove un incidente di origine medica sia stato causato da un prodotto (siringa, attrezzatura medica, ecc) si applicano le regole sovra menzionate relative alla responsabilit\u00e0 dei prodotti difettosi.<br \/>\nIl nostro Studio legale si occupa di responsabilit\u00e0 medica, intervenendo sia a livello di consulenza che di contenzioso.<\/p>\n<p>In questo ultimo caso, prepariamo ed inoltriamo per conto dei nostri clienti il loro dossier dinanzi ai fondi belga e francesi competenti per risarcire le vittime di un incidente medico \u2013 per il Belgio il \u00ab fonds des accidents m\u00e9dicaux \u00bb ; per la Francia, le \u00ab Commissions R\u00e9gionales de conciliation et d\u2019indemnisation (CRCI)\u201d oppure \u201cL\u2019Office National d\u2019Indemnisation des Acceidents M\u00e9dicaux (ONIAM)\u201d.[\/vc_column_text][\/vc_column][\/vc_row]<\/p>\n","protected":false},"excerpt":{"rendered":"<p>[vc_row css_animation=&#8221;fadeIn&#8221; rt_row_background_width=&#8221;fullwidth&#8221; rt_row_content_width=&#8221;default&#8221; rt_row_style=&#8221;default-style&#8221; rt_row_height=&#8221;&#8221; rt_column_gaps=&#8221;&#8221; rt_row_shadows=&#8221;&#8221; rt_col_anim=&#8221;true&#8221; rt_row_borders=&#8221;&#8221; rt_bg_effect=&#8221;classic&#8221; rt_bg_image_repeat=&#8221;repeat&#8221; rt_bg_size=&#8221;cover&#8221; rt_bg_position=&#8221;right top&#8221; rt_bg_attachment=&#8221;scroll&#8221; rt_bg_layer=&#8221;&#8221; rt_bg_video_format=&#8221;self-hosted&#8221; rt_class=&#8221;rt-7841791&#8243; rt_paddings=&#8221;,35px,,&#8221; rt_margins=&#8221;26,40,,&#8221; rt_content_margins=&#8221;,,,&#8221; rt_tablet_paddings=&#8221;,,,&#8221; rt_tablet_margins=&#8221;,,,&#8221; rt_tablet_content_margins=&#8221;,,,&#8221; rt_sp_paddings=&#8221;,,,&#8221; rt_sp_margins=&#8221;,,,&#8221; rt_sp_content_margins=&#8221;,,,&#8221;][vc_column width=&#8221;1\/3&#8243; rt_bg_effect=&#8221;classic&#8221; rt_bg_image_repeat=&#8221;repeat&#8221; rt_bg_size=&#8221;auto auto&#8221; rt_bg_position=&#8221;right top&#8221; rt_bg_attachment=&#8221;scroll&#8221; rt_class=&#8221;rt-3151716&#8243; rt_margins=&#8221;,&#8221; rt_paddings=&#8221;,,,&#8221; rt_wrapper_paddings=&#8221;,,,&#8221; rt_tablet_margins=&#8221;,&#8221; rt_tablet_paddings=&#8221;,,,&#8221; rt_tablet_wrapper_paddings=&#8221;,,,&#8221; rt_sp_margins=&#8221;,&#8221; rt_sp_paddings=&#8221;,,,&#8221; rt_sp_wrapper_paddings=&#8221;,,,&#8221; rt_bg_color=&#8221;&#8221; rt_bg_overlay_color=&#8221;&#8221;][vc_single_image image=&#8221;7127&#8243; img_size=&#8221;full&#8221; css_animation=&#8221;none&#8221;][\/vc_column][vc_column width=&#8221;2\/3&#8243; rt_bg_effect=&#8221;classic&#8221; rt_bg_image_repeat=&#8221;repeat&#8221; rt_bg_size=&#8221;auto [&hellip;]<\/p>\n","protected":false},"author":1,"featured_media":0,"parent":0,"menu_order":0,"comment_status":"closed","ping_status":"closed","template":"","meta":{"footnotes":""},"class_list":["post-9861","page","type-page","status-publish","hentry"],"yoast_head":"<!-- This site is optimized with the Yoast SEO plugin v27.1.1 - https:\/\/yoast.com\/product\/yoast-seo-wordpress\/ -->\n<title>Diritto della responsabilit\u00e0 - Laffineur - Cabinet d&#039;avocats<\/title>\n<meta name=\"description\" content=\"Consigliamo le aziende in merito alla loro responsabilit\u00e0 (contrattuale, illecito civile, medico, prodotti difettosi) e le persone che chiedono un risarcimento ai tribunali nazionali e agli organismi di risarcimento nazionali\" \/>\n<meta name=\"robots\" content=\"index, follow, max-snippet:-1, max-image-preview:large, max-video-preview:-1\" \/>\n<link rel=\"canonical\" href=\"https:\/\/www.laffineur.com\/it\/diritto-della-responsabilita\/\" \/>\n<meta property=\"og:locale\" content=\"it_IT\" \/>\n<meta property=\"og:type\" content=\"article\" \/>\n<meta property=\"og:title\" content=\"Diritto della responsabilit\u00e0 - Laffineur - Cabinet d&#039;avocats\" \/>\n<meta property=\"og:description\" content=\"Consigliamo le aziende in merito alla loro responsabilit\u00e0 (contrattuale, illecito civile, medico, prodotti difettosi) e le persone che chiedono un risarcimento ai tribunali nazionali e agli organismi di risarcimento nazionali\" \/>\n<meta property=\"og:url\" content=\"https:\/\/www.laffineur.com\/it\/diritto-della-responsabilita\/\" \/>\n<meta property=\"og:site_name\" content=\"Laffineur - Cabinet d&#039;avocats\" \/>\n<meta property=\"article:modified_time\" content=\"2021-06-25T10:04:09+00:00\" \/>\n<meta name=\"twitter:card\" content=\"summary_large_image\" \/>\n<script type=\"application\/ld+json\" class=\"yoast-schema-graph\">{\"@context\":\"https:\/\/schema.org\",\"@graph\":[{\"@type\":\"WebPage\",\"@id\":\"https:\/\/www.laffineur.com\/it\/diritto-della-responsabilita\/\",\"url\":\"https:\/\/www.laffineur.com\/it\/diritto-della-responsabilita\/\",\"name\":\"Diritto della responsabilit\u00e0 - Laffineur - Cabinet d&#039;avocats\",\"isPartOf\":{\"@id\":\"https:\/\/www.laffineur.com\/#website\"},\"datePublished\":\"2021-06-25T10:00:14+00:00\",\"dateModified\":\"2021-06-25T10:04:09+00:00\",\"description\":\"Consigliamo le aziende in merito alla loro responsabilit\u00e0 (contrattuale, illecito civile, medico, prodotti difettosi) e le persone che chiedono un risarcimento ai tribunali nazionali e agli organismi di risarcimento nazionali\",\"inLanguage\":\"it-IT\",\"potentialAction\":[{\"@type\":\"ReadAction\",\"target\":[\"https:\/\/www.laffineur.com\/it\/diritto-della-responsabilita\/\"]}]},{\"@type\":\"WebSite\",\"@id\":\"https:\/\/www.laffineur.com\/#website\",\"url\":\"https:\/\/www.laffineur.com\/\",\"name\":\"Laffineur - Cabinet d'avocats\",\"description\":\"Laffineur - Cabinet d&#039;avocats\",\"publisher\":{\"@id\":\"https:\/\/www.laffineur.com\/#organization\"},\"potentialAction\":[{\"@type\":\"SearchAction\",\"target\":{\"@type\":\"EntryPoint\",\"urlTemplate\":\"https:\/\/www.laffineur.com\/?s={search_term_string}\"},\"query-input\":{\"@type\":\"PropertyValueSpecification\",\"valueRequired\":true,\"valueName\":\"search_term_string\"}}],\"inLanguage\":\"it-IT\"},{\"@type\":\"Organization\",\"@id\":\"https:\/\/www.laffineur.com\/#organization\",\"name\":\"Cabinet Laffineur\",\"url\":\"https:\/\/www.laffineur.com\/\",\"logo\":{\"@type\":\"ImageObject\",\"inLanguage\":\"it-IT\",\"@id\":\"https:\/\/www.laffineur.com\/#\/schema\/logo\/image\/\",\"url\":\"https:\/\/www.laffineur.com\/wp-content\/uploads\/2021\/03\/Logo-Laffineur-v326x154.png\",\"contentUrl\":\"https:\/\/www.laffineur.com\/wp-content\/uploads\/2021\/03\/Logo-Laffineur-v326x154.png\",\"width\":326,\"height\":154,\"caption\":\"Cabinet Laffineur\"},\"image\":{\"@id\":\"https:\/\/www.laffineur.com\/#\/schema\/logo\/image\/\"},\"sameAs\":[\"https:\/\/www.linkedin.com\/in\/jean-luc-laffineur-4a6365\/?originalSubdomain=be\"]}]}<\/script>\n<!-- \/ Yoast SEO plugin. -->","yoast_head_json":{"title":"Diritto della responsabilit\u00e0 - Laffineur - Cabinet d&#039;avocats","description":"Consigliamo le aziende in merito alla loro responsabilit\u00e0 (contrattuale, illecito civile, medico, prodotti difettosi) e le persone che chiedono un risarcimento ai tribunali nazionali e agli organismi di risarcimento nazionali","robots":{"index":"index","follow":"follow","max-snippet":"max-snippet:-1","max-image-preview":"max-image-preview:large","max-video-preview":"max-video-preview:-1"},"canonical":"https:\/\/www.laffineur.com\/it\/diritto-della-responsabilita\/","og_locale":"it_IT","og_type":"article","og_title":"Diritto della responsabilit\u00e0 - Laffineur - Cabinet d&#039;avocats","og_description":"Consigliamo le aziende in merito alla loro responsabilit\u00e0 (contrattuale, illecito civile, medico, prodotti difettosi) e le persone che chiedono un risarcimento ai tribunali nazionali e agli organismi di risarcimento nazionali","og_url":"https:\/\/www.laffineur.com\/it\/diritto-della-responsabilita\/","og_site_name":"Laffineur - Cabinet d&#039;avocats","article_modified_time":"2021-06-25T10:04:09+00:00","twitter_card":"summary_large_image","schema":{"@context":"https:\/\/schema.org","@graph":[{"@type":"WebPage","@id":"https:\/\/www.laffineur.com\/it\/diritto-della-responsabilita\/","url":"https:\/\/www.laffineur.com\/it\/diritto-della-responsabilita\/","name":"Diritto della responsabilit\u00e0 - Laffineur - Cabinet d&#039;avocats","isPartOf":{"@id":"https:\/\/www.laffineur.com\/#website"},"datePublished":"2021-06-25T10:00:14+00:00","dateModified":"2021-06-25T10:04:09+00:00","description":"Consigliamo le aziende in merito alla loro responsabilit\u00e0 (contrattuale, illecito civile, medico, prodotti difettosi) e le persone che chiedono un risarcimento ai tribunali nazionali e agli organismi di risarcimento nazionali","inLanguage":"it-IT","potentialAction":[{"@type":"ReadAction","target":["https:\/\/www.laffineur.com\/it\/diritto-della-responsabilita\/"]}]},{"@type":"WebSite","@id":"https:\/\/www.laffineur.com\/#website","url":"https:\/\/www.laffineur.com\/","name":"Laffineur - Cabinet d'avocats","description":"Laffineur - Cabinet d&#039;avocats","publisher":{"@id":"https:\/\/www.laffineur.com\/#organization"},"potentialAction":[{"@type":"SearchAction","target":{"@type":"EntryPoint","urlTemplate":"https:\/\/www.laffineur.com\/?s={search_term_string}"},"query-input":{"@type":"PropertyValueSpecification","valueRequired":true,"valueName":"search_term_string"}}],"inLanguage":"it-IT"},{"@type":"Organization","@id":"https:\/\/www.laffineur.com\/#organization","name":"Cabinet Laffineur","url":"https:\/\/www.laffineur.com\/","logo":{"@type":"ImageObject","inLanguage":"it-IT","@id":"https:\/\/www.laffineur.com\/#\/schema\/logo\/image\/","url":"https:\/\/www.laffineur.com\/wp-content\/uploads\/2021\/03\/Logo-Laffineur-v326x154.png","contentUrl":"https:\/\/www.laffineur.com\/wp-content\/uploads\/2021\/03\/Logo-Laffineur-v326x154.png","width":326,"height":154,"caption":"Cabinet Laffineur"},"image":{"@id":"https:\/\/www.laffineur.com\/#\/schema\/logo\/image\/"},"sameAs":["https:\/\/www.linkedin.com\/in\/jean-luc-laffineur-4a6365\/?originalSubdomain=be"]}]}},"_links":{"self":[{"href":"https:\/\/www.laffineur.com\/it\/wp-json\/wp\/v2\/pages\/9861","targetHints":{"allow":["GET"]}}],"collection":[{"href":"https:\/\/www.laffineur.com\/it\/wp-json\/wp\/v2\/pages"}],"about":[{"href":"https:\/\/www.laffineur.com\/it\/wp-json\/wp\/v2\/types\/page"}],"author":[{"embeddable":true,"href":"https:\/\/www.laffineur.com\/it\/wp-json\/wp\/v2\/users\/1"}],"replies":[{"embeddable":true,"href":"https:\/\/www.laffineur.com\/it\/wp-json\/wp\/v2\/comments?post=9861"}],"version-history":[{"count":4,"href":"https:\/\/www.laffineur.com\/it\/wp-json\/wp\/v2\/pages\/9861\/revisions"}],"predecessor-version":[{"id":9869,"href":"https:\/\/www.laffineur.com\/it\/wp-json\/wp\/v2\/pages\/9861\/revisions\/9869"}],"wp:attachment":[{"href":"https:\/\/www.laffineur.com\/it\/wp-json\/wp\/v2\/media?parent=9861"}],"curies":[{"name":"wp","href":"https:\/\/api.w.org\/{rel}","templated":true}]}}