{"id":10137,"date":"2021-06-27T23:02:38","date_gmt":"2021-06-27T21:02:38","guid":{"rendered":"https:\/\/www.laffineur.com\/diritto-farmaceutico\/"},"modified":"2021-06-28T14:54:13","modified_gmt":"2021-06-28T12:54:13","slug":"diritto-farmaceutico","status":"publish","type":"page","link":"https:\/\/www.laffineur.com\/it\/diritto-regolamentare-del-mercato-interno-dellue-e-lobbying\/diritto-farmaceutico\/","title":{"rendered":"Diritto farmaceutico"},"content":{"rendered":"<p>[vc_row css_animation=&#8221;fadeIn&#8221; rt_row_background_width=&#8221;fullwidth&#8221; rt_row_content_width=&#8221;default&#8221; rt_row_style=&#8221;default-style&#8221; rt_row_height=&#8221;&#8221; rt_column_gaps=&#8221;&#8221; rt_row_shadows=&#8221;&#8221; rt_col_anim=&#8221;true&#8221; rt_row_borders=&#8221;bottom&#8221; rt_bg_effect=&#8221;classic&#8221; rt_bg_image_repeat=&#8221;repeat&#8221; rt_bg_size=&#8221;cover&#8221; rt_bg_position=&#8221;right top&#8221; rt_bg_attachment=&#8221;scroll&#8221; rt_bg_layer=&#8221;&#8221; rt_bg_video_format=&#8221;self-hosted&#8221; rt_class=&#8221;rt-3652718&#8243; rt_paddings=&#8221;,35px,,&#8221; rt_margins=&#8221;26,,,&#8221; rt_content_margins=&#8221;,,,&#8221; rt_tablet_paddings=&#8221;,,,&#8221; rt_tablet_margins=&#8221;,,,&#8221; rt_tablet_content_margins=&#8221;,,,&#8221; rt_sp_paddings=&#8221;,,,&#8221; rt_sp_margins=&#8221;,,,&#8221; rt_sp_content_margins=&#8221;,,,&#8221;][vc_column width=&#8221;1\/3&#8243; rt_bg_effect=&#8221;classic&#8221; rt_bg_image_repeat=&#8221;repeat&#8221; rt_bg_size=&#8221;auto auto&#8221; rt_bg_position=&#8221;right top&#8221; rt_bg_attachment=&#8221;scroll&#8221; rt_class=&#8221;rt-8209069&#8243; rt_margins=&#8221;,&#8221; rt_paddings=&#8221;,,,&#8221; rt_wrapper_paddings=&#8221;,,,&#8221; rt_tablet_margins=&#8221;,&#8221; rt_tablet_paddings=&#8221;,,,&#8221; rt_tablet_wrapper_paddings=&#8221;,,,&#8221; rt_sp_margins=&#8221;,&#8221; rt_sp_paddings=&#8221;,,,&#8221; rt_sp_wrapper_paddings=&#8221;,,,&#8221; rt_bg_color=&#8221;&#8221; rt_bg_overlay_color=&#8221;&#8221;][vc_single_image image=&#8221;7167&#8243; img_size=&#8221;full&#8221; css_animation=&#8221;none&#8221;][\/vc_column][vc_column width=&#8221;2\/3&#8243; rt_bg_effect=&#8221;classic&#8221; rt_bg_image_repeat=&#8221;repeat&#8221; rt_bg_size=&#8221;auto auto&#8221; rt_bg_position=&#8221;right top&#8221; rt_bg_attachment=&#8221;scroll&#8221; css=&#8221;.vc_custom_1617288754505{border-left-width: 1px !important;border-left-color: #a3a3a3 !important;}&#8221; rt_class=&#8221;rt-9829982&#8243; rt_margins=&#8221;,&#8221; rt_paddings=&#8221;,,,&#8221; rt_wrapper_paddings=&#8221;,,,&#8221; rt_tablet_margins=&#8221;,&#8221; rt_tablet_paddings=&#8221;,,,&#8221; rt_tablet_wrapper_paddings=&#8221;,,,&#8221; rt_sp_margins=&#8221;,&#8221; rt_sp_paddings=&#8221;,,,&#8221; rt_sp_wrapper_paddings=&#8221;,,,&#8221; rt_bg_color=&#8221;&#8221; rt_bg_overlay_color=&#8221;&#8221;]<div class=\"rt-heading-wrapper style-5 rt-3006911\">\n\t\t\t\t\t\t<h1 class=\"rt-heading style-5\" >DIRITTO FARMACEUTICO<\/h1>\n\t\t\t\t\t<\/div>[vc_column_text]<span style=\"font-weight: 400;\">Il quadro giuridico del diritto farmaceutico europeo \u00e8 composto da due leggi fondamentali: la Direttiva 2001\/83 relativa ad un codice comunitario riguardante i medicinali per uso umano e il Regolamento 726\/2004 che istituisce procedure comunitarie per l\u2019autorizzazione e la sorveglianza dei medicinali per uso umano e veterinario. Il presente regolamento istituisce anche l\u2019agenzia europea per i medicinali (EMA) a Londra.<\/span><\/p>\n<p><span style=\"font-weight: 400;\">Queste leggi vanno completate da altre regole pi\u00f9 specifiche, quale la legislazione sugli studi clinici, oppure da testi non vincolanti, quale la \u201cComunicazione della Commissione sulle importazioni parallele di specialit\u00e0 medicinali la cui immissione in commercio \u00e8 gi\u00e0 stata autorizzata\u201d.<\/span><\/p>\n<p><span style=\"font-weight: 400;\">Il nostro studio si puo\u2019 avvalere di una ampia esperienza nel campo della<\/span> <a href=\"https:\/\/www.laffineur.com\/it\/esempio-di-un-progetto-farmaceutico\/\"><span style=\"font-weight: 400;\">consulenza ad aziende che fabbricano prodotti farmaceutici<\/span><span style=\"font-weight: 400;\">.<\/span><\/a><\/p>\n<p><span style=\"font-weight: 400;\">Il nostro studio ha altresi\u2019 sviluppato la propria pratica nel campo :<\/span><\/p>\n<p style=\"padding-left: 40px;\">\t \n\t\t<div  class=\"bullet-list style-1  check\">\n\t\t<ul>\n<li><a href=\"https:\/\/www.laffineur.com\/it\/diritto-dei-pazienti\/\"><span style=\"font-weight: 400;\">Del diritto dei pazienti<\/span><\/a><\/li>\n<li><a href=\"https:\/\/www.laffineur.com\/it\/diritto-della-responsabilita\/\"><span style=\"font-weight: 400;\">Della responsabilit\u00e0 medica<\/span><\/a><\/li>\n<\/ul>\n<p style=\"padding-left: 40px;\">\n\n\t\t<\/div>\n\t\n<p>[\/vc_column_text][vc_empty_space]<div class=\"button_wrapper  alignright arrow\"><a href=\"https:\/\/www.laffineur.com\/it\/esempio-di-un-progetto-farmaceutico\/\" target=\"_self\" title=\"Esempio di un progetto farmaceutico\" class=\"button_ rt-7886674 style-1 small rt-4570306\"><span><span>Esempio di un progetto farmaceutico<\/span><\/span><\/a><\/div>[\/vc_column][\/vc_row]<\/p>\n","protected":false},"excerpt":{"rendered":"<p>[vc_row css_animation=&#8221;fadeIn&#8221; rt_row_background_width=&#8221;fullwidth&#8221; rt_row_content_width=&#8221;default&#8221; rt_row_style=&#8221;default-style&#8221; rt_row_height=&#8221;&#8221; rt_column_gaps=&#8221;&#8221; rt_row_shadows=&#8221;&#8221; rt_col_anim=&#8221;true&#8221; rt_row_borders=&#8221;bottom&#8221; rt_bg_effect=&#8221;classic&#8221; rt_bg_image_repeat=&#8221;repeat&#8221; rt_bg_size=&#8221;cover&#8221; rt_bg_position=&#8221;right top&#8221; rt_bg_attachment=&#8221;scroll&#8221; rt_bg_layer=&#8221;&#8221; rt_bg_video_format=&#8221;self-hosted&#8221; rt_class=&#8221;rt-3652718&#8243; rt_paddings=&#8221;,35px,,&#8221; rt_margins=&#8221;26,,,&#8221; rt_content_margins=&#8221;,,,&#8221; rt_tablet_paddings=&#8221;,,,&#8221; rt_tablet_margins=&#8221;,,,&#8221; rt_tablet_content_margins=&#8221;,,,&#8221; rt_sp_paddings=&#8221;,,,&#8221; rt_sp_margins=&#8221;,,,&#8221; rt_sp_content_margins=&#8221;,,,&#8221;][vc_column width=&#8221;1\/3&#8243; rt_bg_effect=&#8221;classic&#8221; rt_bg_image_repeat=&#8221;repeat&#8221; rt_bg_size=&#8221;auto auto&#8221; rt_bg_position=&#8221;right top&#8221; rt_bg_attachment=&#8221;scroll&#8221; rt_class=&#8221;rt-8209069&#8243; rt_margins=&#8221;,&#8221; rt_paddings=&#8221;,,,&#8221; rt_wrapper_paddings=&#8221;,,,&#8221; rt_tablet_margins=&#8221;,&#8221; rt_tablet_paddings=&#8221;,,,&#8221; rt_tablet_wrapper_paddings=&#8221;,,,&#8221; rt_sp_margins=&#8221;,&#8221; rt_sp_paddings=&#8221;,,,&#8221; rt_sp_wrapper_paddings=&#8221;,,,&#8221; rt_bg_color=&#8221;&#8221; rt_bg_overlay_color=&#8221;&#8221;][vc_single_image image=&#8221;7167&#8243; img_size=&#8221;full&#8221; css_animation=&#8221;none&#8221;][\/vc_column][vc_column width=&#8221;2\/3&#8243; rt_bg_effect=&#8221;classic&#8221; rt_bg_image_repeat=&#8221;repeat&#8221; rt_bg_size=&#8221;auto [&hellip;]<\/p>\n","protected":false},"author":1,"featured_media":0,"parent":10237,"menu_order":0,"comment_status":"closed","ping_status":"closed","template":"","meta":{"footnotes":""},"class_list":["post-10137","page","type-page","status-publish","hentry"],"yoast_head":"<!-- This site is optimized with the Yoast SEO plugin v27.1.1 - https:\/\/yoast.com\/product\/yoast-seo-wordpress\/ -->\n<title>Diritto farmaceutico - Laffineur - Cabinet d&#039;avocats<\/title>\n<meta name=\"description\" content=\"Lo studio Laffineur consiglia e assiste i professionisti del settore farmaceutico per quanto riguarda le normative (farmaci, dispositivi) e il rilascio delle autorizzazioni all&#039;immissione in commercio (AMM).\" \/>\n<meta name=\"robots\" content=\"index, follow, max-snippet:-1, max-image-preview:large, max-video-preview:-1\" \/>\n<link rel=\"canonical\" href=\"https:\/\/www.laffineur.com\/it\/diritto-regolamentare-del-mercato-interno-dellue-e-lobbying\/diritto-farmaceutico\/\" \/>\n<meta property=\"og:locale\" content=\"it_IT\" \/>\n<meta property=\"og:type\" content=\"article\" \/>\n<meta property=\"og:title\" content=\"Diritto farmaceutico - Laffineur - Cabinet d&#039;avocats\" \/>\n<meta property=\"og:description\" content=\"Lo studio Laffineur consiglia e assiste i professionisti del settore farmaceutico per quanto riguarda le normative (farmaci, dispositivi) e il rilascio delle autorizzazioni all&#039;immissione in commercio (AMM).\" \/>\n<meta property=\"og:url\" content=\"https:\/\/www.laffineur.com\/it\/diritto-regolamentare-del-mercato-interno-dellue-e-lobbying\/diritto-farmaceutico\/\" \/>\n<meta property=\"og:site_name\" content=\"Laffineur - Cabinet d&#039;avocats\" \/>\n<meta property=\"article:modified_time\" content=\"2021-06-28T12:54:13+00:00\" \/>\n<meta name=\"twitter:card\" content=\"summary_large_image\" \/>\n<script type=\"application\/ld+json\" class=\"yoast-schema-graph\">{\"@context\":\"https:\/\/schema.org\",\"@graph\":[{\"@type\":\"WebPage\",\"@id\":\"https:\/\/www.laffineur.com\/it\/diritto-regolamentare-del-mercato-interno-dellue-e-lobbying\/diritto-farmaceutico\/\",\"url\":\"https:\/\/www.laffineur.com\/it\/diritto-regolamentare-del-mercato-interno-dellue-e-lobbying\/diritto-farmaceutico\/\",\"name\":\"Diritto farmaceutico - Laffineur - Cabinet d&#039;avocats\",\"isPartOf\":{\"@id\":\"https:\/\/www.laffineur.com\/#website\"},\"datePublished\":\"2021-06-27T21:02:38+00:00\",\"dateModified\":\"2021-06-28T12:54:13+00:00\",\"description\":\"Lo studio Laffineur consiglia e assiste i professionisti del settore farmaceutico per quanto riguarda le normative (farmaci, dispositivi) e il rilascio delle autorizzazioni all'immissione in commercio (AMM).\",\"breadcrumb\":{\"@id\":\"https:\/\/www.laffineur.com\/it\/diritto-regolamentare-del-mercato-interno-dellue-e-lobbying\/diritto-farmaceutico\/#breadcrumb\"},\"inLanguage\":\"it-IT\",\"potentialAction\":[{\"@type\":\"ReadAction\",\"target\":[\"https:\/\/www.laffineur.com\/it\/diritto-regolamentare-del-mercato-interno-dellue-e-lobbying\/diritto-farmaceutico\/\"]}]},{\"@type\":\"BreadcrumbList\",\"@id\":\"https:\/\/www.laffineur.com\/it\/diritto-regolamentare-del-mercato-interno-dellue-e-lobbying\/diritto-farmaceutico\/#breadcrumb\",\"itemListElement\":[{\"@type\":\"ListItem\",\"position\":1,\"name\":\"Diritto regolamentare del mercato interno dell&#8217;UE e lobbying\",\"item\":\"https:\/\/www.laffineur.com\/it\/diritto-regolamentare-del-mercato-interno-dellue-e-lobbying\/\"},{\"@type\":\"ListItem\",\"position\":2,\"name\":\"Diritto farmaceutico\"}]},{\"@type\":\"WebSite\",\"@id\":\"https:\/\/www.laffineur.com\/#website\",\"url\":\"https:\/\/www.laffineur.com\/\",\"name\":\"Laffineur - Cabinet d'avocats\",\"description\":\"Laffineur - Cabinet d&#039;avocats\",\"publisher\":{\"@id\":\"https:\/\/www.laffineur.com\/#organization\"},\"potentialAction\":[{\"@type\":\"SearchAction\",\"target\":{\"@type\":\"EntryPoint\",\"urlTemplate\":\"https:\/\/www.laffineur.com\/?s={search_term_string}\"},\"query-input\":{\"@type\":\"PropertyValueSpecification\",\"valueRequired\":true,\"valueName\":\"search_term_string\"}}],\"inLanguage\":\"it-IT\"},{\"@type\":\"Organization\",\"@id\":\"https:\/\/www.laffineur.com\/#organization\",\"name\":\"Cabinet Laffineur\",\"url\":\"https:\/\/www.laffineur.com\/\",\"logo\":{\"@type\":\"ImageObject\",\"inLanguage\":\"it-IT\",\"@id\":\"https:\/\/www.laffineur.com\/#\/schema\/logo\/image\/\",\"url\":\"https:\/\/www.laffineur.com\/wp-content\/uploads\/2021\/03\/Logo-Laffineur-v326x154.png\",\"contentUrl\":\"https:\/\/www.laffineur.com\/wp-content\/uploads\/2021\/03\/Logo-Laffineur-v326x154.png\",\"width\":326,\"height\":154,\"caption\":\"Cabinet Laffineur\"},\"image\":{\"@id\":\"https:\/\/www.laffineur.com\/#\/schema\/logo\/image\/\"},\"sameAs\":[\"https:\/\/www.linkedin.com\/in\/jean-luc-laffineur-4a6365\/?originalSubdomain=be\"]}]}<\/script>\n<!-- \/ Yoast SEO plugin. -->","yoast_head_json":{"title":"Diritto farmaceutico - Laffineur - Cabinet d&#039;avocats","description":"Lo studio Laffineur consiglia e assiste i professionisti del settore farmaceutico per quanto riguarda le normative (farmaci, dispositivi) e il rilascio delle autorizzazioni all'immissione in commercio (AMM).","robots":{"index":"index","follow":"follow","max-snippet":"max-snippet:-1","max-image-preview":"max-image-preview:large","max-video-preview":"max-video-preview:-1"},"canonical":"https:\/\/www.laffineur.com\/it\/diritto-regolamentare-del-mercato-interno-dellue-e-lobbying\/diritto-farmaceutico\/","og_locale":"it_IT","og_type":"article","og_title":"Diritto farmaceutico - Laffineur - Cabinet d&#039;avocats","og_description":"Lo studio Laffineur consiglia e assiste i professionisti del settore farmaceutico per quanto riguarda le normative (farmaci, dispositivi) e il rilascio delle autorizzazioni all'immissione in commercio (AMM).","og_url":"https:\/\/www.laffineur.com\/it\/diritto-regolamentare-del-mercato-interno-dellue-e-lobbying\/diritto-farmaceutico\/","og_site_name":"Laffineur - Cabinet d&#039;avocats","article_modified_time":"2021-06-28T12:54:13+00:00","twitter_card":"summary_large_image","schema":{"@context":"https:\/\/schema.org","@graph":[{"@type":"WebPage","@id":"https:\/\/www.laffineur.com\/it\/diritto-regolamentare-del-mercato-interno-dellue-e-lobbying\/diritto-farmaceutico\/","url":"https:\/\/www.laffineur.com\/it\/diritto-regolamentare-del-mercato-interno-dellue-e-lobbying\/diritto-farmaceutico\/","name":"Diritto farmaceutico - Laffineur - Cabinet d&#039;avocats","isPartOf":{"@id":"https:\/\/www.laffineur.com\/#website"},"datePublished":"2021-06-27T21:02:38+00:00","dateModified":"2021-06-28T12:54:13+00:00","description":"Lo studio Laffineur consiglia e assiste i professionisti del settore farmaceutico per quanto riguarda le normative (farmaci, dispositivi) e il rilascio delle autorizzazioni all'immissione in commercio (AMM).","breadcrumb":{"@id":"https:\/\/www.laffineur.com\/it\/diritto-regolamentare-del-mercato-interno-dellue-e-lobbying\/diritto-farmaceutico\/#breadcrumb"},"inLanguage":"it-IT","potentialAction":[{"@type":"ReadAction","target":["https:\/\/www.laffineur.com\/it\/diritto-regolamentare-del-mercato-interno-dellue-e-lobbying\/diritto-farmaceutico\/"]}]},{"@type":"BreadcrumbList","@id":"https:\/\/www.laffineur.com\/it\/diritto-regolamentare-del-mercato-interno-dellue-e-lobbying\/diritto-farmaceutico\/#breadcrumb","itemListElement":[{"@type":"ListItem","position":1,"name":"Diritto regolamentare del mercato interno dell&#8217;UE e lobbying","item":"https:\/\/www.laffineur.com\/it\/diritto-regolamentare-del-mercato-interno-dellue-e-lobbying\/"},{"@type":"ListItem","position":2,"name":"Diritto farmaceutico"}]},{"@type":"WebSite","@id":"https:\/\/www.laffineur.com\/#website","url":"https:\/\/www.laffineur.com\/","name":"Laffineur - Cabinet d'avocats","description":"Laffineur - Cabinet d&#039;avocats","publisher":{"@id":"https:\/\/www.laffineur.com\/#organization"},"potentialAction":[{"@type":"SearchAction","target":{"@type":"EntryPoint","urlTemplate":"https:\/\/www.laffineur.com\/?s={search_term_string}"},"query-input":{"@type":"PropertyValueSpecification","valueRequired":true,"valueName":"search_term_string"}}],"inLanguage":"it-IT"},{"@type":"Organization","@id":"https:\/\/www.laffineur.com\/#organization","name":"Cabinet Laffineur","url":"https:\/\/www.laffineur.com\/","logo":{"@type":"ImageObject","inLanguage":"it-IT","@id":"https:\/\/www.laffineur.com\/#\/schema\/logo\/image\/","url":"https:\/\/www.laffineur.com\/wp-content\/uploads\/2021\/03\/Logo-Laffineur-v326x154.png","contentUrl":"https:\/\/www.laffineur.com\/wp-content\/uploads\/2021\/03\/Logo-Laffineur-v326x154.png","width":326,"height":154,"caption":"Cabinet Laffineur"},"image":{"@id":"https:\/\/www.laffineur.com\/#\/schema\/logo\/image\/"},"sameAs":["https:\/\/www.linkedin.com\/in\/jean-luc-laffineur-4a6365\/?originalSubdomain=be"]}]}},"_links":{"self":[{"href":"https:\/\/www.laffineur.com\/it\/wp-json\/wp\/v2\/pages\/10137","targetHints":{"allow":["GET"]}}],"collection":[{"href":"https:\/\/www.laffineur.com\/it\/wp-json\/wp\/v2\/pages"}],"about":[{"href":"https:\/\/www.laffineur.com\/it\/wp-json\/wp\/v2\/types\/page"}],"author":[{"embeddable":true,"href":"https:\/\/www.laffineur.com\/it\/wp-json\/wp\/v2\/users\/1"}],"replies":[{"embeddable":true,"href":"https:\/\/www.laffineur.com\/it\/wp-json\/wp\/v2\/comments?post=10137"}],"version-history":[{"count":5,"href":"https:\/\/www.laffineur.com\/it\/wp-json\/wp\/v2\/pages\/10137\/revisions"}],"predecessor-version":[{"id":10159,"href":"https:\/\/www.laffineur.com\/it\/wp-json\/wp\/v2\/pages\/10137\/revisions\/10159"}],"up":[{"embeddable":true,"href":"https:\/\/www.laffineur.com\/it\/wp-json\/wp\/v2\/pages\/10237"}],"wp:attachment":[{"href":"https:\/\/www.laffineur.com\/it\/wp-json\/wp\/v2\/media?parent=10137"}],"curies":[{"name":"wp","href":"https:\/\/api.w.org\/{rel}","templated":true}]}}