{"id":10105,"date":"2021-06-27T20:19:43","date_gmt":"2021-06-27T18:19:43","guid":{"rendered":"https:\/\/www.laffineur.com\/diritto-alimentare\/"},"modified":"2021-06-27T20:21:11","modified_gmt":"2021-06-27T18:21:11","slug":"diritto-alimentare","status":"publish","type":"page","link":"https:\/\/www.laffineur.com\/it\/diritto-regolamentare-del-mercato-interno-dellue-e-lobbying\/diritto-alimentare\/","title":{"rendered":"Diritto alimentare"},"content":{"rendered":"<p>[vc_row css_animation=&#8221;fadeIn&#8221; rt_row_background_width=&#8221;fullwidth&#8221; rt_row_content_width=&#8221;default&#8221; rt_row_style=&#8221;default-style&#8221; rt_row_height=&#8221;&#8221; rt_column_gaps=&#8221;&#8221; rt_row_shadows=&#8221;&#8221; rt_col_anim=&#8221;true&#8221; rt_row_borders=&#8221;bottom&#8221; rt_bg_effect=&#8221;classic&#8221; rt_bg_image_repeat=&#8221;repeat&#8221; rt_bg_size=&#8221;cover&#8221; rt_bg_position=&#8221;right top&#8221; rt_bg_attachment=&#8221;scroll&#8221; rt_bg_layer=&#8221;&#8221; rt_bg_video_format=&#8221;self-hosted&#8221; rt_class=&#8221;rt-2146782&#8243; rt_paddings=&#8221;,35px,,&#8221; rt_margins=&#8221;26,,,&#8221; rt_content_margins=&#8221;,,,&#8221; rt_tablet_paddings=&#8221;,,,&#8221; rt_tablet_margins=&#8221;,,,&#8221; rt_tablet_content_margins=&#8221;,,,&#8221; rt_sp_paddings=&#8221;,,,&#8221; rt_sp_margins=&#8221;,,,&#8221; rt_sp_content_margins=&#8221;,,,&#8221;][vc_column width=&#8221;1\/3&#8243; rt_bg_effect=&#8221;classic&#8221; rt_bg_image_repeat=&#8221;repeat&#8221; rt_bg_size=&#8221;auto auto&#8221; rt_bg_position=&#8221;right top&#8221; rt_bg_attachment=&#8221;scroll&#8221; rt_class=&#8221;rt-8209069&#8243; rt_margins=&#8221;,&#8221; rt_paddings=&#8221;,,,&#8221; rt_wrapper_paddings=&#8221;,,,&#8221; rt_tablet_margins=&#8221;,&#8221; rt_tablet_paddings=&#8221;,,,&#8221; rt_tablet_wrapper_paddings=&#8221;,,,&#8221; rt_sp_margins=&#8221;,&#8221; rt_sp_paddings=&#8221;,,,&#8221; rt_sp_wrapper_paddings=&#8221;,,,&#8221; rt_bg_color=&#8221;&#8221; rt_bg_overlay_color=&#8221;&#8221;][vc_single_image image=&#8221;7117&#8243; img_size=&#8221;full&#8221; css_animation=&#8221;none&#8221;][\/vc_column][vc_column width=&#8221;2\/3&#8243; rt_bg_effect=&#8221;classic&#8221; rt_bg_image_repeat=&#8221;repeat&#8221; rt_bg_size=&#8221;auto auto&#8221; rt_bg_position=&#8221;right top&#8221; rt_bg_attachment=&#8221;scroll&#8221; css=&#8221;.vc_custom_1617288754505{border-left-width: 1px !important;border-left-color: #a3a3a3 !important;}&#8221; rt_class=&#8221;rt-9829982&#8243; rt_margins=&#8221;,&#8221; rt_paddings=&#8221;,,,&#8221; rt_wrapper_paddings=&#8221;,,,&#8221; rt_tablet_margins=&#8221;,&#8221; rt_tablet_paddings=&#8221;,,,&#8221; rt_tablet_wrapper_paddings=&#8221;,,,&#8221; rt_sp_margins=&#8221;,&#8221; rt_sp_paddings=&#8221;,,,&#8221; rt_sp_wrapper_paddings=&#8221;,,,&#8221; rt_bg_color=&#8221;&#8221; rt_bg_overlay_color=&#8221;&#8221;]<div class=\"rt-heading-wrapper style-5 rt-2966675\">\n\t\t\t\t\t\t<h1 class=\"rt-heading style-5\" >DIRITTO ALIMENTARE<\/h1>\n\t\t\t\t\t<\/div>[vc_column_text]<span style=\"font-weight: 400;\">Il diritto alimentare dell\u2019Unione europea costituito da un insieme di regole alle quali le aziende che investono nell\u2019UE devono sottoporsi. Il diritto alimentare rispecchia, per quanto riguarda la sua complessit\u00e0 e si suoi concetti (quale il concetto di \u201ctracciabilit\u00e0\u201d), il livello di esigenza dei consumatori europei nel settore alimentare.<\/span><\/p>\n<p><span style=\"font-weight: 400;\">Per esempio, per quanto riguarda il Regolamento 1169\/2011 relativo alla fornitura di informazioni sugli alimenti ai consumatori; oppure il Regolamento 258\/97 sull\u2019immissione in commercio di nuovi alimenti; oppure anche la Direttiva 2002\/46 per il ravvicinamento delle legislazioni degli Stati membri relative agli integratori alimentari: tutte le aziende che desiderano immettere i propri prodotti sul mercato dell\u2019UE devono affrontare delle regole severissime. Come per il diritto ambientale, il quadro regolamentare che disciplina il diritto alimentare \u00e8 sottoposto al principio di precauzione che le aziende devono prendere in considerazione anticipatamente alla concezione di un prodotto, alla sua immissione sul mercato o addirittura alla sua rimozione dal mercato.<\/span><\/p>\n<p><span style=\"font-weight: 400;\">\u00a0<\/span><\/p>\n<p><span style=\"font-weight: 400;\">Infine, la regolamentazione della sicurezza alimentare si trova talvolta ai confini tra il diritto ambientale (si veda per es. la materia degli organismi geneticamente modificati), il diritto dell\u2019agricoltura e il diritto farmaceutico.<\/span><\/p>\n<p><span style=\"font-weight: 400;\">Per vedere un progetto sul quale il nostro studio ha lavorato nel campo del diritto alimentare<\/span>[\/vc_column_text][vc_empty_space]<div class=\"button_wrapper  alignright arrow\"><a href=\"https:\/\/www.laffineur.com\/it\/progetto-in-materia-di-diritto-alimentare\/\" target=\"_self\" title=\"Essempio di progetto nel campo del diritto alimentare\" class=\"button_ rt-7886674 style-1 small rt-7778526\"><span><span>Essempio di progetto nel campo del diritto alimentare<\/span><\/span><\/a><\/div>[\/vc_column][\/vc_row]<\/p>\n","protected":false},"excerpt":{"rendered":"<p>[vc_row css_animation=&#8221;fadeIn&#8221; rt_row_background_width=&#8221;fullwidth&#8221; rt_row_content_width=&#8221;default&#8221; rt_row_style=&#8221;default-style&#8221; rt_row_height=&#8221;&#8221; rt_column_gaps=&#8221;&#8221; rt_row_shadows=&#8221;&#8221; rt_col_anim=&#8221;true&#8221; rt_row_borders=&#8221;bottom&#8221; rt_bg_effect=&#8221;classic&#8221; rt_bg_image_repeat=&#8221;repeat&#8221; rt_bg_size=&#8221;cover&#8221; rt_bg_position=&#8221;right top&#8221; rt_bg_attachment=&#8221;scroll&#8221; rt_bg_layer=&#8221;&#8221; rt_bg_video_format=&#8221;self-hosted&#8221; rt_class=&#8221;rt-2146782&#8243; rt_paddings=&#8221;,35px,,&#8221; rt_margins=&#8221;26,,,&#8221; rt_content_margins=&#8221;,,,&#8221; rt_tablet_paddings=&#8221;,,,&#8221; rt_tablet_margins=&#8221;,,,&#8221; rt_tablet_content_margins=&#8221;,,,&#8221; rt_sp_paddings=&#8221;,,,&#8221; rt_sp_margins=&#8221;,,,&#8221; rt_sp_content_margins=&#8221;,,,&#8221;][vc_column width=&#8221;1\/3&#8243; rt_bg_effect=&#8221;classic&#8221; rt_bg_image_repeat=&#8221;repeat&#8221; rt_bg_size=&#8221;auto auto&#8221; rt_bg_position=&#8221;right top&#8221; rt_bg_attachment=&#8221;scroll&#8221; rt_class=&#8221;rt-8209069&#8243; rt_margins=&#8221;,&#8221; rt_paddings=&#8221;,,,&#8221; rt_wrapper_paddings=&#8221;,,,&#8221; rt_tablet_margins=&#8221;,&#8221; rt_tablet_paddings=&#8221;,,,&#8221; rt_tablet_wrapper_paddings=&#8221;,,,&#8221; rt_sp_margins=&#8221;,&#8221; rt_sp_paddings=&#8221;,,,&#8221; rt_sp_wrapper_paddings=&#8221;,,,&#8221; rt_bg_color=&#8221;&#8221; rt_bg_overlay_color=&#8221;&#8221;][vc_single_image image=&#8221;7117&#8243; img_size=&#8221;full&#8221; css_animation=&#8221;none&#8221;][\/vc_column][vc_column width=&#8221;2\/3&#8243; rt_bg_effect=&#8221;classic&#8221; rt_bg_image_repeat=&#8221;repeat&#8221; rt_bg_size=&#8221;auto [&hellip;]<\/p>\n","protected":false},"author":1,"featured_media":0,"parent":10237,"menu_order":0,"comment_status":"closed","ping_status":"closed","template":"","meta":{"footnotes":""},"class_list":["post-10105","page","type-page","status-publish","hentry"],"yoast_head":"<!-- This site is optimized with the Yoast SEO plugin v27.1.1 - https:\/\/yoast.com\/product\/yoast-seo-wordpress\/ -->\n<title>Diritto alimentare - Laffineur - Cabinet d&#039;avocats<\/title>\n<meta name=\"description\" content=\"A empresa Laffineur aconselha empresas que desejam comercializar seus produtos aliment\u00edcios e suplementos na UE (rotulagem, alega\u00e7\u00f5es, requisitos de sa\u00fade) e atua em seu nome junto \u00e0s institui\u00e7\u00f5es da UE.\" \/>\n<meta name=\"robots\" content=\"index, follow, max-snippet:-1, max-image-preview:large, max-video-preview:-1\" \/>\n<link rel=\"canonical\" href=\"https:\/\/www.laffineur.com\/it\/diritto-regolamentare-del-mercato-interno-dellue-e-lobbying\/diritto-alimentare\/\" \/>\n<meta property=\"og:locale\" content=\"it_IT\" \/>\n<meta property=\"og:type\" content=\"article\" \/>\n<meta property=\"og:title\" content=\"Diritto alimentare - Laffineur - Cabinet d&#039;avocats\" \/>\n<meta property=\"og:description\" content=\"A empresa Laffineur aconselha empresas que desejam comercializar seus produtos aliment\u00edcios e suplementos na UE (rotulagem, alega\u00e7\u00f5es, requisitos de sa\u00fade) e atua em seu nome junto \u00e0s institui\u00e7\u00f5es da UE.\" \/>\n<meta property=\"og:url\" content=\"https:\/\/www.laffineur.com\/it\/diritto-regolamentare-del-mercato-interno-dellue-e-lobbying\/diritto-alimentare\/\" \/>\n<meta property=\"og:site_name\" content=\"Laffineur - Cabinet d&#039;avocats\" \/>\n<meta property=\"article:modified_time\" content=\"2021-06-27T18:21:11+00:00\" \/>\n<meta name=\"twitter:card\" content=\"summary_large_image\" \/>\n<script type=\"application\/ld+json\" class=\"yoast-schema-graph\">{\"@context\":\"https:\/\/schema.org\",\"@graph\":[{\"@type\":\"WebPage\",\"@id\":\"https:\/\/www.laffineur.com\/it\/diritto-regolamentare-del-mercato-interno-dellue-e-lobbying\/diritto-alimentare\/\",\"url\":\"https:\/\/www.laffineur.com\/it\/diritto-regolamentare-del-mercato-interno-dellue-e-lobbying\/diritto-alimentare\/\",\"name\":\"Diritto alimentare - Laffineur - Cabinet d&#039;avocats\",\"isPartOf\":{\"@id\":\"https:\/\/www.laffineur.com\/#website\"},\"datePublished\":\"2021-06-27T18:19:43+00:00\",\"dateModified\":\"2021-06-27T18:21:11+00:00\",\"description\":\"A empresa Laffineur aconselha empresas que desejam comercializar seus produtos aliment\u00edcios e suplementos na UE (rotulagem, alega\u00e7\u00f5es, requisitos de sa\u00fade) e atua em seu nome junto \u00e0s institui\u00e7\u00f5es da UE.\",\"breadcrumb\":{\"@id\":\"https:\/\/www.laffineur.com\/it\/diritto-regolamentare-del-mercato-interno-dellue-e-lobbying\/diritto-alimentare\/#breadcrumb\"},\"inLanguage\":\"it-IT\",\"potentialAction\":[{\"@type\":\"ReadAction\",\"target\":[\"https:\/\/www.laffineur.com\/it\/diritto-regolamentare-del-mercato-interno-dellue-e-lobbying\/diritto-alimentare\/\"]}]},{\"@type\":\"BreadcrumbList\",\"@id\":\"https:\/\/www.laffineur.com\/it\/diritto-regolamentare-del-mercato-interno-dellue-e-lobbying\/diritto-alimentare\/#breadcrumb\",\"itemListElement\":[{\"@type\":\"ListItem\",\"position\":1,\"name\":\"Diritto regolamentare del mercato interno dell&#8217;UE e lobbying\",\"item\":\"https:\/\/www.laffineur.com\/it\/diritto-regolamentare-del-mercato-interno-dellue-e-lobbying\/\"},{\"@type\":\"ListItem\",\"position\":2,\"name\":\"Diritto alimentare\"}]},{\"@type\":\"WebSite\",\"@id\":\"https:\/\/www.laffineur.com\/#website\",\"url\":\"https:\/\/www.laffineur.com\/\",\"name\":\"Laffineur - Cabinet d'avocats\",\"description\":\"Laffineur - Cabinet d&#039;avocats\",\"publisher\":{\"@id\":\"https:\/\/www.laffineur.com\/#organization\"},\"potentialAction\":[{\"@type\":\"SearchAction\",\"target\":{\"@type\":\"EntryPoint\",\"urlTemplate\":\"https:\/\/www.laffineur.com\/?s={search_term_string}\"},\"query-input\":{\"@type\":\"PropertyValueSpecification\",\"valueRequired\":true,\"valueName\":\"search_term_string\"}}],\"inLanguage\":\"it-IT\"},{\"@type\":\"Organization\",\"@id\":\"https:\/\/www.laffineur.com\/#organization\",\"name\":\"Cabinet Laffineur\",\"url\":\"https:\/\/www.laffineur.com\/\",\"logo\":{\"@type\":\"ImageObject\",\"inLanguage\":\"it-IT\",\"@id\":\"https:\/\/www.laffineur.com\/#\/schema\/logo\/image\/\",\"url\":\"https:\/\/www.laffineur.com\/wp-content\/uploads\/2021\/03\/Logo-Laffineur-v326x154.png\",\"contentUrl\":\"https:\/\/www.laffineur.com\/wp-content\/uploads\/2021\/03\/Logo-Laffineur-v326x154.png\",\"width\":326,\"height\":154,\"caption\":\"Cabinet Laffineur\"},\"image\":{\"@id\":\"https:\/\/www.laffineur.com\/#\/schema\/logo\/image\/\"},\"sameAs\":[\"https:\/\/www.linkedin.com\/in\/jean-luc-laffineur-4a6365\/?originalSubdomain=be\"]}]}<\/script>\n<!-- \/ Yoast SEO plugin. -->","yoast_head_json":{"title":"Diritto alimentare - Laffineur - Cabinet d&#039;avocats","description":"A empresa Laffineur aconselha empresas que desejam comercializar seus produtos aliment\u00edcios e suplementos na UE (rotulagem, alega\u00e7\u00f5es, requisitos de sa\u00fade) e atua em seu nome junto \u00e0s institui\u00e7\u00f5es da UE.","robots":{"index":"index","follow":"follow","max-snippet":"max-snippet:-1","max-image-preview":"max-image-preview:large","max-video-preview":"max-video-preview:-1"},"canonical":"https:\/\/www.laffineur.com\/it\/diritto-regolamentare-del-mercato-interno-dellue-e-lobbying\/diritto-alimentare\/","og_locale":"it_IT","og_type":"article","og_title":"Diritto alimentare - Laffineur - Cabinet d&#039;avocats","og_description":"A empresa Laffineur aconselha empresas que desejam comercializar seus produtos aliment\u00edcios e suplementos na UE (rotulagem, alega\u00e7\u00f5es, requisitos de sa\u00fade) e atua em seu nome junto \u00e0s institui\u00e7\u00f5es da UE.","og_url":"https:\/\/www.laffineur.com\/it\/diritto-regolamentare-del-mercato-interno-dellue-e-lobbying\/diritto-alimentare\/","og_site_name":"Laffineur - Cabinet d&#039;avocats","article_modified_time":"2021-06-27T18:21:11+00:00","twitter_card":"summary_large_image","schema":{"@context":"https:\/\/schema.org","@graph":[{"@type":"WebPage","@id":"https:\/\/www.laffineur.com\/it\/diritto-regolamentare-del-mercato-interno-dellue-e-lobbying\/diritto-alimentare\/","url":"https:\/\/www.laffineur.com\/it\/diritto-regolamentare-del-mercato-interno-dellue-e-lobbying\/diritto-alimentare\/","name":"Diritto alimentare - Laffineur - Cabinet d&#039;avocats","isPartOf":{"@id":"https:\/\/www.laffineur.com\/#website"},"datePublished":"2021-06-27T18:19:43+00:00","dateModified":"2021-06-27T18:21:11+00:00","description":"A empresa Laffineur aconselha empresas que desejam comercializar seus produtos aliment\u00edcios e suplementos na UE (rotulagem, alega\u00e7\u00f5es, requisitos de sa\u00fade) e atua em seu nome junto \u00e0s institui\u00e7\u00f5es da UE.","breadcrumb":{"@id":"https:\/\/www.laffineur.com\/it\/diritto-regolamentare-del-mercato-interno-dellue-e-lobbying\/diritto-alimentare\/#breadcrumb"},"inLanguage":"it-IT","potentialAction":[{"@type":"ReadAction","target":["https:\/\/www.laffineur.com\/it\/diritto-regolamentare-del-mercato-interno-dellue-e-lobbying\/diritto-alimentare\/"]}]},{"@type":"BreadcrumbList","@id":"https:\/\/www.laffineur.com\/it\/diritto-regolamentare-del-mercato-interno-dellue-e-lobbying\/diritto-alimentare\/#breadcrumb","itemListElement":[{"@type":"ListItem","position":1,"name":"Diritto regolamentare del mercato interno dell&#8217;UE e lobbying","item":"https:\/\/www.laffineur.com\/it\/diritto-regolamentare-del-mercato-interno-dellue-e-lobbying\/"},{"@type":"ListItem","position":2,"name":"Diritto alimentare"}]},{"@type":"WebSite","@id":"https:\/\/www.laffineur.com\/#website","url":"https:\/\/www.laffineur.com\/","name":"Laffineur - Cabinet d'avocats","description":"Laffineur - Cabinet d&#039;avocats","publisher":{"@id":"https:\/\/www.laffineur.com\/#organization"},"potentialAction":[{"@type":"SearchAction","target":{"@type":"EntryPoint","urlTemplate":"https:\/\/www.laffineur.com\/?s={search_term_string}"},"query-input":{"@type":"PropertyValueSpecification","valueRequired":true,"valueName":"search_term_string"}}],"inLanguage":"it-IT"},{"@type":"Organization","@id":"https:\/\/www.laffineur.com\/#organization","name":"Cabinet Laffineur","url":"https:\/\/www.laffineur.com\/","logo":{"@type":"ImageObject","inLanguage":"it-IT","@id":"https:\/\/www.laffineur.com\/#\/schema\/logo\/image\/","url":"https:\/\/www.laffineur.com\/wp-content\/uploads\/2021\/03\/Logo-Laffineur-v326x154.png","contentUrl":"https:\/\/www.laffineur.com\/wp-content\/uploads\/2021\/03\/Logo-Laffineur-v326x154.png","width":326,"height":154,"caption":"Cabinet Laffineur"},"image":{"@id":"https:\/\/www.laffineur.com\/#\/schema\/logo\/image\/"},"sameAs":["https:\/\/www.linkedin.com\/in\/jean-luc-laffineur-4a6365\/?originalSubdomain=be"]}]}},"_links":{"self":[{"href":"https:\/\/www.laffineur.com\/it\/wp-json\/wp\/v2\/pages\/10105","targetHints":{"allow":["GET"]}}],"collection":[{"href":"https:\/\/www.laffineur.com\/it\/wp-json\/wp\/v2\/pages"}],"about":[{"href":"https:\/\/www.laffineur.com\/it\/wp-json\/wp\/v2\/types\/page"}],"author":[{"embeddable":true,"href":"https:\/\/www.laffineur.com\/it\/wp-json\/wp\/v2\/users\/1"}],"replies":[{"embeddable":true,"href":"https:\/\/www.laffineur.com\/it\/wp-json\/wp\/v2\/comments?post=10105"}],"version-history":[{"count":4,"href":"https:\/\/www.laffineur.com\/it\/wp-json\/wp\/v2\/pages\/10105\/revisions"}],"predecessor-version":[{"id":10113,"href":"https:\/\/www.laffineur.com\/it\/wp-json\/wp\/v2\/pages\/10105\/revisions\/10113"}],"up":[{"embeddable":true,"href":"https:\/\/www.laffineur.com\/it\/wp-json\/wp\/v2\/pages\/10237"}],"wp:attachment":[{"href":"https:\/\/www.laffineur.com\/it\/wp-json\/wp\/v2\/media?parent=10105"}],"curies":[{"name":"wp","href":"https:\/\/api.w.org\/{rel}","templated":true}]}}