{"id":10063,"date":"2021-06-27T19:42:22","date_gmt":"2021-06-27T17:42:22","guid":{"rendered":"https:\/\/www.laffineur.com\/diritto-ambientale\/"},"modified":"2021-06-28T18:34:33","modified_gmt":"2021-06-28T16:34:33","slug":"diritto-ambientale","status":"publish","type":"page","link":"https:\/\/www.laffineur.com\/it\/diritto-regolamentare-del-mercato-interno-dellue-e-lobbying\/diritto-ambientale\/","title":{"rendered":"Diritto ambientale"},"content":{"rendered":"<p>[vc_row css_animation=&#8221;fadeIn&#8221; rt_row_background_width=&#8221;fullwidth&#8221; rt_row_content_width=&#8221;default&#8221; rt_row_style=&#8221;default-style&#8221; rt_row_height=&#8221;&#8221; rt_column_gaps=&#8221;&#8221; rt_row_shadows=&#8221;&#8221; rt_col_anim=&#8221;true&#8221; rt_row_borders=&#8221;bottom&#8221; rt_bg_effect=&#8221;classic&#8221; rt_bg_image_repeat=&#8221;repeat&#8221; rt_bg_size=&#8221;cover&#8221; rt_bg_position=&#8221;right top&#8221; rt_bg_attachment=&#8221;scroll&#8221; rt_bg_layer=&#8221;&#8221; rt_bg_video_format=&#8221;self-hosted&#8221; rt_class=&#8221;rt-9559025&#8243; rt_paddings=&#8221;,35px,,&#8221; rt_margins=&#8221;26,,,&#8221; rt_content_margins=&#8221;,,,&#8221; rt_tablet_paddings=&#8221;,,,&#8221; rt_tablet_margins=&#8221;,,,&#8221; rt_tablet_content_margins=&#8221;,,,&#8221; rt_sp_paddings=&#8221;,,,&#8221; rt_sp_margins=&#8221;,,,&#8221; rt_sp_content_margins=&#8221;,,,&#8221;][vc_column width=&#8221;1\/3&#8243; rt_bg_effect=&#8221;classic&#8221; rt_bg_image_repeat=&#8221;repeat&#8221; rt_bg_size=&#8221;auto auto&#8221; rt_bg_position=&#8221;right top&#8221; rt_bg_attachment=&#8221;scroll&#8221; rt_class=&#8221;rt-8209069&#8243; rt_margins=&#8221;,&#8221; rt_paddings=&#8221;,,,&#8221; rt_wrapper_paddings=&#8221;,,,&#8221; rt_tablet_margins=&#8221;,&#8221; rt_tablet_paddings=&#8221;,,,&#8221; rt_tablet_wrapper_paddings=&#8221;,,,&#8221; rt_sp_margins=&#8221;,&#8221; rt_sp_paddings=&#8221;,,,&#8221; rt_sp_wrapper_paddings=&#8221;,,,&#8221; rt_bg_color=&#8221;&#8221; rt_bg_overlay_color=&#8221;&#8221;][vc_single_image image=&#8221;7077&#8243; img_size=&#8221;full&#8221; css_animation=&#8221;none&#8221;][\/vc_column][vc_column width=&#8221;2\/3&#8243; rt_bg_effect=&#8221;classic&#8221; rt_bg_image_repeat=&#8221;repeat&#8221; rt_bg_size=&#8221;auto auto&#8221; rt_bg_position=&#8221;right top&#8221; rt_bg_attachment=&#8221;scroll&#8221; css=&#8221;.vc_custom_1617288754505{border-left-width: 1px !important;border-left-color: #a3a3a3 !important;}&#8221; rt_class=&#8221;rt-9829982&#8243; rt_margins=&#8221;,&#8221; rt_paddings=&#8221;,,,&#8221; rt_wrapper_paddings=&#8221;,,,&#8221; rt_tablet_margins=&#8221;,&#8221; rt_tablet_paddings=&#8221;,,,&#8221; rt_tablet_wrapper_paddings=&#8221;,,,&#8221; rt_sp_margins=&#8221;,&#8221; rt_sp_paddings=&#8221;,,,&#8221; rt_sp_wrapper_paddings=&#8221;,,,&#8221; rt_bg_color=&#8221;&#8221; rt_bg_overlay_color=&#8221;&#8221;]<div class=\"rt-heading-wrapper style-5 rt-3240085\">\n\t\t\t\t\t\t<h1 class=\"rt-heading style-5\" >DIRITTO AMBIENTALE<\/h1>\n\t\t\t\t\t<\/div>[vc_column_text]Non v&#8217;\u00e8 altro ambito del diritto dove l&#8217;influenza dell&#8217;Unione europea si faccia sentire con tanta forza a livello internazionale quanto quello dell&#8217;Ambiente. \u00a0 L&#8217;articolo 191.2 del Trattato di Roma stabilisce, infatti, che &#8220;La politica dell&#8217;Unione in materia ambientale mira a un elevato livello di tutela ed \u00e8 fondata sui principi della precauzione e dell&#8217;azione preventiva, sul principio della correzione, in via prioritaria alla fonte, dei danni causati all&#8217;ambiente e sul principio &#8220;chi inquina paga&#8221;. \u00a0 La legislazione ambientale europea \u00e8 stata incorporata in alcuni ordinamenti stranieri (per es. la normativa sui rifiuti di apparecchiature elettriche ed elettroniche (DAEE) che \u00e8 stata adottata dallo Stato della California; come anche per es. il regolamento REACH ha ispirato Stati quali il Giappone, la Corea o gli Stati Uniti).<\/p>\n<p><span style=\"font-weight: 400;\">Il principio di precauzione, che \u00e8 uno dei perni della politica dell&#8217;UE in materia ambientale, costringe le aziende ad investire nella ricerca e nello sviluppo, nonch\u00e9 nella valutazione dei rischi. Il principio di precauzione \u00e8 quindi sottostante a dibattiti interni nelle aziende sull&#8217;opportunit\u00e0 di sviluppare un prodotto, di immetterlo sul mercato o addirittura di rimuoverlo dal mercato.<\/span><\/p>\n<p><span style=\"font-weight: 400;\">Il nostro studio, consapevole dei rischi insiti in queste decisioni di tipo commerciale, fornisce servizi di consulenza legale in materia di diritto ambientale per aiutare i nostri clienti a prendere le decisioni giuste.<\/span><\/p>\n<p>[\/vc_column_text][vc_empty_space]<div class=\"button_wrapper  alignright arrow\"><a href=\"https:\/\/www.laffineur.com\/exemples-de-projets\/droit-reglementaire-du-marche-interieur-de-lue-et-lobbying\/exemple-de-projet-en-matiere-de-droit-de-lenvironnement\/\" target=\"_self\" title=\"Esempio di un progetto di diritto ambientale\" class=\"button_ rt-7886674 style-1 small rt-1521372\"><span><span>Esempio di un progetto di diritto ambientale<\/span><\/span><\/a><\/div>[\/vc_column][\/vc_row]<\/p>\n","protected":false},"excerpt":{"rendered":"<p>[vc_row css_animation=&#8221;fadeIn&#8221; rt_row_background_width=&#8221;fullwidth&#8221; rt_row_content_width=&#8221;default&#8221; rt_row_style=&#8221;default-style&#8221; rt_row_height=&#8221;&#8221; rt_column_gaps=&#8221;&#8221; rt_row_shadows=&#8221;&#8221; rt_col_anim=&#8221;true&#8221; rt_row_borders=&#8221;bottom&#8221; rt_bg_effect=&#8221;classic&#8221; rt_bg_image_repeat=&#8221;repeat&#8221; rt_bg_size=&#8221;cover&#8221; rt_bg_position=&#8221;right top&#8221; rt_bg_attachment=&#8221;scroll&#8221; rt_bg_layer=&#8221;&#8221; rt_bg_video_format=&#8221;self-hosted&#8221; rt_class=&#8221;rt-9559025&#8243; rt_paddings=&#8221;,35px,,&#8221; rt_margins=&#8221;26,,,&#8221; rt_content_margins=&#8221;,,,&#8221; rt_tablet_paddings=&#8221;,,,&#8221; rt_tablet_margins=&#8221;,,,&#8221; rt_tablet_content_margins=&#8221;,,,&#8221; rt_sp_paddings=&#8221;,,,&#8221; rt_sp_margins=&#8221;,,,&#8221; rt_sp_content_margins=&#8221;,,,&#8221;][vc_column width=&#8221;1\/3&#8243; rt_bg_effect=&#8221;classic&#8221; rt_bg_image_repeat=&#8221;repeat&#8221; rt_bg_size=&#8221;auto auto&#8221; rt_bg_position=&#8221;right top&#8221; rt_bg_attachment=&#8221;scroll&#8221; rt_class=&#8221;rt-8209069&#8243; rt_margins=&#8221;,&#8221; rt_paddings=&#8221;,,,&#8221; rt_wrapper_paddings=&#8221;,,,&#8221; rt_tablet_margins=&#8221;,&#8221; rt_tablet_paddings=&#8221;,,,&#8221; rt_tablet_wrapper_paddings=&#8221;,,,&#8221; rt_sp_margins=&#8221;,&#8221; rt_sp_paddings=&#8221;,,,&#8221; rt_sp_wrapper_paddings=&#8221;,,,&#8221; rt_bg_color=&#8221;&#8221; rt_bg_overlay_color=&#8221;&#8221;][vc_single_image image=&#8221;7077&#8243; img_size=&#8221;full&#8221; css_animation=&#8221;none&#8221;][\/vc_column][vc_column width=&#8221;2\/3&#8243; rt_bg_effect=&#8221;classic&#8221; rt_bg_image_repeat=&#8221;repeat&#8221; rt_bg_size=&#8221;auto [&hellip;]<\/p>\n","protected":false},"author":1,"featured_media":0,"parent":10237,"menu_order":0,"comment_status":"closed","ping_status":"closed","template":"","meta":{"footnotes":""},"class_list":["post-10063","page","type-page","status-publish","hentry"],"yoast_head":"<!-- This site is optimized with the Yoast SEO plugin v27.1.1 - https:\/\/yoast.com\/product\/yoast-seo-wordpress\/ -->\n<title>Diritto ambientale - Laffineur - Cabinet d&#039;avocats<\/title>\n<meta name=\"description\" content=\"Assistiamo i nostri clienti nell&#039;attuazione delle normative ambientali ed europee (REACH, DEE) e li assistiamo con le pubbliche amministrazioni.\" \/>\n<meta name=\"robots\" content=\"index, follow, max-snippet:-1, max-image-preview:large, max-video-preview:-1\" \/>\n<link rel=\"canonical\" href=\"https:\/\/www.laffineur.com\/it\/diritto-regolamentare-del-mercato-interno-dellue-e-lobbying\/diritto-ambientale\/\" \/>\n<meta property=\"og:locale\" content=\"it_IT\" \/>\n<meta property=\"og:type\" content=\"article\" \/>\n<meta property=\"og:title\" content=\"Diritto ambientale - Laffineur - Cabinet d&#039;avocats\" \/>\n<meta property=\"og:description\" content=\"Assistiamo i nostri clienti nell&#039;attuazione delle normative ambientali ed europee (REACH, DEE) e li assistiamo con le pubbliche amministrazioni.\" \/>\n<meta property=\"og:url\" content=\"https:\/\/www.laffineur.com\/it\/diritto-regolamentare-del-mercato-interno-dellue-e-lobbying\/diritto-ambientale\/\" \/>\n<meta property=\"og:site_name\" content=\"Laffineur - Cabinet d&#039;avocats\" \/>\n<meta property=\"article:modified_time\" content=\"2021-06-28T16:34:33+00:00\" \/>\n<meta name=\"twitter:card\" content=\"summary_large_image\" \/>\n<script type=\"application\/ld+json\" class=\"yoast-schema-graph\">{\"@context\":\"https:\/\/schema.org\",\"@graph\":[{\"@type\":\"WebPage\",\"@id\":\"https:\/\/www.laffineur.com\/it\/diritto-regolamentare-del-mercato-interno-dellue-e-lobbying\/diritto-ambientale\/\",\"url\":\"https:\/\/www.laffineur.com\/it\/diritto-regolamentare-del-mercato-interno-dellue-e-lobbying\/diritto-ambientale\/\",\"name\":\"Diritto ambientale - Laffineur - Cabinet d&#039;avocats\",\"isPartOf\":{\"@id\":\"https:\/\/www.laffineur.com\/#website\"},\"datePublished\":\"2021-06-27T17:42:22+00:00\",\"dateModified\":\"2021-06-28T16:34:33+00:00\",\"description\":\"Assistiamo i nostri clienti nell'attuazione delle normative ambientali ed europee (REACH, DEE) e li assistiamo con le pubbliche amministrazioni.\",\"breadcrumb\":{\"@id\":\"https:\/\/www.laffineur.com\/it\/diritto-regolamentare-del-mercato-interno-dellue-e-lobbying\/diritto-ambientale\/#breadcrumb\"},\"inLanguage\":\"it-IT\",\"potentialAction\":[{\"@type\":\"ReadAction\",\"target\":[\"https:\/\/www.laffineur.com\/it\/diritto-regolamentare-del-mercato-interno-dellue-e-lobbying\/diritto-ambientale\/\"]}]},{\"@type\":\"BreadcrumbList\",\"@id\":\"https:\/\/www.laffineur.com\/it\/diritto-regolamentare-del-mercato-interno-dellue-e-lobbying\/diritto-ambientale\/#breadcrumb\",\"itemListElement\":[{\"@type\":\"ListItem\",\"position\":1,\"name\":\"Diritto regolamentare del mercato interno dell&#8217;UE e lobbying\",\"item\":\"https:\/\/www.laffineur.com\/it\/diritto-regolamentare-del-mercato-interno-dellue-e-lobbying\/\"},{\"@type\":\"ListItem\",\"position\":2,\"name\":\"Diritto ambientale\"}]},{\"@type\":\"WebSite\",\"@id\":\"https:\/\/www.laffineur.com\/#website\",\"url\":\"https:\/\/www.laffineur.com\/\",\"name\":\"Laffineur - Cabinet d'avocats\",\"description\":\"Laffineur - Cabinet d&#039;avocats\",\"publisher\":{\"@id\":\"https:\/\/www.laffineur.com\/#organization\"},\"potentialAction\":[{\"@type\":\"SearchAction\",\"target\":{\"@type\":\"EntryPoint\",\"urlTemplate\":\"https:\/\/www.laffineur.com\/?s={search_term_string}\"},\"query-input\":{\"@type\":\"PropertyValueSpecification\",\"valueRequired\":true,\"valueName\":\"search_term_string\"}}],\"inLanguage\":\"it-IT\"},{\"@type\":\"Organization\",\"@id\":\"https:\/\/www.laffineur.com\/#organization\",\"name\":\"Cabinet Laffineur\",\"url\":\"https:\/\/www.laffineur.com\/\",\"logo\":{\"@type\":\"ImageObject\",\"inLanguage\":\"it-IT\",\"@id\":\"https:\/\/www.laffineur.com\/#\/schema\/logo\/image\/\",\"url\":\"https:\/\/www.laffineur.com\/wp-content\/uploads\/2021\/03\/Logo-Laffineur-v326x154.png\",\"contentUrl\":\"https:\/\/www.laffineur.com\/wp-content\/uploads\/2021\/03\/Logo-Laffineur-v326x154.png\",\"width\":326,\"height\":154,\"caption\":\"Cabinet Laffineur\"},\"image\":{\"@id\":\"https:\/\/www.laffineur.com\/#\/schema\/logo\/image\/\"},\"sameAs\":[\"https:\/\/www.linkedin.com\/in\/jean-luc-laffineur-4a6365\/?originalSubdomain=be\"]}]}<\/script>\n<!-- \/ Yoast SEO plugin. -->","yoast_head_json":{"title":"Diritto ambientale - Laffineur - Cabinet d&#039;avocats","description":"Assistiamo i nostri clienti nell'attuazione delle normative ambientali ed europee (REACH, DEE) e li assistiamo con le pubbliche amministrazioni.","robots":{"index":"index","follow":"follow","max-snippet":"max-snippet:-1","max-image-preview":"max-image-preview:large","max-video-preview":"max-video-preview:-1"},"canonical":"https:\/\/www.laffineur.com\/it\/diritto-regolamentare-del-mercato-interno-dellue-e-lobbying\/diritto-ambientale\/","og_locale":"it_IT","og_type":"article","og_title":"Diritto ambientale - Laffineur - Cabinet d&#039;avocats","og_description":"Assistiamo i nostri clienti nell'attuazione delle normative ambientali ed europee (REACH, DEE) e li assistiamo con le pubbliche amministrazioni.","og_url":"https:\/\/www.laffineur.com\/it\/diritto-regolamentare-del-mercato-interno-dellue-e-lobbying\/diritto-ambientale\/","og_site_name":"Laffineur - Cabinet d&#039;avocats","article_modified_time":"2021-06-28T16:34:33+00:00","twitter_card":"summary_large_image","schema":{"@context":"https:\/\/schema.org","@graph":[{"@type":"WebPage","@id":"https:\/\/www.laffineur.com\/it\/diritto-regolamentare-del-mercato-interno-dellue-e-lobbying\/diritto-ambientale\/","url":"https:\/\/www.laffineur.com\/it\/diritto-regolamentare-del-mercato-interno-dellue-e-lobbying\/diritto-ambientale\/","name":"Diritto ambientale - Laffineur - Cabinet d&#039;avocats","isPartOf":{"@id":"https:\/\/www.laffineur.com\/#website"},"datePublished":"2021-06-27T17:42:22+00:00","dateModified":"2021-06-28T16:34:33+00:00","description":"Assistiamo i nostri clienti nell'attuazione delle normative ambientali ed europee (REACH, DEE) e li assistiamo con le pubbliche amministrazioni.","breadcrumb":{"@id":"https:\/\/www.laffineur.com\/it\/diritto-regolamentare-del-mercato-interno-dellue-e-lobbying\/diritto-ambientale\/#breadcrumb"},"inLanguage":"it-IT","potentialAction":[{"@type":"ReadAction","target":["https:\/\/www.laffineur.com\/it\/diritto-regolamentare-del-mercato-interno-dellue-e-lobbying\/diritto-ambientale\/"]}]},{"@type":"BreadcrumbList","@id":"https:\/\/www.laffineur.com\/it\/diritto-regolamentare-del-mercato-interno-dellue-e-lobbying\/diritto-ambientale\/#breadcrumb","itemListElement":[{"@type":"ListItem","position":1,"name":"Diritto regolamentare del mercato interno dell&#8217;UE e lobbying","item":"https:\/\/www.laffineur.com\/it\/diritto-regolamentare-del-mercato-interno-dellue-e-lobbying\/"},{"@type":"ListItem","position":2,"name":"Diritto ambientale"}]},{"@type":"WebSite","@id":"https:\/\/www.laffineur.com\/#website","url":"https:\/\/www.laffineur.com\/","name":"Laffineur - Cabinet d'avocats","description":"Laffineur - Cabinet d&#039;avocats","publisher":{"@id":"https:\/\/www.laffineur.com\/#organization"},"potentialAction":[{"@type":"SearchAction","target":{"@type":"EntryPoint","urlTemplate":"https:\/\/www.laffineur.com\/?s={search_term_string}"},"query-input":{"@type":"PropertyValueSpecification","valueRequired":true,"valueName":"search_term_string"}}],"inLanguage":"it-IT"},{"@type":"Organization","@id":"https:\/\/www.laffineur.com\/#organization","name":"Cabinet Laffineur","url":"https:\/\/www.laffineur.com\/","logo":{"@type":"ImageObject","inLanguage":"it-IT","@id":"https:\/\/www.laffineur.com\/#\/schema\/logo\/image\/","url":"https:\/\/www.laffineur.com\/wp-content\/uploads\/2021\/03\/Logo-Laffineur-v326x154.png","contentUrl":"https:\/\/www.laffineur.com\/wp-content\/uploads\/2021\/03\/Logo-Laffineur-v326x154.png","width":326,"height":154,"caption":"Cabinet Laffineur"},"image":{"@id":"https:\/\/www.laffineur.com\/#\/schema\/logo\/image\/"},"sameAs":["https:\/\/www.linkedin.com\/in\/jean-luc-laffineur-4a6365\/?originalSubdomain=be"]}]}},"_links":{"self":[{"href":"https:\/\/www.laffineur.com\/it\/wp-json\/wp\/v2\/pages\/10063","targetHints":{"allow":["GET"]}}],"collection":[{"href":"https:\/\/www.laffineur.com\/it\/wp-json\/wp\/v2\/pages"}],"about":[{"href":"https:\/\/www.laffineur.com\/it\/wp-json\/wp\/v2\/types\/page"}],"author":[{"embeddable":true,"href":"https:\/\/www.laffineur.com\/it\/wp-json\/wp\/v2\/users\/1"}],"replies":[{"embeddable":true,"href":"https:\/\/www.laffineur.com\/it\/wp-json\/wp\/v2\/comments?post=10063"}],"version-history":[{"count":12,"href":"https:\/\/www.laffineur.com\/it\/wp-json\/wp\/v2\/pages\/10063\/revisions"}],"predecessor-version":[{"id":10211,"href":"https:\/\/www.laffineur.com\/it\/wp-json\/wp\/v2\/pages\/10063\/revisions\/10211"}],"up":[{"embeddable":true,"href":"https:\/\/www.laffineur.com\/it\/wp-json\/wp\/v2\/pages\/10237"}],"wp:attachment":[{"href":"https:\/\/www.laffineur.com\/it\/wp-json\/wp\/v2\/media?parent=10063"}],"curies":[{"name":"wp","href":"https:\/\/api.w.org\/{rel}","templated":true}]}}