{"id":9925,"date":"2021-06-27T14:37:43","date_gmt":"2021-06-27T12:37:43","guid":{"rendered":"https:\/\/www.laffineur.com\/litigio\/"},"modified":"2021-06-28T15:00:38","modified_gmt":"2021-06-28T13:00:38","slug":"litigio","status":"publish","type":"page","link":"https:\/\/www.laffineur.com\/es\/litigio\/","title":{"rendered":"Litigio"},"content":{"rendered":"<p>[vc_row css_animation=\u00bbfadeIn\u00bb rt_row_background_width=\u00bbfullwidth\u00bb rt_row_content_width=\u00bbdefault\u00bb rt_row_style=\u00bbdefault-style\u00bb rt_row_height=\u00bb\u00bb rt_column_gaps=\u00bb\u00bb rt_row_shadows=\u00bb\u00bb rt_col_anim=\u00bbtrue\u00bb id=\u00bbcontentieux\u00bb rt_row_borders=\u00bb\u00bb rt_bg_effect=\u00bbclassic\u00bb rt_bg_image_repeat=\u00bbrepeat\u00bb rt_bg_size=\u00bbcover\u00bb rt_bg_position=\u00bbright top\u00bb rt_bg_attachment=\u00bbscroll\u00bb rt_bg_layer=\u00bb\u00bb rt_bg_video_format=\u00bbself-hosted\u00bb rt_class=\u00bbrt-9144964&#8243; rt_paddings=\u00bb,35px,,\u00bb rt_margins=\u00bb26,40,,\u00bb rt_content_margins=\u00bb,,,\u00bb rt_tablet_paddings=\u00bb,,,\u00bb rt_tablet_margins=\u00bb,,,\u00bb rt_tablet_content_margins=\u00bb,,,\u00bb rt_sp_paddings=\u00bb,,,\u00bb rt_sp_margins=\u00bb,,,\u00bb rt_sp_content_margins=\u00bb,,,\u00bb][vc_column width=\u00bb1\/3&#8243; rt_bg_effect=\u00bbclassic\u00bb rt_bg_image_repeat=\u00bbrepeat\u00bb rt_bg_size=\u00bbauto auto\u00bb rt_bg_position=\u00bbright top\u00bb rt_bg_attachment=\u00bbscroll\u00bb rt_class=\u00bbrt-3151716&#8243; rt_margins=\u00bb,\u00bb rt_paddings=\u00bb,,,\u00bb rt_wrapper_paddings=\u00bb,,,\u00bb rt_tablet_margins=\u00bb,\u00bb rt_tablet_paddings=\u00bb,,,\u00bb rt_tablet_wrapper_paddings=\u00bb,,,\u00bb rt_sp_margins=\u00bb,\u00bb rt_sp_paddings=\u00bb,,,\u00bb rt_sp_wrapper_paddings=\u00bb,,,\u00bb rt_bg_color=\u00bb\u00bb rt_bg_overlay_color=\u00bb\u00bb][vc_single_image image=\u00bb8049&#8243; img_size=\u00bbfull\u00bb css_animation=\u00bbnone\u00bb][vc_single_image image=\u00bb8059&#8243; img_size=\u00bbfull\u00bb css_animation=\u00bbnone\u00bb][\/vc_column][vc_column width=\u00bb2\/3&#8243; rt_bg_effect=\u00bbclassic\u00bb rt_bg_image_repeat=\u00bbrepeat\u00bb rt_bg_size=\u00bbauto auto\u00bb rt_bg_position=\u00bbright top\u00bb rt_bg_attachment=\u00bbscroll\u00bb css=\u00bb.vc_custom_1617288754505{border-left-width: 1px !important;border-left-color: #a3a3a3 !important;}\u00bb rt_class=\u00bbrt-9829982&#8243; rt_margins=\u00bb,\u00bb rt_paddings=\u00bb,,,\u00bb rt_wrapper_paddings=\u00bb,,,\u00bb rt_tablet_margins=\u00bb,\u00bb rt_tablet_paddings=\u00bb,,,\u00bb rt_tablet_wrapper_paddings=\u00bb,,,\u00bb rt_sp_margins=\u00bb,\u00bb rt_sp_paddings=\u00bb,,,\u00bb rt_sp_wrapper_paddings=\u00bb,,,\u00bb rt_bg_color=\u00bb\u00bb rt_bg_overlay_color=\u00bb\u00bb]<div class=\"rt-heading-wrapper style-5 rt-4926348\">\n\t\t\t\t\t\t<h1 class=\"rt-heading style-5\" >LITIGIO<\/h1>\n\t\t\t\t\t<\/div>[vc_column_text]<em>Nuestra firma interviene en el \u00e1mbito del litigio mercantil y civil.<\/em>[\/vc_column_text][vc_column_text]<\/p>\n<h5>Litigio comercial<\/h5>\n<p>La gran mayor\u00eda de la legislaci\u00f3n nacional en el sector comercial se deriva o se inspira en la legislaci\u00f3n de la Uni\u00f3n Europea.<\/p>\n<p>Gracias a nuestra experiencia en el campo del derecho regulatorio de la Uni\u00f3n Europea, estamos llamados a asesorar y emprender acciones judiciales en todos los \u00e1mbitos relacionados con la interpretaci\u00f3n de la legislaci\u00f3n europea relativa al Mercado Interior. En este contexto, se nos puede solicitar que formulemos preguntas preliminares al Tribunal de Justicia de la Uni\u00f3n Europea con vistas a la interpretaci\u00f3n de una directiva o reglamento europeo, o incluso a impugnar la validez de un acto legislativo o reglamentario europeo.<\/p>\n<p>Tambi\u00e9n intervenimos en asuntos relacionados con la aplicaci\u00f3n de las leyes nacionales, como las leyes sobre contratos de distribuci\u00f3n.[\/vc_column_text][vc_row_inner rt_row_background_width=\u00bbfullwidth\u00bb rt_row_content_width=\u00bbdefault\u00bb rt_row_style=\u00bbglobal-style\u00bb rt_row_height=\u00bb\u00bb rt_column_gaps=\u00bb\u00bb id=\u00bbcreances\u00bb rt_row_borders=\u00bb\u00bb rt_bg_effect=\u00bbclassic\u00bb rt_bg_image_repeat=\u00bbrepeat\u00bb rt_bg_size=\u00bbcover\u00bb rt_bg_position=\u00bbright top\u00bb rt_bg_attachment=\u00bbscroll\u00bb rt_bg_layer=\u00bb\u00bb rt_bg_video_format=\u00bbself-hosted\u00bb rt_class=\u00bbrt-5249667&#8243; rt_paddings=\u00bb0,0,,\u00bb rt_margins=\u00bb,,,\u00bb rt_content_margins=\u00bb,,,\u00bb rt_tablet_paddings=\u00bb,,,\u00bb rt_tablet_margins=\u00bb,,,\u00bb rt_tablet_content_margins=\u00bb,,,\u00bb rt_sp_paddings=\u00bb,,,\u00bb rt_sp_margins=\u00bb,,,\u00bb rt_sp_content_margins=\u00bb,,,\u00bb][vc_column_inner rt_bg_effect=\u00bbclassic\u00bb rt_bg_image_repeat=\u00bbrepeat\u00bb rt_bg_size=\u00bbauto auto\u00bb rt_bg_position=\u00bbright top\u00bb rt_bg_attachment=\u00bbscroll\u00bb]<div class=\"button_wrapper  alignleft arrow\"><a href=\"https:\/\/www.laffineur.com\/es\/ejemplo-de-un-proyecto-de-litigio\/\" target=\"_self\" title=\"Ejemplo de un proyecto de litigio\" class=\"button_ rt-7886674 style-1 small rt-3270162\"><span><span>Ejemplo de un proyecto de litigio<\/span><\/span><\/a><\/div>[\/vc_column_inner][\/vc_row_inner][vc_column_text]<\/p>\n<h5 style=\"text-align: left;\">Recuperaci\u00f3n de la deuda<\/h5>\n<p>Nuestra firma interviene en el \u00e1mbito del cobro de deudas, tanto en B\u00e9lgica como en Francia y en el extranjero, ya sea directamente o ayudando a sus clientes a utilizar el procedimiento europeo de liquidaci\u00f3n de peque\u00f1as reclamaciones previsto por el Reglamento 861\/2007, o incluso a trav\u00e9s de sus corresponsales extranjeros.<\/p>\n<h5><strong id=\"a3\">Litigio civil<\/strong><\/h5>\n<p>Nuestra firma interviene en litigios civiles relacionados con la ley de responsabilidad por productos, as\u00ed como en el campo de la ley de responsabilidad m\u00e9dica.<\/p>\n<p>En este \u00faltimo caso, tambi\u00e9n recopilamos y presentamos sus expedientes en nombre de nuestros clientes a la Caja de Accidentes M\u00e9dicos en B\u00e9lgica oa las Comisiones Regionales de Conciliaci\u00f3n y Compensaci\u00f3n (CRCI) o la Oficina Nacional de Compensaci\u00f3n Accidentes M\u00e9dicos (ONIAM) en Francia.<\/p>\n<h5>Litigio europeo<\/h5>\n<p>Hay cuatro categor\u00edas principales de acciones que pueden dar lugar a litigios europeos. Nuestra firma puede reclamar experiencia profesional en cada una de estas cuatro categor\u00edas.<\/p>\n<h6 style=\"padding-left: 40px;\">Recurso al incumplimiento<\/h6>\n<p style=\"padding-left: 40px;\">Cuando una empresa o un particular considera que las autoridades de un estado miembro no aplican las normas vigentes de la legislaci\u00f3n europea, puede presentar una denuncia ante la Comisi\u00f3n Europea. Esta denuncia consiste en un expediente presentado a la Comisi\u00f3n en el que el denunciante detalla las razones por las que, en su opini\u00f3n, desde un punto de vista jur\u00eddico, las autoridades del Estado en cuesti\u00f3n no est\u00e1n cumpliendo con la legislaci\u00f3n europea. Si considera que la denuncia est\u00e1 fundada, la Comisi\u00f3n Europea solicita al Estado miembro que cambie su legislaci\u00f3n o pr\u00e1ctica administrativa para cumplir con la legislaci\u00f3n europea. De no ser as\u00ed, la Comisi\u00f3n Europea puede llevar el asunto al Tribunal de Justicia de la Uni\u00f3n Europea para que el Estado en cuesti\u00f3n no cumpla con sus obligaciones y posiblemente ordenar al Estado miembro el pago de una multa.<\/p>\n<p style=\"padding-left: 40px;\">Nuestra firma prepara el expediente de denuncia en nombre del cliente para presentarlo a la Comisi\u00f3n Europea.<\/p>\n<h6 style=\"padding-left: 40px;\">Recurso en cancelaci\u00f3n<\/h6>\n<p style=\"padding-left: 40px;\">&#8216;Uni\u00f3n Europea. Tambi\u00e9n puede, en determinadas condiciones, interponer un recurso de anulaci\u00f3n contra un acto legislativo de alcance general.<\/p>\n<p style=\"padding-left: 40px;\">Dado que las acciones directas de anulaci\u00f3n a menudo dan lugar a sentencias que declaren la acci\u00f3n inadmisible, nuestro bufete asesora a sus clientes sobre la conveniencia de interponer una acci\u00f3n directa de anulaci\u00f3n antes de iniciar dicha acci\u00f3n ante el Tribunal General.<\/p>\n<h6 style=\"padding-left: 40px;\">Preguntas prejudiciales<\/h6>\n<p style=\"padding-left: 40px;\">En el contexto de los archivos de litigio que llevamos a cabo en nombre de nuestros clientes ante los tribunales belgas o franceses, se nos puede solicitar que formulemos preguntas preliminares al Tribunal de Justicia de la Uni\u00f3n Europea con miras a la interpretaci\u00f3n de una directiva o reglamento europeo, o incluso sobre la validez de un acto legislativo o reglamentario europeo.<\/p>\n<h6 style=\"padding-left: 40px;\">Litigio de la funci\u00f3n p\u00fablica europea<\/h6>\n<p style=\"padding-left: 40px;\">Nuestro despacho defiende los intereses de los funcionarios y representantes electos europeos (parlamentarios, funcionarios de pleno derecho pero tambi\u00e9n agentes temporales y contractuales, etc.) frente a las instituciones para las que trabajan.<\/p>\n<p style=\"padding-left: 40px;\">El art\u00edculo 90 del Reglamento de Servicio que nos obliga a presentar una denuncia interna previa, asesoramos a nuestros clientes en el contexto de esta denuncia antes de considerar un recurso ante el Tribunal de la Funci\u00f3n P\u00fablica.<\/p>\n<p>[\/vc_column_text][\/vc_column][\/vc_row]<\/p>\n","protected":false},"excerpt":{"rendered":"<p>[vc_row css_animation=\u00bbfadeIn\u00bb rt_row_background_width=\u00bbfullwidth\u00bb rt_row_content_width=\u00bbdefault\u00bb rt_row_style=\u00bbdefault-style\u00bb rt_row_height=\u00bb\u00bb rt_column_gaps=\u00bb\u00bb rt_row_shadows=\u00bb\u00bb rt_col_anim=\u00bbtrue\u00bb id=\u00bbcontentieux\u00bb rt_row_borders=\u00bb\u00bb rt_bg_effect=\u00bbclassic\u00bb rt_bg_image_repeat=\u00bbrepeat\u00bb rt_bg_size=\u00bbcover\u00bb rt_bg_position=\u00bbright top\u00bb rt_bg_attachment=\u00bbscroll\u00bb rt_bg_layer=\u00bb\u00bb rt_bg_video_format=\u00bbself-hosted\u00bb rt_class=\u00bbrt-9144964&#8243; rt_paddings=\u00bb,35px,,\u00bb rt_margins=\u00bb26,40,,\u00bb rt_content_margins=\u00bb,,,\u00bb rt_tablet_paddings=\u00bb,,,\u00bb rt_tablet_margins=\u00bb,,,\u00bb rt_tablet_content_margins=\u00bb,,,\u00bb rt_sp_paddings=\u00bb,,,\u00bb rt_sp_margins=\u00bb,,,\u00bb rt_sp_content_margins=\u00bb,,,\u00bb][vc_column width=\u00bb1\/3&#8243; rt_bg_effect=\u00bbclassic\u00bb rt_bg_image_repeat=\u00bbrepeat\u00bb rt_bg_size=\u00bbauto auto\u00bb rt_bg_position=\u00bbright top\u00bb rt_bg_attachment=\u00bbscroll\u00bb rt_class=\u00bbrt-3151716&#8243; rt_margins=\u00bb,\u00bb rt_paddings=\u00bb,,,\u00bb rt_wrapper_paddings=\u00bb,,,\u00bb rt_tablet_margins=\u00bb,\u00bb rt_tablet_paddings=\u00bb,,,\u00bb rt_tablet_wrapper_paddings=\u00bb,,,\u00bb rt_sp_margins=\u00bb,\u00bb rt_sp_paddings=\u00bb,,,\u00bb rt_sp_wrapper_paddings=\u00bb,,,\u00bb rt_bg_color=\u00bb\u00bb rt_bg_overlay_color=\u00bb\u00bb][vc_single_image image=\u00bb8049&#8243; img_size=\u00bbfull\u00bb css_animation=\u00bbnone\u00bb][vc_single_image image=\u00bb8059&#8243; img_size=\u00bbfull\u00bb css_animation=\u00bbnone\u00bb][\/vc_column][vc_column [&hellip;]<\/p>\n","protected":false},"author":1,"featured_media":0,"parent":0,"menu_order":0,"comment_status":"closed","ping_status":"closed","template":"","meta":{"footnotes":""},"class_list":["post-9925","page","type-page","status-publish","hentry"],"yoast_head":"<!-- This site is optimized with the Yoast SEO plugin v27.1.1 - https:\/\/yoast.com\/product\/yoast-seo-wordpress\/ -->\n<title>Litigio - Laffineur - Cabinet d&#039;avocats<\/title>\n<meta name=\"description\" content=\"La firma Laffineur pone a tu disposici\u00f3n su experiencia apoy\u00e1ndote durante todo el proceso de litigio en el \u00e1mbito comercial (cobranza de deudas, productos defectuosos), m\u00e9dico y de servicios p\u00fablicos.\" \/>\n<meta name=\"robots\" content=\"index, follow, max-snippet:-1, max-image-preview:large, max-video-preview:-1\" \/>\n<link rel=\"canonical\" href=\"https:\/\/www.laffineur.com\/es\/litigio\/\" \/>\n<meta property=\"og:locale\" content=\"es_ES\" \/>\n<meta property=\"og:type\" content=\"article\" \/>\n<meta property=\"og:title\" content=\"Litigio - Laffineur - Cabinet d&#039;avocats\" \/>\n<meta property=\"og:description\" content=\"La firma Laffineur pone a tu disposici\u00f3n su experiencia apoy\u00e1ndote durante todo el proceso de litigio en el \u00e1mbito comercial (cobranza de deudas, productos defectuosos), m\u00e9dico y de servicios p\u00fablicos.\" \/>\n<meta property=\"og:url\" content=\"https:\/\/www.laffineur.com\/es\/litigio\/\" \/>\n<meta property=\"og:site_name\" content=\"Laffineur - Cabinet d&#039;avocats\" \/>\n<meta property=\"article:modified_time\" content=\"2021-06-28T13:00:38+00:00\" \/>\n<meta name=\"twitter:card\" content=\"summary_large_image\" \/>\n<script type=\"application\/ld+json\" class=\"yoast-schema-graph\">{\"@context\":\"https:\/\/schema.org\",\"@graph\":[{\"@type\":\"WebPage\",\"@id\":\"https:\/\/www.laffineur.com\/es\/litigio\/\",\"url\":\"https:\/\/www.laffineur.com\/es\/litigio\/\",\"name\":\"Litigio - Laffineur - Cabinet d&#039;avocats\",\"isPartOf\":{\"@id\":\"https:\/\/www.laffineur.com\/#website\"},\"datePublished\":\"2021-06-27T12:37:43+00:00\",\"dateModified\":\"2021-06-28T13:00:38+00:00\",\"description\":\"La firma Laffineur pone a tu disposici\u00f3n su experiencia apoy\u00e1ndote durante todo el proceso de litigio en el \u00e1mbito comercial (cobranza de deudas, productos defectuosos), m\u00e9dico y de servicios p\u00fablicos.\",\"inLanguage\":\"es\",\"potentialAction\":[{\"@type\":\"ReadAction\",\"target\":[\"https:\/\/www.laffineur.com\/es\/litigio\/\"]}]},{\"@type\":\"WebSite\",\"@id\":\"https:\/\/www.laffineur.com\/#website\",\"url\":\"https:\/\/www.laffineur.com\/\",\"name\":\"Laffineur - Cabinet d'avocats\",\"description\":\"Laffineur - Cabinet d&#039;avocats\",\"publisher\":{\"@id\":\"https:\/\/www.laffineur.com\/#organization\"},\"potentialAction\":[{\"@type\":\"SearchAction\",\"target\":{\"@type\":\"EntryPoint\",\"urlTemplate\":\"https:\/\/www.laffineur.com\/?s={search_term_string}\"},\"query-input\":{\"@type\":\"PropertyValueSpecification\",\"valueRequired\":true,\"valueName\":\"search_term_string\"}}],\"inLanguage\":\"es\"},{\"@type\":\"Organization\",\"@id\":\"https:\/\/www.laffineur.com\/#organization\",\"name\":\"Cabinet Laffineur\",\"url\":\"https:\/\/www.laffineur.com\/\",\"logo\":{\"@type\":\"ImageObject\",\"inLanguage\":\"es\",\"@id\":\"https:\/\/www.laffineur.com\/#\/schema\/logo\/image\/\",\"url\":\"https:\/\/www.laffineur.com\/wp-content\/uploads\/2021\/03\/Logo-Laffineur-v326x154.png\",\"contentUrl\":\"https:\/\/www.laffineur.com\/wp-content\/uploads\/2021\/03\/Logo-Laffineur-v326x154.png\",\"width\":326,\"height\":154,\"caption\":\"Cabinet Laffineur\"},\"image\":{\"@id\":\"https:\/\/www.laffineur.com\/#\/schema\/logo\/image\/\"},\"sameAs\":[\"https:\/\/www.linkedin.com\/in\/jean-luc-laffineur-4a6365\/?originalSubdomain=be\"]}]}<\/script>\n<!-- \/ Yoast SEO plugin. -->","yoast_head_json":{"title":"Litigio - Laffineur - Cabinet d&#039;avocats","description":"La firma Laffineur pone a tu disposici\u00f3n su experiencia apoy\u00e1ndote durante todo el proceso de litigio en el \u00e1mbito comercial (cobranza de deudas, productos defectuosos), m\u00e9dico y de servicios p\u00fablicos.","robots":{"index":"index","follow":"follow","max-snippet":"max-snippet:-1","max-image-preview":"max-image-preview:large","max-video-preview":"max-video-preview:-1"},"canonical":"https:\/\/www.laffineur.com\/es\/litigio\/","og_locale":"es_ES","og_type":"article","og_title":"Litigio - Laffineur - Cabinet d&#039;avocats","og_description":"La firma Laffineur pone a tu disposici\u00f3n su experiencia apoy\u00e1ndote durante todo el proceso de litigio en el \u00e1mbito comercial (cobranza de deudas, productos defectuosos), m\u00e9dico y de servicios p\u00fablicos.","og_url":"https:\/\/www.laffineur.com\/es\/litigio\/","og_site_name":"Laffineur - Cabinet d&#039;avocats","article_modified_time":"2021-06-28T13:00:38+00:00","twitter_card":"summary_large_image","schema":{"@context":"https:\/\/schema.org","@graph":[{"@type":"WebPage","@id":"https:\/\/www.laffineur.com\/es\/litigio\/","url":"https:\/\/www.laffineur.com\/es\/litigio\/","name":"Litigio - Laffineur - Cabinet d&#039;avocats","isPartOf":{"@id":"https:\/\/www.laffineur.com\/#website"},"datePublished":"2021-06-27T12:37:43+00:00","dateModified":"2021-06-28T13:00:38+00:00","description":"La firma Laffineur pone a tu disposici\u00f3n su experiencia apoy\u00e1ndote durante todo el proceso de litigio en el \u00e1mbito comercial (cobranza de deudas, productos defectuosos), m\u00e9dico y de servicios p\u00fablicos.","inLanguage":"es","potentialAction":[{"@type":"ReadAction","target":["https:\/\/www.laffineur.com\/es\/litigio\/"]}]},{"@type":"WebSite","@id":"https:\/\/www.laffineur.com\/#website","url":"https:\/\/www.laffineur.com\/","name":"Laffineur - Cabinet d'avocats","description":"Laffineur - Cabinet d&#039;avocats","publisher":{"@id":"https:\/\/www.laffineur.com\/#organization"},"potentialAction":[{"@type":"SearchAction","target":{"@type":"EntryPoint","urlTemplate":"https:\/\/www.laffineur.com\/?s={search_term_string}"},"query-input":{"@type":"PropertyValueSpecification","valueRequired":true,"valueName":"search_term_string"}}],"inLanguage":"es"},{"@type":"Organization","@id":"https:\/\/www.laffineur.com\/#organization","name":"Cabinet Laffineur","url":"https:\/\/www.laffineur.com\/","logo":{"@type":"ImageObject","inLanguage":"es","@id":"https:\/\/www.laffineur.com\/#\/schema\/logo\/image\/","url":"https:\/\/www.laffineur.com\/wp-content\/uploads\/2021\/03\/Logo-Laffineur-v326x154.png","contentUrl":"https:\/\/www.laffineur.com\/wp-content\/uploads\/2021\/03\/Logo-Laffineur-v326x154.png","width":326,"height":154,"caption":"Cabinet Laffineur"},"image":{"@id":"https:\/\/www.laffineur.com\/#\/schema\/logo\/image\/"},"sameAs":["https:\/\/www.linkedin.com\/in\/jean-luc-laffineur-4a6365\/?originalSubdomain=be"]}]}},"_links":{"self":[{"href":"https:\/\/www.laffineur.com\/es\/wp-json\/wp\/v2\/pages\/9925","targetHints":{"allow":["GET"]}}],"collection":[{"href":"https:\/\/www.laffineur.com\/es\/wp-json\/wp\/v2\/pages"}],"about":[{"href":"https:\/\/www.laffineur.com\/es\/wp-json\/wp\/v2\/types\/page"}],"author":[{"embeddable":true,"href":"https:\/\/www.laffineur.com\/es\/wp-json\/wp\/v2\/users\/1"}],"replies":[{"embeddable":true,"href":"https:\/\/www.laffineur.com\/es\/wp-json\/wp\/v2\/comments?post=9925"}],"version-history":[{"count":4,"href":"https:\/\/www.laffineur.com\/es\/wp-json\/wp\/v2\/pages\/9925\/revisions"}],"predecessor-version":[{"id":10165,"href":"https:\/\/www.laffineur.com\/es\/wp-json\/wp\/v2\/pages\/9925\/revisions\/10165"}],"wp:attachment":[{"href":"https:\/\/www.laffineur.com\/es\/wp-json\/wp\/v2\/media?parent=9925"}],"curies":[{"name":"wp","href":"https:\/\/api.w.org\/{rel}","templated":true}]}}