{"id":9567,"date":"2021-06-22T21:44:07","date_gmt":"2021-06-22T19:44:07","guid":{"rendered":"https:\/\/www.laffineur.com\/bienes-de-consumo\/"},"modified":"2021-06-22T21:49:51","modified_gmt":"2021-06-22T19:49:51","slug":"bienes-de-consumo","status":"publish","type":"page","link":"https:\/\/www.laffineur.com\/es\/bienes-de-consumo\/","title":{"rendered":"Bienes de consumo"},"content":{"rendered":"<p>[vc_row rt_row_background_width=\u00bbfullwidth\u00bb rt_row_content_width=\u00bbdefault\u00bb rt_row_style=\u00bbdefault-style\u00bb rt_row_height=\u00bb\u00bb rt_column_gaps=\u00bb\u00bb rt_row_shadows=\u00bb\u00bb rt_col_anim=\u00bbtrue\u00bb rt_row_borders=\u00bb\u00bb rt_bg_effect=\u00bbclassic\u00bb rt_bg_image_repeat=\u00bbrepeat\u00bb rt_bg_size=\u00bbcover\u00bb rt_bg_position=\u00bbright top\u00bb rt_bg_attachment=\u00bbscroll\u00bb rt_bg_layer=\u00bb\u00bb rt_bg_video_format=\u00bbself-hosted\u00bb rt_class=\u00bbrt-9645085&#8243; rt_paddings=\u00bb,,,\u00bb rt_margins=\u00bb,60,,\u00bb rt_content_margins=\u00bb,,,\u00bb rt_tablet_paddings=\u00bb,,,\u00bb rt_tablet_margins=\u00bb,,,\u00bb rt_tablet_content_margins=\u00bb,,,\u00bb rt_sp_paddings=\u00bb,,,\u00bb rt_sp_margins=\u00bb,,,\u00bb rt_sp_content_margins=\u00bb,,,\u00bb class=\u00bbtext-justify\u00bb][vc_column width=\u00bb1\/2&#8243; rt_bg_effect=\u00bbclassic\u00bb rt_bg_image_repeat=\u00bbrepeat\u00bb rt_bg_size=\u00bbauto auto\u00bb rt_bg_position=\u00bbright top\u00bb rt_bg_attachment=\u00bbscroll\u00bb]<div class=\"rt-heading-wrapper style-5 rt-8729515\">\n\t\t\t\t\t\t<h1 class=\"rt-heading style-5\" >Bienes de consumo<\/h1>\n\t\t\t\t\t<\/div>[vc_column_text]Los fabricantes de bienes vendidos a los consumidores se enfrentan ahora a un aumento significativo de las regulaciones que afectan a sus productos. Este reglamento est\u00e1 concebido con respecto al consumidor pero tambi\u00e9n con respecto a las autoridades que deben asegurar que los productos que ingresan al territorio de su jurisdicci\u00f3n cumplen con las normas relativas a la seguridad de los productos.[\/vc_column_text][\/vc_column][vc_column width=\u00bb1\/2&#8243; rt_bg_effect=\u00bbclassic\u00bb rt_bg_image_repeat=\u00bbrepeat\u00bb rt_bg_size=\u00bbauto auto\u00bb rt_bg_position=\u00bbright top\u00bb rt_bg_attachment=\u00bbscroll\u00bb rt_class=\u00bbrt-7414598&#8243; rt_margins=\u00bb,\u00bb rt_paddings=\u00bb,,,\u00bb rt_wrapper_paddings=\u00bb,,,\u00bb rt_tablet_margins=\u00bb,\u00bb rt_tablet_paddings=\u00bb,,,\u00bb rt_tablet_wrapper_paddings=\u00bb,,,\u00bb rt_sp_margins=\u00bb,\u00bb rt_sp_paddings=\u00bb26,,,\u00bb rt_sp_wrapper_paddings=\u00bb,,,\u00bb rt_bg_color=\u00bb\u00bb rt_bg_overlay_color=\u00bb\u00bb][vc_single_image image=\u00bb6373&#8243; img_size=\u00bbfull\u00bb][\/vc_column][\/vc_row][vc_row rt_row_background_width=\u00bbfullwidth\u00bb rt_row_content_width=\u00bbdefault\u00bb rt_row_style=\u00bbdefault-style\u00bb rt_row_height=\u00bb\u00bb rt_column_gaps=\u00bb\u00bb rt_row_shadows=\u00bb\u00bb rt_row_borders=\u00bb\u00bb rt_bg_effect=\u00bbclassic\u00bb rt_bg_image_repeat=\u00bbrepeat\u00bb rt_bg_size=\u00bbcover\u00bb rt_bg_position=\u00bbright top\u00bb rt_bg_attachment=\u00bbscroll\u00bb rt_bg_layer=\u00bb\u00bb rt_bg_video_format=\u00bbself-hosted\u00bb][vc_column rt_bg_effect=\u00bbclassic\u00bb rt_bg_image_repeat=\u00bbrepeat\u00bb rt_bg_size=\u00bbauto auto\u00bb rt_bg_position=\u00bbright top\u00bb rt_bg_attachment=\u00bbscroll\u00bb][vc_column_text][\/vc_column_text][\/vc_column][\/vc_row]<\/p>\n","protected":false},"excerpt":{"rendered":"<p>[vc_row rt_row_background_width=\u00bbfullwidth\u00bb rt_row_content_width=\u00bbdefault\u00bb rt_row_style=\u00bbdefault-style\u00bb rt_row_height=\u00bb\u00bb rt_column_gaps=\u00bb\u00bb rt_row_shadows=\u00bb\u00bb rt_col_anim=\u00bbtrue\u00bb rt_row_borders=\u00bb\u00bb rt_bg_effect=\u00bbclassic\u00bb rt_bg_image_repeat=\u00bbrepeat\u00bb rt_bg_size=\u00bbcover\u00bb rt_bg_position=\u00bbright top\u00bb rt_bg_attachment=\u00bbscroll\u00bb rt_bg_layer=\u00bb\u00bb rt_bg_video_format=\u00bbself-hosted\u00bb rt_class=\u00bbrt-9645085&#8243; rt_paddings=\u00bb,,,\u00bb rt_margins=\u00bb,60,,\u00bb rt_content_margins=\u00bb,,,\u00bb rt_tablet_paddings=\u00bb,,,\u00bb rt_tablet_margins=\u00bb,,,\u00bb rt_tablet_content_margins=\u00bb,,,\u00bb rt_sp_paddings=\u00bb,,,\u00bb rt_sp_margins=\u00bb,,,\u00bb rt_sp_content_margins=\u00bb,,,\u00bb class=\u00bbtext-justify\u00bb][vc_column width=\u00bb1\/2&#8243; rt_bg_effect=\u00bbclassic\u00bb rt_bg_image_repeat=\u00bbrepeat\u00bb rt_bg_size=\u00bbauto auto\u00bb rt_bg_position=\u00bbright top\u00bb rt_bg_attachment=\u00bbscroll\u00bb][vc_column_text]Los fabricantes de bienes vendidos a los consumidores se enfrentan ahora a un aumento significativo de las regulaciones que afectan [&hellip;]<\/p>\n","protected":false},"author":1,"featured_media":0,"parent":0,"menu_order":0,"comment_status":"closed","ping_status":"closed","template":"","meta":{"footnotes":""},"class_list":["post-9567","page","type-page","status-publish","hentry"],"yoast_head":"<!-- This site is optimized with the Yoast SEO plugin v27.1.1 - https:\/\/yoast.com\/product\/yoast-seo-wordpress\/ -->\n<title>Bienes de consumo - Laffineur - Cabinet d&#039;avocats<\/title>\n<meta name=\"robots\" content=\"index, follow, max-snippet:-1, max-image-preview:large, max-video-preview:-1\" \/>\n<link rel=\"canonical\" href=\"https:\/\/www.laffineur.com\/es\/bienes-de-consumo\/\" \/>\n<meta property=\"og:locale\" content=\"es_ES\" \/>\n<meta property=\"og:type\" content=\"article\" \/>\n<meta property=\"og:title\" content=\"Bienes de consumo - Laffineur - Cabinet d&#039;avocats\" \/>\n<meta property=\"og:description\" content=\"[vc_row rt_row_background_width=\u00bbfullwidth\u00bb rt_row_content_width=\u00bbdefault\u00bb rt_row_style=\u00bbdefault-style\u00bb rt_row_height=\u00bb\u00bb rt_column_gaps=\u00bb\u00bb rt_row_shadows=\u00bb\u00bb rt_col_anim=\u00bbtrue\u00bb rt_row_borders=\u00bb\u00bb rt_bg_effect=\u00bbclassic\u00bb rt_bg_image_repeat=\u00bbrepeat\u00bb rt_bg_size=\u00bbcover\u00bb rt_bg_position=\u00bbright top\u00bb rt_bg_attachment=\u00bbscroll\u00bb rt_bg_layer=\u00bb\u00bb rt_bg_video_format=\u00bbself-hosted\u00bb rt_class=\u00bbrt-9645085&#8243; rt_paddings=\u00bb,,,\u00bb rt_margins=\u00bb,60,,\u00bb rt_content_margins=\u00bb,,,\u00bb rt_tablet_paddings=\u00bb,,,\u00bb rt_tablet_margins=\u00bb,,,\u00bb rt_tablet_content_margins=\u00bb,,,\u00bb rt_sp_paddings=\u00bb,,,\u00bb rt_sp_margins=\u00bb,,,\u00bb rt_sp_content_margins=\u00bb,,,\u00bb class=\u00bbtext-justify\u00bb][vc_column width=\u00bb1\/2&#8243; rt_bg_effect=\u00bbclassic\u00bb rt_bg_image_repeat=\u00bbrepeat\u00bb rt_bg_size=\u00bbauto auto\u00bb rt_bg_position=\u00bbright top\u00bb rt_bg_attachment=\u00bbscroll\u00bb][vc_column_text]Los fabricantes de bienes vendidos a los consumidores se enfrentan ahora a un aumento significativo de las regulaciones que afectan [&hellip;]\" \/>\n<meta property=\"og:url\" content=\"https:\/\/www.laffineur.com\/es\/bienes-de-consumo\/\" \/>\n<meta property=\"og:site_name\" content=\"Laffineur - Cabinet d&#039;avocats\" \/>\n<meta property=\"article:modified_time\" content=\"2021-06-22T19:49:51+00:00\" \/>\n<meta name=\"twitter:card\" content=\"summary_large_image\" \/>\n<script type=\"application\/ld+json\" class=\"yoast-schema-graph\">{\"@context\":\"https:\/\/schema.org\",\"@graph\":[{\"@type\":\"WebPage\",\"@id\":\"https:\/\/www.laffineur.com\/es\/bienes-de-consumo\/\",\"url\":\"https:\/\/www.laffineur.com\/es\/bienes-de-consumo\/\",\"name\":\"Bienes de consumo - Laffineur - Cabinet d&#039;avocats\",\"isPartOf\":{\"@id\":\"https:\/\/www.laffineur.com\/#website\"},\"datePublished\":\"2021-06-22T19:44:07+00:00\",\"dateModified\":\"2021-06-22T19:49:51+00:00\",\"inLanguage\":\"es\",\"potentialAction\":[{\"@type\":\"ReadAction\",\"target\":[\"https:\/\/www.laffineur.com\/es\/bienes-de-consumo\/\"]}]},{\"@type\":\"WebSite\",\"@id\":\"https:\/\/www.laffineur.com\/#website\",\"url\":\"https:\/\/www.laffineur.com\/\",\"name\":\"Laffineur - Cabinet d'avocats\",\"description\":\"Laffineur - Cabinet d&#039;avocats\",\"publisher\":{\"@id\":\"https:\/\/www.laffineur.com\/#organization\"},\"potentialAction\":[{\"@type\":\"SearchAction\",\"target\":{\"@type\":\"EntryPoint\",\"urlTemplate\":\"https:\/\/www.laffineur.com\/?s={search_term_string}\"},\"query-input\":{\"@type\":\"PropertyValueSpecification\",\"valueRequired\":true,\"valueName\":\"search_term_string\"}}],\"inLanguage\":\"es\"},{\"@type\":\"Organization\",\"@id\":\"https:\/\/www.laffineur.com\/#organization\",\"name\":\"Cabinet Laffineur\",\"url\":\"https:\/\/www.laffineur.com\/\",\"logo\":{\"@type\":\"ImageObject\",\"inLanguage\":\"es\",\"@id\":\"https:\/\/www.laffineur.com\/#\/schema\/logo\/image\/\",\"url\":\"https:\/\/www.laffineur.com\/wp-content\/uploads\/2021\/03\/Logo-Laffineur-v326x154.png\",\"contentUrl\":\"https:\/\/www.laffineur.com\/wp-content\/uploads\/2021\/03\/Logo-Laffineur-v326x154.png\",\"width\":326,\"height\":154,\"caption\":\"Cabinet Laffineur\"},\"image\":{\"@id\":\"https:\/\/www.laffineur.com\/#\/schema\/logo\/image\/\"},\"sameAs\":[\"https:\/\/www.linkedin.com\/in\/jean-luc-laffineur-4a6365\/?originalSubdomain=be\"]}]}<\/script>\n<!-- \/ Yoast SEO plugin. -->","yoast_head_json":{"title":"Bienes de consumo - Laffineur - Cabinet d&#039;avocats","robots":{"index":"index","follow":"follow","max-snippet":"max-snippet:-1","max-image-preview":"max-image-preview:large","max-video-preview":"max-video-preview:-1"},"canonical":"https:\/\/www.laffineur.com\/es\/bienes-de-consumo\/","og_locale":"es_ES","og_type":"article","og_title":"Bienes de consumo - Laffineur - Cabinet d&#039;avocats","og_description":"[vc_row rt_row_background_width=\u00bbfullwidth\u00bb rt_row_content_width=\u00bbdefault\u00bb rt_row_style=\u00bbdefault-style\u00bb rt_row_height=\u00bb\u00bb rt_column_gaps=\u00bb\u00bb rt_row_shadows=\u00bb\u00bb rt_col_anim=\u00bbtrue\u00bb rt_row_borders=\u00bb\u00bb rt_bg_effect=\u00bbclassic\u00bb rt_bg_image_repeat=\u00bbrepeat\u00bb rt_bg_size=\u00bbcover\u00bb rt_bg_position=\u00bbright top\u00bb rt_bg_attachment=\u00bbscroll\u00bb rt_bg_layer=\u00bb\u00bb rt_bg_video_format=\u00bbself-hosted\u00bb rt_class=\u00bbrt-9645085&#8243; rt_paddings=\u00bb,,,\u00bb rt_margins=\u00bb,60,,\u00bb rt_content_margins=\u00bb,,,\u00bb rt_tablet_paddings=\u00bb,,,\u00bb rt_tablet_margins=\u00bb,,,\u00bb rt_tablet_content_margins=\u00bb,,,\u00bb rt_sp_paddings=\u00bb,,,\u00bb rt_sp_margins=\u00bb,,,\u00bb rt_sp_content_margins=\u00bb,,,\u00bb class=\u00bbtext-justify\u00bb][vc_column width=\u00bb1\/2&#8243; rt_bg_effect=\u00bbclassic\u00bb rt_bg_image_repeat=\u00bbrepeat\u00bb rt_bg_size=\u00bbauto auto\u00bb rt_bg_position=\u00bbright top\u00bb rt_bg_attachment=\u00bbscroll\u00bb][vc_column_text]Los fabricantes de bienes vendidos a los consumidores se enfrentan ahora a un aumento significativo de las regulaciones que afectan [&hellip;]","og_url":"https:\/\/www.laffineur.com\/es\/bienes-de-consumo\/","og_site_name":"Laffineur - Cabinet d&#039;avocats","article_modified_time":"2021-06-22T19:49:51+00:00","twitter_card":"summary_large_image","schema":{"@context":"https:\/\/schema.org","@graph":[{"@type":"WebPage","@id":"https:\/\/www.laffineur.com\/es\/bienes-de-consumo\/","url":"https:\/\/www.laffineur.com\/es\/bienes-de-consumo\/","name":"Bienes de consumo - Laffineur - Cabinet d&#039;avocats","isPartOf":{"@id":"https:\/\/www.laffineur.com\/#website"},"datePublished":"2021-06-22T19:44:07+00:00","dateModified":"2021-06-22T19:49:51+00:00","inLanguage":"es","potentialAction":[{"@type":"ReadAction","target":["https:\/\/www.laffineur.com\/es\/bienes-de-consumo\/"]}]},{"@type":"WebSite","@id":"https:\/\/www.laffineur.com\/#website","url":"https:\/\/www.laffineur.com\/","name":"Laffineur - Cabinet d'avocats","description":"Laffineur - Cabinet d&#039;avocats","publisher":{"@id":"https:\/\/www.laffineur.com\/#organization"},"potentialAction":[{"@type":"SearchAction","target":{"@type":"EntryPoint","urlTemplate":"https:\/\/www.laffineur.com\/?s={search_term_string}"},"query-input":{"@type":"PropertyValueSpecification","valueRequired":true,"valueName":"search_term_string"}}],"inLanguage":"es"},{"@type":"Organization","@id":"https:\/\/www.laffineur.com\/#organization","name":"Cabinet Laffineur","url":"https:\/\/www.laffineur.com\/","logo":{"@type":"ImageObject","inLanguage":"es","@id":"https:\/\/www.laffineur.com\/#\/schema\/logo\/image\/","url":"https:\/\/www.laffineur.com\/wp-content\/uploads\/2021\/03\/Logo-Laffineur-v326x154.png","contentUrl":"https:\/\/www.laffineur.com\/wp-content\/uploads\/2021\/03\/Logo-Laffineur-v326x154.png","width":326,"height":154,"caption":"Cabinet Laffineur"},"image":{"@id":"https:\/\/www.laffineur.com\/#\/schema\/logo\/image\/"},"sameAs":["https:\/\/www.linkedin.com\/in\/jean-luc-laffineur-4a6365\/?originalSubdomain=be"]}]}},"_links":{"self":[{"href":"https:\/\/www.laffineur.com\/es\/wp-json\/wp\/v2\/pages\/9567","targetHints":{"allow":["GET"]}}],"collection":[{"href":"https:\/\/www.laffineur.com\/es\/wp-json\/wp\/v2\/pages"}],"about":[{"href":"https:\/\/www.laffineur.com\/es\/wp-json\/wp\/v2\/types\/page"}],"author":[{"embeddable":true,"href":"https:\/\/www.laffineur.com\/es\/wp-json\/wp\/v2\/users\/1"}],"replies":[{"embeddable":true,"href":"https:\/\/www.laffineur.com\/es\/wp-json\/wp\/v2\/comments?post=9567"}],"version-history":[{"count":4,"href":"https:\/\/www.laffineur.com\/es\/wp-json\/wp\/v2\/pages\/9567\/revisions"}],"predecessor-version":[{"id":9575,"href":"https:\/\/www.laffineur.com\/es\/wp-json\/wp\/v2\/pages\/9567\/revisions\/9575"}],"wp:attachment":[{"href":"https:\/\/www.laffineur.com\/es\/wp-json\/wp\/v2\/media?parent=9567"}],"curies":[{"name":"wp","href":"https:\/\/api.w.org\/{rel}","templated":true}]}}