{"id":9485,"date":"2021-06-22T21:04:09","date_gmt":"2021-06-22T19:04:09","guid":{"rendered":"https:\/\/www.laffineur.com\/productos-farmaceuticos\/"},"modified":"2021-06-30T20:46:32","modified_gmt":"2021-06-30T18:46:32","slug":"productos-farmaceuticos","status":"publish","type":"page","link":"https:\/\/www.laffineur.com\/es\/productos-farmaceuticos\/","title":{"rendered":"Productos farmac\u00e9uticos"},"content":{"rendered":"<p>[vc_row rt_row_background_width=\u00bbfullwidth\u00bb rt_row_content_width=\u00bbdefault\u00bb rt_row_style=\u00bbdefault-style\u00bb rt_row_height=\u00bb\u00bb rt_column_gaps=\u00bb\u00bb rt_row_shadows=\u00bb\u00bb rt_col_anim=\u00bbtrue\u00bb rt_row_borders=\u00bb\u00bb rt_bg_effect=\u00bbclassic\u00bb rt_bg_image_repeat=\u00bbrepeat\u00bb rt_bg_size=\u00bbcover\u00bb rt_bg_position=\u00bbright top\u00bb rt_bg_attachment=\u00bbscroll\u00bb rt_bg_layer=\u00bb\u00bb rt_bg_video_format=\u00bbself-hosted\u00bb rt_class=\u00bbrt-3835284&#8243; rt_paddings=\u00bb,,,\u00bb rt_margins=\u00bb,60,,\u00bb rt_content_margins=\u00bb,,,\u00bb rt_tablet_paddings=\u00bb,,,\u00bb rt_tablet_margins=\u00bb,,,\u00bb rt_tablet_content_margins=\u00bb,,,\u00bb rt_sp_paddings=\u00bb,,,\u00bb rt_sp_margins=\u00bb,,,\u00bb rt_sp_content_margins=\u00bb,,,\u00bb class=\u00bbtext-justify\u00bb][vc_column width=\u00bb1\/2&#8243; rt_bg_effect=\u00bbclassic\u00bb rt_bg_image_repeat=\u00bbrepeat\u00bb rt_bg_size=\u00bbauto auto\u00bb rt_bg_position=\u00bbright top\u00bb rt_bg_attachment=\u00bbscroll\u00bb]<div class=\"rt-heading-wrapper style-5 rt-4680485\">\n\t\t\t\t\t\t<h1 class=\"rt-heading style-5\" >Productos farmac\u00e9uticos<\/h1>\n\t\t\t\t\t<\/div>[vc_column_text]<span style=\"font-weight: 400;\">Obtener una autorizaci\u00f3n de comercializaci\u00f3n (AC) para productos farmac\u00e9uticos en la Uni\u00f3n Europea resulta especialmente complicado debido a que existen tres procedimientos en vigor: la AC nacional, el procedimiento de mutuo reconocimiento y la AC europea. A todo ello hay que a\u00f1adir la negociaci\u00f3n de los precios y del reembolso de los medicamentos que es siempre un proceso nacional, sea cual fuere el proceso seguido para la obtenci\u00f3n de la AC.<\/span><\/p>\n<p><span style=\"font-weight: 400;\">Nuestro bufete dispone de una experiencia s\u00f3lida en el asesoramiento jur\u00eddico a empresas farmac\u00e9uticas tanto en los procedimientos arriba mencionados como en las etapas sucesivas a la AC como la farmacovigilancia.<\/span><\/p>\n<p><span style=\"font-weight: 400;\">A esta competencia en el \u00e1mbito del derecho farmac\u00e9utico, se suma la que nuestro bufete ha ido desarrollando en los sectores del derecho del paciente y el derecho de responsabilidad m\u00e9dica.<\/span>[\/vc_column_text][\/vc_column][vc_column width=\u00bb1\/2&#8243; rt_bg_effect=\u00bbclassic\u00bb rt_bg_image_repeat=\u00bbrepeat\u00bb rt_bg_size=\u00bbauto auto\u00bb rt_bg_position=\u00bbright top\u00bb rt_bg_attachment=\u00bbscroll\u00bb rt_class=\u00bbrt-7592477&#8243; rt_margins=\u00bb,\u00bb rt_paddings=\u00bb,,,\u00bb rt_wrapper_paddings=\u00bb,,,\u00bb rt_tablet_margins=\u00bb,\u00bb rt_tablet_paddings=\u00bb,,,\u00bb rt_tablet_wrapper_paddings=\u00bb,,,\u00bb rt_sp_margins=\u00bb,\u00bb rt_sp_paddings=\u00bb26,,,\u00bb rt_sp_wrapper_paddings=\u00bb,,,\u00bb rt_bg_color=\u00bb\u00bb rt_bg_overlay_color=\u00bb\u00bb][vc_single_image image=\u00bb6393&#8243; img_size=\u00bbfull\u00bb alignment=\u00bbcenter\u00bb][\/vc_column][\/vc_row]<\/p>\n","protected":false},"excerpt":{"rendered":"<p>[vc_row rt_row_background_width=\u00bbfullwidth\u00bb rt_row_content_width=\u00bbdefault\u00bb rt_row_style=\u00bbdefault-style\u00bb rt_row_height=\u00bb\u00bb rt_column_gaps=\u00bb\u00bb rt_row_shadows=\u00bb\u00bb rt_col_anim=\u00bbtrue\u00bb rt_row_borders=\u00bb\u00bb rt_bg_effect=\u00bbclassic\u00bb rt_bg_image_repeat=\u00bbrepeat\u00bb rt_bg_size=\u00bbcover\u00bb rt_bg_position=\u00bbright top\u00bb rt_bg_attachment=\u00bbscroll\u00bb rt_bg_layer=\u00bb\u00bb rt_bg_video_format=\u00bbself-hosted\u00bb rt_class=\u00bbrt-3835284&#8243; rt_paddings=\u00bb,,,\u00bb rt_margins=\u00bb,60,,\u00bb rt_content_margins=\u00bb,,,\u00bb rt_tablet_paddings=\u00bb,,,\u00bb rt_tablet_margins=\u00bb,,,\u00bb rt_tablet_content_margins=\u00bb,,,\u00bb rt_sp_paddings=\u00bb,,,\u00bb rt_sp_margins=\u00bb,,,\u00bb rt_sp_content_margins=\u00bb,,,\u00bb class=\u00bbtext-justify\u00bb][vc_column width=\u00bb1\/2&#8243; rt_bg_effect=\u00bbclassic\u00bb rt_bg_image_repeat=\u00bbrepeat\u00bb rt_bg_size=\u00bbauto auto\u00bb rt_bg_position=\u00bbright top\u00bb rt_bg_attachment=\u00bbscroll\u00bb][vc_column_text]Obtener una autorizaci\u00f3n de comercializaci\u00f3n (AC) para productos farmac\u00e9uticos en la Uni\u00f3n Europea resulta especialmente complicado debido a que existen [&hellip;]<\/p>\n","protected":false},"author":1,"featured_media":0,"parent":0,"menu_order":0,"comment_status":"closed","ping_status":"closed","template":"","meta":{"footnotes":""},"class_list":["post-9485","page","type-page","status-publish","hentry"],"yoast_head":"<!-- This site is optimized with the Yoast SEO plugin v27.1.1 - https:\/\/yoast.com\/product\/yoast-seo-wordpress\/ -->\n<title>Productos farmac\u00e9uticos - Laffineur - Cabinet d&#039;avocats<\/title>\n<meta name=\"robots\" content=\"index, follow, max-snippet:-1, max-image-preview:large, max-video-preview:-1\" \/>\n<link rel=\"canonical\" href=\"https:\/\/www.laffineur.com\/es\/productos-farmaceuticos\/\" \/>\n<meta property=\"og:locale\" content=\"es_ES\" \/>\n<meta property=\"og:type\" content=\"article\" \/>\n<meta property=\"og:title\" content=\"Productos farmac\u00e9uticos - Laffineur - Cabinet d&#039;avocats\" \/>\n<meta property=\"og:description\" content=\"[vc_row rt_row_background_width=\u00bbfullwidth\u00bb rt_row_content_width=\u00bbdefault\u00bb rt_row_style=\u00bbdefault-style\u00bb rt_row_height=\u00bb\u00bb rt_column_gaps=\u00bb\u00bb rt_row_shadows=\u00bb\u00bb rt_col_anim=\u00bbtrue\u00bb rt_row_borders=\u00bb\u00bb rt_bg_effect=\u00bbclassic\u00bb rt_bg_image_repeat=\u00bbrepeat\u00bb rt_bg_size=\u00bbcover\u00bb rt_bg_position=\u00bbright top\u00bb rt_bg_attachment=\u00bbscroll\u00bb rt_bg_layer=\u00bb\u00bb rt_bg_video_format=\u00bbself-hosted\u00bb rt_class=\u00bbrt-3835284&#8243; rt_paddings=\u00bb,,,\u00bb rt_margins=\u00bb,60,,\u00bb rt_content_margins=\u00bb,,,\u00bb rt_tablet_paddings=\u00bb,,,\u00bb rt_tablet_margins=\u00bb,,,\u00bb rt_tablet_content_margins=\u00bb,,,\u00bb rt_sp_paddings=\u00bb,,,\u00bb rt_sp_margins=\u00bb,,,\u00bb rt_sp_content_margins=\u00bb,,,\u00bb class=\u00bbtext-justify\u00bb][vc_column width=\u00bb1\/2&#8243; rt_bg_effect=\u00bbclassic\u00bb rt_bg_image_repeat=\u00bbrepeat\u00bb rt_bg_size=\u00bbauto auto\u00bb rt_bg_position=\u00bbright top\u00bb rt_bg_attachment=\u00bbscroll\u00bb][vc_column_text]Obtener una autorizaci\u00f3n de comercializaci\u00f3n (AC) para productos farmac\u00e9uticos en la Uni\u00f3n Europea resulta especialmente complicado debido a que existen [&hellip;]\" \/>\n<meta property=\"og:url\" content=\"https:\/\/www.laffineur.com\/es\/productos-farmaceuticos\/\" \/>\n<meta property=\"og:site_name\" content=\"Laffineur - Cabinet d&#039;avocats\" \/>\n<meta property=\"article:modified_time\" content=\"2021-06-30T18:46:32+00:00\" \/>\n<meta name=\"twitter:card\" content=\"summary_large_image\" \/>\n<script type=\"application\/ld+json\" class=\"yoast-schema-graph\">{\"@context\":\"https:\/\/schema.org\",\"@graph\":[{\"@type\":\"WebPage\",\"@id\":\"https:\/\/www.laffineur.com\/es\/productos-farmaceuticos\/\",\"url\":\"https:\/\/www.laffineur.com\/es\/productos-farmaceuticos\/\",\"name\":\"Productos farmac\u00e9uticos - Laffineur - Cabinet d&#039;avocats\",\"isPartOf\":{\"@id\":\"https:\/\/www.laffineur.com\/#website\"},\"datePublished\":\"2021-06-22T19:04:09+00:00\",\"dateModified\":\"2021-06-30T18:46:32+00:00\",\"inLanguage\":\"es\",\"potentialAction\":[{\"@type\":\"ReadAction\",\"target\":[\"https:\/\/www.laffineur.com\/es\/productos-farmaceuticos\/\"]}]},{\"@type\":\"WebSite\",\"@id\":\"https:\/\/www.laffineur.com\/#website\",\"url\":\"https:\/\/www.laffineur.com\/\",\"name\":\"Laffineur - Cabinet d'avocats\",\"description\":\"Laffineur - Cabinet d&#039;avocats\",\"publisher\":{\"@id\":\"https:\/\/www.laffineur.com\/#organization\"},\"potentialAction\":[{\"@type\":\"SearchAction\",\"target\":{\"@type\":\"EntryPoint\",\"urlTemplate\":\"https:\/\/www.laffineur.com\/?s={search_term_string}\"},\"query-input\":{\"@type\":\"PropertyValueSpecification\",\"valueRequired\":true,\"valueName\":\"search_term_string\"}}],\"inLanguage\":\"es\"},{\"@type\":\"Organization\",\"@id\":\"https:\/\/www.laffineur.com\/#organization\",\"name\":\"Cabinet Laffineur\",\"url\":\"https:\/\/www.laffineur.com\/\",\"logo\":{\"@type\":\"ImageObject\",\"inLanguage\":\"es\",\"@id\":\"https:\/\/www.laffineur.com\/#\/schema\/logo\/image\/\",\"url\":\"https:\/\/www.laffineur.com\/wp-content\/uploads\/2021\/03\/Logo-Laffineur-v326x154.png\",\"contentUrl\":\"https:\/\/www.laffineur.com\/wp-content\/uploads\/2021\/03\/Logo-Laffineur-v326x154.png\",\"width\":326,\"height\":154,\"caption\":\"Cabinet Laffineur\"},\"image\":{\"@id\":\"https:\/\/www.laffineur.com\/#\/schema\/logo\/image\/\"},\"sameAs\":[\"https:\/\/www.linkedin.com\/in\/jean-luc-laffineur-4a6365\/?originalSubdomain=be\"]}]}<\/script>\n<!-- \/ Yoast SEO plugin. -->","yoast_head_json":{"title":"Productos farmac\u00e9uticos - Laffineur - Cabinet d&#039;avocats","robots":{"index":"index","follow":"follow","max-snippet":"max-snippet:-1","max-image-preview":"max-image-preview:large","max-video-preview":"max-video-preview:-1"},"canonical":"https:\/\/www.laffineur.com\/es\/productos-farmaceuticos\/","og_locale":"es_ES","og_type":"article","og_title":"Productos farmac\u00e9uticos - Laffineur - Cabinet d&#039;avocats","og_description":"[vc_row rt_row_background_width=\u00bbfullwidth\u00bb rt_row_content_width=\u00bbdefault\u00bb rt_row_style=\u00bbdefault-style\u00bb rt_row_height=\u00bb\u00bb rt_column_gaps=\u00bb\u00bb rt_row_shadows=\u00bb\u00bb rt_col_anim=\u00bbtrue\u00bb rt_row_borders=\u00bb\u00bb rt_bg_effect=\u00bbclassic\u00bb rt_bg_image_repeat=\u00bbrepeat\u00bb rt_bg_size=\u00bbcover\u00bb rt_bg_position=\u00bbright top\u00bb rt_bg_attachment=\u00bbscroll\u00bb rt_bg_layer=\u00bb\u00bb rt_bg_video_format=\u00bbself-hosted\u00bb rt_class=\u00bbrt-3835284&#8243; rt_paddings=\u00bb,,,\u00bb rt_margins=\u00bb,60,,\u00bb rt_content_margins=\u00bb,,,\u00bb rt_tablet_paddings=\u00bb,,,\u00bb rt_tablet_margins=\u00bb,,,\u00bb rt_tablet_content_margins=\u00bb,,,\u00bb rt_sp_paddings=\u00bb,,,\u00bb rt_sp_margins=\u00bb,,,\u00bb rt_sp_content_margins=\u00bb,,,\u00bb class=\u00bbtext-justify\u00bb][vc_column width=\u00bb1\/2&#8243; rt_bg_effect=\u00bbclassic\u00bb rt_bg_image_repeat=\u00bbrepeat\u00bb rt_bg_size=\u00bbauto auto\u00bb rt_bg_position=\u00bbright top\u00bb rt_bg_attachment=\u00bbscroll\u00bb][vc_column_text]Obtener una autorizaci\u00f3n de comercializaci\u00f3n (AC) para productos farmac\u00e9uticos en la Uni\u00f3n Europea resulta especialmente complicado debido a que existen [&hellip;]","og_url":"https:\/\/www.laffineur.com\/es\/productos-farmaceuticos\/","og_site_name":"Laffineur - Cabinet d&#039;avocats","article_modified_time":"2021-06-30T18:46:32+00:00","twitter_card":"summary_large_image","schema":{"@context":"https:\/\/schema.org","@graph":[{"@type":"WebPage","@id":"https:\/\/www.laffineur.com\/es\/productos-farmaceuticos\/","url":"https:\/\/www.laffineur.com\/es\/productos-farmaceuticos\/","name":"Productos farmac\u00e9uticos - Laffineur - Cabinet d&#039;avocats","isPartOf":{"@id":"https:\/\/www.laffineur.com\/#website"},"datePublished":"2021-06-22T19:04:09+00:00","dateModified":"2021-06-30T18:46:32+00:00","inLanguage":"es","potentialAction":[{"@type":"ReadAction","target":["https:\/\/www.laffineur.com\/es\/productos-farmaceuticos\/"]}]},{"@type":"WebSite","@id":"https:\/\/www.laffineur.com\/#website","url":"https:\/\/www.laffineur.com\/","name":"Laffineur - Cabinet d'avocats","description":"Laffineur - Cabinet d&#039;avocats","publisher":{"@id":"https:\/\/www.laffineur.com\/#organization"},"potentialAction":[{"@type":"SearchAction","target":{"@type":"EntryPoint","urlTemplate":"https:\/\/www.laffineur.com\/?s={search_term_string}"},"query-input":{"@type":"PropertyValueSpecification","valueRequired":true,"valueName":"search_term_string"}}],"inLanguage":"es"},{"@type":"Organization","@id":"https:\/\/www.laffineur.com\/#organization","name":"Cabinet Laffineur","url":"https:\/\/www.laffineur.com\/","logo":{"@type":"ImageObject","inLanguage":"es","@id":"https:\/\/www.laffineur.com\/#\/schema\/logo\/image\/","url":"https:\/\/www.laffineur.com\/wp-content\/uploads\/2021\/03\/Logo-Laffineur-v326x154.png","contentUrl":"https:\/\/www.laffineur.com\/wp-content\/uploads\/2021\/03\/Logo-Laffineur-v326x154.png","width":326,"height":154,"caption":"Cabinet Laffineur"},"image":{"@id":"https:\/\/www.laffineur.com\/#\/schema\/logo\/image\/"},"sameAs":["https:\/\/www.linkedin.com\/in\/jean-luc-laffineur-4a6365\/?originalSubdomain=be"]}]}},"_links":{"self":[{"href":"https:\/\/www.laffineur.com\/es\/wp-json\/wp\/v2\/pages\/9485","targetHints":{"allow":["GET"]}}],"collection":[{"href":"https:\/\/www.laffineur.com\/es\/wp-json\/wp\/v2\/pages"}],"about":[{"href":"https:\/\/www.laffineur.com\/es\/wp-json\/wp\/v2\/types\/page"}],"author":[{"embeddable":true,"href":"https:\/\/www.laffineur.com\/es\/wp-json\/wp\/v2\/users\/1"}],"replies":[{"embeddable":true,"href":"https:\/\/www.laffineur.com\/es\/wp-json\/wp\/v2\/comments?post=9485"}],"version-history":[{"count":5,"href":"https:\/\/www.laffineur.com\/es\/wp-json\/wp\/v2\/pages\/9485\/revisions"}],"predecessor-version":[{"id":10301,"href":"https:\/\/www.laffineur.com\/es\/wp-json\/wp\/v2\/pages\/9485\/revisions\/10301"}],"wp:attachment":[{"href":"https:\/\/www.laffineur.com\/es\/wp-json\/wp\/v2\/media?parent=9485"}],"curies":[{"name":"wp","href":"https:\/\/api.w.org\/{rel}","templated":true}]}}