{"id":10129,"date":"2021-06-27T21:01:00","date_gmt":"2021-06-27T19:01:00","guid":{"rendered":"https:\/\/www.laffineur.com\/derecho-farmaceutico\/"},"modified":"2021-07-19T19:03:11","modified_gmt":"2021-07-19T17:03:11","slug":"derecho-farmaceutico","status":"publish","type":"page","link":"https:\/\/www.laffineur.com\/es\/derecho-regulatorio-del-mercado-interno-de-la-ue-y-representacion-de-intereses\/derecho-farmaceutico\/","title":{"rendered":"Derecho farmac\u00e9utico"},"content":{"rendered":"<p>[vc_row css_animation=\u00bbfadeIn\u00bb rt_row_background_width=\u00bbfullwidth\u00bb rt_row_content_width=\u00bbdefault\u00bb rt_row_style=\u00bbdefault-style\u00bb rt_row_height=\u00bb\u00bb rt_column_gaps=\u00bb\u00bb rt_row_shadows=\u00bb\u00bb rt_col_anim=\u00bbtrue\u00bb rt_row_borders=\u00bbbottom\u00bb rt_bg_effect=\u00bbclassic\u00bb rt_bg_image_repeat=\u00bbrepeat\u00bb rt_bg_size=\u00bbcover\u00bb rt_bg_position=\u00bbright top\u00bb rt_bg_attachment=\u00bbscroll\u00bb rt_bg_layer=\u00bb\u00bb rt_bg_video_format=\u00bbself-hosted\u00bb rt_class=\u00bbrt-3652718&#8243; rt_paddings=\u00bb,35px,,\u00bb rt_margins=\u00bb26,,,\u00bb rt_content_margins=\u00bb,,,\u00bb rt_tablet_paddings=\u00bb,,,\u00bb rt_tablet_margins=\u00bb,,,\u00bb rt_tablet_content_margins=\u00bb,,,\u00bb rt_sp_paddings=\u00bb,,,\u00bb rt_sp_margins=\u00bb,,,\u00bb rt_sp_content_margins=\u00bb,,,\u00bb][vc_column width=\u00bb1\/3&#8243; rt_bg_effect=\u00bbclassic\u00bb rt_bg_image_repeat=\u00bbrepeat\u00bb rt_bg_size=\u00bbauto auto\u00bb rt_bg_position=\u00bbright top\u00bb rt_bg_attachment=\u00bbscroll\u00bb rt_class=\u00bbrt-8209069&#8243; rt_margins=\u00bb,\u00bb rt_paddings=\u00bb,,,\u00bb rt_wrapper_paddings=\u00bb,,,\u00bb rt_tablet_margins=\u00bb,\u00bb rt_tablet_paddings=\u00bb,,,\u00bb rt_tablet_wrapper_paddings=\u00bb,,,\u00bb rt_sp_margins=\u00bb,\u00bb rt_sp_paddings=\u00bb,,,\u00bb rt_sp_wrapper_paddings=\u00bb,,,\u00bb rt_bg_color=\u00bb\u00bb rt_bg_overlay_color=\u00bb\u00bb][vc_single_image image=\u00bb7171&#8243; img_size=\u00bbfull\u00bb css_animation=\u00bbnone\u00bb][\/vc_column][vc_column width=\u00bb2\/3&#8243; rt_bg_effect=\u00bbclassic\u00bb rt_bg_image_repeat=\u00bbrepeat\u00bb rt_bg_size=\u00bbauto auto\u00bb rt_bg_position=\u00bbright top\u00bb rt_bg_attachment=\u00bbscroll\u00bb css=\u00bb.vc_custom_1617288754505{border-left-width: 1px !important;border-left-color: #a3a3a3 !important;}\u00bb rt_class=\u00bbrt-9829982&#8243; rt_margins=\u00bb,\u00bb rt_paddings=\u00bb,,,\u00bb rt_wrapper_paddings=\u00bb,,,\u00bb rt_tablet_margins=\u00bb,\u00bb rt_tablet_paddings=\u00bb,,,\u00bb rt_tablet_wrapper_paddings=\u00bb,,,\u00bb rt_sp_margins=\u00bb,\u00bb rt_sp_paddings=\u00bb,,,\u00bb rt_sp_wrapper_paddings=\u00bb,,,\u00bb rt_bg_color=\u00bb\u00bb rt_bg_overlay_color=\u00bb\u00bb]<div class=\"rt-heading-wrapper style-5 rt-2298322\">\n\t\t\t\t\t\t<h1 class=\"rt-heading style-5\" >DERECHO FARMAC\u00c9UTICO<\/h1>\n\t\t\t\t\t<\/div>[vc_column_text]<span style=\"font-weight: 400;\">El marco jur\u00eddico del derecho farmac\u00e9utico europeo se basa en dos leyes fundamentales: la Directiva 2001\/83 por la que se establece un c\u00f3digo comunitario sobre medicamentos para uso humano y el Reglamento 726\/2004 por el que se establecen procedimientos comunitarios para la autorizaci\u00f3n y el control de los medicamentos de uso humano y veterinario y por el que se crea la Agencia Europea de Medicamentos (EMA) basada en Londres.<\/span><\/p>\n<p><span style=\"font-weight: 400;\">A estas leyes hay que a\u00f1adir otras m\u00e1s espec\u00edficas como la legislaci\u00f3n sobre las pruebas cl\u00ednicas o los textos no vinculantes como la \u201cComunicaci\u00f3n de la Comisi\u00f3n relativa a las importaciones paralelas de especialidades farmac\u00e9uticas cuya comercializaci\u00f3n ya haya sido autorizada\u201d.<\/span><\/p>\n<p><span style=\"font-weight: 400;\">Nuestro bufete dispone de una vasta experiencia en el campo del<\/span><a href=\"https:\/\/www.laffineur.com\/es\/ejemplo-de-proyecto-en-el-ambito-de-los-productos-farmaceuticos\/\"> <span style=\"font-weight: 400;\">asesoramiento a empresas fabricantes de productos farmac\u00e9uticos<\/span><\/a><span style=\"font-weight: 400;\">.<\/span><\/p>\n<p><span style=\"font-weight: 400;\">Adem\u00e1s, tambi\u00e9n hemos ido ampliando nuestra experiencia en las siguientes \u00e1reas:<\/span><\/p>\n<ul>\n<li style=\"font-weight: 400;\" aria-level=\"1\"><a href=\"https:\/\/www.laffineur.com\/es\/derecho-del-paciente\/\"><span style=\"font-weight: 400;\">Derecho del paciente<\/span><\/a><\/li>\n<li style=\"font-weight: 400;\" aria-level=\"1\"><a href=\"https:\/\/www.laffineur.com\/es\/derecho-de-la-responsabilidad\/\"><span style=\"font-weight: 400;\">Responsabilidad m\u00e9dica<\/span><\/a><\/li>\n<\/ul>\n<p>[\/vc_column_text][vc_empty_space]<div class=\"button_wrapper  alignright arrow\"><a href=\"https:\/\/www.laffineur.com\/es\/ejemplo-de-proyecto-en-el-ambito-de-los-productos-farmaceuticos\/\" target=\"_self\" title=\"Ejemplo de proyecto en el ambito de los productos farmac\u00e9uticos\" class=\"button_ rt-7886674 style-1 small rt-5071270\"><span><span>Ejemplo de proyecto en el ambito de los productos farmac\u00e9uticos<\/span><\/span><\/a><\/div>[\/vc_column][\/vc_row]<\/p>\n","protected":false},"excerpt":{"rendered":"<p>[vc_row css_animation=\u00bbfadeIn\u00bb rt_row_background_width=\u00bbfullwidth\u00bb rt_row_content_width=\u00bbdefault\u00bb rt_row_style=\u00bbdefault-style\u00bb rt_row_height=\u00bb\u00bb rt_column_gaps=\u00bb\u00bb rt_row_shadows=\u00bb\u00bb rt_col_anim=\u00bbtrue\u00bb rt_row_borders=\u00bbbottom\u00bb rt_bg_effect=\u00bbclassic\u00bb rt_bg_image_repeat=\u00bbrepeat\u00bb rt_bg_size=\u00bbcover\u00bb rt_bg_position=\u00bbright top\u00bb rt_bg_attachment=\u00bbscroll\u00bb rt_bg_layer=\u00bb\u00bb rt_bg_video_format=\u00bbself-hosted\u00bb rt_class=\u00bbrt-3652718&#8243; rt_paddings=\u00bb,35px,,\u00bb rt_margins=\u00bb26,,,\u00bb rt_content_margins=\u00bb,,,\u00bb rt_tablet_paddings=\u00bb,,,\u00bb rt_tablet_margins=\u00bb,,,\u00bb rt_tablet_content_margins=\u00bb,,,\u00bb rt_sp_paddings=\u00bb,,,\u00bb rt_sp_margins=\u00bb,,,\u00bb rt_sp_content_margins=\u00bb,,,\u00bb][vc_column width=\u00bb1\/3&#8243; rt_bg_effect=\u00bbclassic\u00bb rt_bg_image_repeat=\u00bbrepeat\u00bb rt_bg_size=\u00bbauto auto\u00bb rt_bg_position=\u00bbright top\u00bb rt_bg_attachment=\u00bbscroll\u00bb rt_class=\u00bbrt-8209069&#8243; rt_margins=\u00bb,\u00bb rt_paddings=\u00bb,,,\u00bb rt_wrapper_paddings=\u00bb,,,\u00bb rt_tablet_margins=\u00bb,\u00bb rt_tablet_paddings=\u00bb,,,\u00bb rt_tablet_wrapper_paddings=\u00bb,,,\u00bb rt_sp_margins=\u00bb,\u00bb rt_sp_paddings=\u00bb,,,\u00bb rt_sp_wrapper_paddings=\u00bb,,,\u00bb rt_bg_color=\u00bb\u00bb rt_bg_overlay_color=\u00bb\u00bb][vc_single_image image=\u00bb7171&#8243; img_size=\u00bbfull\u00bb css_animation=\u00bbnone\u00bb][\/vc_column][vc_column width=\u00bb2\/3&#8243; rt_bg_effect=\u00bbclassic\u00bb rt_bg_image_repeat=\u00bbrepeat\u00bb rt_bg_size=\u00bbauto [&hellip;]<\/p>\n","protected":false},"author":1,"featured_media":0,"parent":10223,"menu_order":0,"comment_status":"closed","ping_status":"closed","template":"","meta":{"footnotes":""},"class_list":["post-10129","page","type-page","status-publish","hentry"],"yoast_head":"<!-- This site is optimized with the Yoast SEO plugin v27.1.1 - https:\/\/yoast.com\/product\/yoast-seo-wordpress\/ -->\n<title>Derecho farmac\u00e9utico - Laffineur - Cabinet d&#039;avocats<\/title>\n<meta name=\"description\" content=\"La firma Laffineur asesora y asiste a los profesionales de la industria farmac\u00e9utica en materia de normativa (medicamentos, dispositivos) y concesi\u00f3n de autorizaciones de comercializaci\u00f3n (AMM).\" \/>\n<meta name=\"robots\" content=\"index, follow, max-snippet:-1, max-image-preview:large, max-video-preview:-1\" \/>\n<link rel=\"canonical\" href=\"https:\/\/www.laffineur.com\/es\/derecho-regulatorio-del-mercado-interno-de-la-ue-y-representacion-de-intereses\/derecho-farmaceutico\/\" \/>\n<meta property=\"og:locale\" content=\"es_ES\" \/>\n<meta property=\"og:type\" content=\"article\" \/>\n<meta property=\"og:title\" content=\"Derecho farmac\u00e9utico - Laffineur - Cabinet d&#039;avocats\" \/>\n<meta property=\"og:description\" content=\"La firma Laffineur asesora y asiste a los profesionales de la industria farmac\u00e9utica en materia de normativa (medicamentos, dispositivos) y concesi\u00f3n de autorizaciones de comercializaci\u00f3n (AMM).\" \/>\n<meta property=\"og:url\" content=\"https:\/\/www.laffineur.com\/es\/derecho-regulatorio-del-mercado-interno-de-la-ue-y-representacion-de-intereses\/derecho-farmaceutico\/\" \/>\n<meta property=\"og:site_name\" content=\"Laffineur - Cabinet d&#039;avocats\" \/>\n<meta property=\"article:modified_time\" content=\"2021-07-19T17:03:11+00:00\" \/>\n<meta name=\"twitter:card\" content=\"summary_large_image\" \/>\n<script type=\"application\/ld+json\" class=\"yoast-schema-graph\">{\"@context\":\"https:\/\/schema.org\",\"@graph\":[{\"@type\":\"WebPage\",\"@id\":\"https:\/\/www.laffineur.com\/es\/derecho-regulatorio-del-mercado-interno-de-la-ue-y-representacion-de-intereses\/derecho-farmaceutico\/\",\"url\":\"https:\/\/www.laffineur.com\/es\/derecho-regulatorio-del-mercado-interno-de-la-ue-y-representacion-de-intereses\/derecho-farmaceutico\/\",\"name\":\"Derecho farmac\u00e9utico - Laffineur - Cabinet d&#039;avocats\",\"isPartOf\":{\"@id\":\"https:\/\/www.laffineur.com\/#website\"},\"datePublished\":\"2021-06-27T19:01:00+00:00\",\"dateModified\":\"2021-07-19T17:03:11+00:00\",\"description\":\"La firma Laffineur asesora y asiste a los profesionales de la industria farmac\u00e9utica en materia de normativa (medicamentos, dispositivos) y concesi\u00f3n de autorizaciones de comercializaci\u00f3n (AMM).\",\"breadcrumb\":{\"@id\":\"https:\/\/www.laffineur.com\/es\/derecho-regulatorio-del-mercado-interno-de-la-ue-y-representacion-de-intereses\/derecho-farmaceutico\/#breadcrumb\"},\"inLanguage\":\"es\",\"potentialAction\":[{\"@type\":\"ReadAction\",\"target\":[\"https:\/\/www.laffineur.com\/es\/derecho-regulatorio-del-mercado-interno-de-la-ue-y-representacion-de-intereses\/derecho-farmaceutico\/\"]}]},{\"@type\":\"BreadcrumbList\",\"@id\":\"https:\/\/www.laffineur.com\/es\/derecho-regulatorio-del-mercado-interno-de-la-ue-y-representacion-de-intereses\/derecho-farmaceutico\/#breadcrumb\",\"itemListElement\":[{\"@type\":\"ListItem\",\"position\":1,\"name\":\"Derecho regulatorio del mercado interno de la ue y representacion de intereses\",\"item\":\"https:\/\/www.laffineur.com\/es\/derecho-regulatorio-del-mercado-interno-de-la-ue-y-representacion-de-intereses\/\"},{\"@type\":\"ListItem\",\"position\":2,\"name\":\"Derecho farmac\u00e9utico\"}]},{\"@type\":\"WebSite\",\"@id\":\"https:\/\/www.laffineur.com\/#website\",\"url\":\"https:\/\/www.laffineur.com\/\",\"name\":\"Laffineur - Cabinet d'avocats\",\"description\":\"Laffineur - Cabinet d&#039;avocats\",\"publisher\":{\"@id\":\"https:\/\/www.laffineur.com\/#organization\"},\"potentialAction\":[{\"@type\":\"SearchAction\",\"target\":{\"@type\":\"EntryPoint\",\"urlTemplate\":\"https:\/\/www.laffineur.com\/?s={search_term_string}\"},\"query-input\":{\"@type\":\"PropertyValueSpecification\",\"valueRequired\":true,\"valueName\":\"search_term_string\"}}],\"inLanguage\":\"es\"},{\"@type\":\"Organization\",\"@id\":\"https:\/\/www.laffineur.com\/#organization\",\"name\":\"Cabinet Laffineur\",\"url\":\"https:\/\/www.laffineur.com\/\",\"logo\":{\"@type\":\"ImageObject\",\"inLanguage\":\"es\",\"@id\":\"https:\/\/www.laffineur.com\/#\/schema\/logo\/image\/\",\"url\":\"https:\/\/www.laffineur.com\/wp-content\/uploads\/2021\/03\/Logo-Laffineur-v326x154.png\",\"contentUrl\":\"https:\/\/www.laffineur.com\/wp-content\/uploads\/2021\/03\/Logo-Laffineur-v326x154.png\",\"width\":326,\"height\":154,\"caption\":\"Cabinet Laffineur\"},\"image\":{\"@id\":\"https:\/\/www.laffineur.com\/#\/schema\/logo\/image\/\"},\"sameAs\":[\"https:\/\/www.linkedin.com\/in\/jean-luc-laffineur-4a6365\/?originalSubdomain=be\"]}]}<\/script>\n<!-- \/ Yoast SEO plugin. -->","yoast_head_json":{"title":"Derecho farmac\u00e9utico - Laffineur - Cabinet d&#039;avocats","description":"La firma Laffineur asesora y asiste a los profesionales de la industria farmac\u00e9utica en materia de normativa (medicamentos, dispositivos) y concesi\u00f3n de autorizaciones de comercializaci\u00f3n (AMM).","robots":{"index":"index","follow":"follow","max-snippet":"max-snippet:-1","max-image-preview":"max-image-preview:large","max-video-preview":"max-video-preview:-1"},"canonical":"https:\/\/www.laffineur.com\/es\/derecho-regulatorio-del-mercado-interno-de-la-ue-y-representacion-de-intereses\/derecho-farmaceutico\/","og_locale":"es_ES","og_type":"article","og_title":"Derecho farmac\u00e9utico - Laffineur - Cabinet d&#039;avocats","og_description":"La firma Laffineur asesora y asiste a los profesionales de la industria farmac\u00e9utica en materia de normativa (medicamentos, dispositivos) y concesi\u00f3n de autorizaciones de comercializaci\u00f3n (AMM).","og_url":"https:\/\/www.laffineur.com\/es\/derecho-regulatorio-del-mercado-interno-de-la-ue-y-representacion-de-intereses\/derecho-farmaceutico\/","og_site_name":"Laffineur - Cabinet d&#039;avocats","article_modified_time":"2021-07-19T17:03:11+00:00","twitter_card":"summary_large_image","schema":{"@context":"https:\/\/schema.org","@graph":[{"@type":"WebPage","@id":"https:\/\/www.laffineur.com\/es\/derecho-regulatorio-del-mercado-interno-de-la-ue-y-representacion-de-intereses\/derecho-farmaceutico\/","url":"https:\/\/www.laffineur.com\/es\/derecho-regulatorio-del-mercado-interno-de-la-ue-y-representacion-de-intereses\/derecho-farmaceutico\/","name":"Derecho farmac\u00e9utico - Laffineur - Cabinet d&#039;avocats","isPartOf":{"@id":"https:\/\/www.laffineur.com\/#website"},"datePublished":"2021-06-27T19:01:00+00:00","dateModified":"2021-07-19T17:03:11+00:00","description":"La firma Laffineur asesora y asiste a los profesionales de la industria farmac\u00e9utica en materia de normativa (medicamentos, dispositivos) y concesi\u00f3n de autorizaciones de comercializaci\u00f3n (AMM).","breadcrumb":{"@id":"https:\/\/www.laffineur.com\/es\/derecho-regulatorio-del-mercado-interno-de-la-ue-y-representacion-de-intereses\/derecho-farmaceutico\/#breadcrumb"},"inLanguage":"es","potentialAction":[{"@type":"ReadAction","target":["https:\/\/www.laffineur.com\/es\/derecho-regulatorio-del-mercado-interno-de-la-ue-y-representacion-de-intereses\/derecho-farmaceutico\/"]}]},{"@type":"BreadcrumbList","@id":"https:\/\/www.laffineur.com\/es\/derecho-regulatorio-del-mercado-interno-de-la-ue-y-representacion-de-intereses\/derecho-farmaceutico\/#breadcrumb","itemListElement":[{"@type":"ListItem","position":1,"name":"Derecho regulatorio del mercado interno de la ue y representacion de intereses","item":"https:\/\/www.laffineur.com\/es\/derecho-regulatorio-del-mercado-interno-de-la-ue-y-representacion-de-intereses\/"},{"@type":"ListItem","position":2,"name":"Derecho farmac\u00e9utico"}]},{"@type":"WebSite","@id":"https:\/\/www.laffineur.com\/#website","url":"https:\/\/www.laffineur.com\/","name":"Laffineur - Cabinet d'avocats","description":"Laffineur - Cabinet d&#039;avocats","publisher":{"@id":"https:\/\/www.laffineur.com\/#organization"},"potentialAction":[{"@type":"SearchAction","target":{"@type":"EntryPoint","urlTemplate":"https:\/\/www.laffineur.com\/?s={search_term_string}"},"query-input":{"@type":"PropertyValueSpecification","valueRequired":true,"valueName":"search_term_string"}}],"inLanguage":"es"},{"@type":"Organization","@id":"https:\/\/www.laffineur.com\/#organization","name":"Cabinet Laffineur","url":"https:\/\/www.laffineur.com\/","logo":{"@type":"ImageObject","inLanguage":"es","@id":"https:\/\/www.laffineur.com\/#\/schema\/logo\/image\/","url":"https:\/\/www.laffineur.com\/wp-content\/uploads\/2021\/03\/Logo-Laffineur-v326x154.png","contentUrl":"https:\/\/www.laffineur.com\/wp-content\/uploads\/2021\/03\/Logo-Laffineur-v326x154.png","width":326,"height":154,"caption":"Cabinet Laffineur"},"image":{"@id":"https:\/\/www.laffineur.com\/#\/schema\/logo\/image\/"},"sameAs":["https:\/\/www.linkedin.com\/in\/jean-luc-laffineur-4a6365\/?originalSubdomain=be"]}]}},"_links":{"self":[{"href":"https:\/\/www.laffineur.com\/es\/wp-json\/wp\/v2\/pages\/10129","targetHints":{"allow":["GET"]}}],"collection":[{"href":"https:\/\/www.laffineur.com\/es\/wp-json\/wp\/v2\/pages"}],"about":[{"href":"https:\/\/www.laffineur.com\/es\/wp-json\/wp\/v2\/types\/page"}],"author":[{"embeddable":true,"href":"https:\/\/www.laffineur.com\/es\/wp-json\/wp\/v2\/users\/1"}],"replies":[{"embeddable":true,"href":"https:\/\/www.laffineur.com\/es\/wp-json\/wp\/v2\/comments?post=10129"}],"version-history":[{"count":5,"href":"https:\/\/www.laffineur.com\/es\/wp-json\/wp\/v2\/pages\/10129\/revisions"}],"predecessor-version":[{"id":10671,"href":"https:\/\/www.laffineur.com\/es\/wp-json\/wp\/v2\/pages\/10129\/revisions\/10671"}],"up":[{"embeddable":true,"href":"https:\/\/www.laffineur.com\/es\/wp-json\/wp\/v2\/pages\/10223"}],"wp:attachment":[{"href":"https:\/\/www.laffineur.com\/es\/wp-json\/wp\/v2\/media?parent=10129"}],"curies":[{"name":"wp","href":"https:\/\/api.w.org\/{rel}","templated":true}]}}