{"id":10085,"date":"2021-06-27T20:15:52","date_gmt":"2021-06-27T18:15:52","guid":{"rendered":"https:\/\/www.laffineur.com\/derecho-alimentario\/"},"modified":"2021-06-27T20:17:41","modified_gmt":"2021-06-27T18:17:41","slug":"derecho-alimentario","status":"publish","type":"page","link":"https:\/\/www.laffineur.com\/es\/derecho-regulatorio-del-mercado-interno-de-la-ue-y-representacion-de-intereses\/derecho-alimentario\/","title":{"rendered":"Derecho alimentario"},"content":{"rendered":"<p>[vc_row css_animation=\u00bbfadeIn\u00bb rt_row_background_width=\u00bbfullwidth\u00bb rt_row_content_width=\u00bbdefault\u00bb rt_row_style=\u00bbdefault-style\u00bb rt_row_height=\u00bb\u00bb rt_column_gaps=\u00bb\u00bb rt_row_shadows=\u00bb\u00bb rt_col_anim=\u00bbtrue\u00bb rt_row_borders=\u00bbbottom\u00bb rt_bg_effect=\u00bbclassic\u00bb rt_bg_image_repeat=\u00bbrepeat\u00bb rt_bg_size=\u00bbcover\u00bb rt_bg_position=\u00bbright top\u00bb rt_bg_attachment=\u00bbscroll\u00bb rt_bg_layer=\u00bb\u00bb rt_bg_video_format=\u00bbself-hosted\u00bb rt_class=\u00bbrt-2146782&#8243; rt_paddings=\u00bb,35px,,\u00bb rt_margins=\u00bb26,,,\u00bb rt_content_margins=\u00bb,,,\u00bb rt_tablet_paddings=\u00bb,,,\u00bb rt_tablet_margins=\u00bb,,,\u00bb rt_tablet_content_margins=\u00bb,,,\u00bb rt_sp_paddings=\u00bb,,,\u00bb rt_sp_margins=\u00bb,,,\u00bb rt_sp_content_margins=\u00bb,,,\u00bb][vc_column width=\u00bb1\/3&#8243; rt_bg_effect=\u00bbclassic\u00bb rt_bg_image_repeat=\u00bbrepeat\u00bb rt_bg_size=\u00bbauto auto\u00bb rt_bg_position=\u00bbright top\u00bb rt_bg_attachment=\u00bbscroll\u00bb rt_class=\u00bbrt-8209069&#8243; rt_margins=\u00bb,\u00bb rt_paddings=\u00bb,,,\u00bb rt_wrapper_paddings=\u00bb,,,\u00bb rt_tablet_margins=\u00bb,\u00bb rt_tablet_paddings=\u00bb,,,\u00bb rt_tablet_wrapper_paddings=\u00bb,,,\u00bb rt_sp_margins=\u00bb,\u00bb rt_sp_paddings=\u00bb,,,\u00bb rt_sp_wrapper_paddings=\u00bb,,,\u00bb rt_bg_color=\u00bb\u00bb rt_bg_overlay_color=\u00bb\u00bb][vc_single_image image=\u00bb7121&#8243; img_size=\u00bbfull\u00bb css_animation=\u00bbnone\u00bb][\/vc_column][vc_column width=\u00bb2\/3&#8243; rt_bg_effect=\u00bbclassic\u00bb rt_bg_image_repeat=\u00bbrepeat\u00bb rt_bg_size=\u00bbauto auto\u00bb rt_bg_position=\u00bbright top\u00bb rt_bg_attachment=\u00bbscroll\u00bb css=\u00bb.vc_custom_1617288754505{border-left-width: 1px !important;border-left-color: #a3a3a3 !important;}\u00bb rt_class=\u00bbrt-9829982&#8243; rt_margins=\u00bb,\u00bb rt_paddings=\u00bb,,,\u00bb rt_wrapper_paddings=\u00bb,,,\u00bb rt_tablet_margins=\u00bb,\u00bb rt_tablet_paddings=\u00bb,,,\u00bb rt_tablet_wrapper_paddings=\u00bb,,,\u00bb rt_sp_margins=\u00bb,\u00bb rt_sp_paddings=\u00bb,,,\u00bb rt_sp_wrapper_paddings=\u00bb,,,\u00bb rt_bg_color=\u00bb\u00bb rt_bg_overlay_color=\u00bb\u00bb]<div class=\"rt-heading-wrapper style-5 rt-7943342\">\n\t\t\t\t\t\t<h1 class=\"rt-heading style-5\" >DERECHO ALIMENTARIO<\/h1>\n\t\t\t\t\t<\/div>[vc_column_text]<span style=\"font-weight: 400;\">La legislaci\u00f3n alimentaria de la Uni\u00f3n europea est\u00e1 constituida por un grupo de reglas que deben cumplir las empresas que invierten en la UE. La legislaci\u00f3n alimentaria es un reflejo del alto nivel de exigencia (por su complejidad y conceptos como la \u201ctrazabilidad\u201d) de los consumidores europeos en este sector.<\/span><\/p>\n<p><span style=\"font-weight: 400;\">Por consiguiente, todas las empresas que desean comercializar sus productos en la UE deben enfrentarse a reglas muy estrictas como el Reglamento 1169\/2011 sobre la informaci\u00f3n alimentaria facilitada al consumidor; o el Reglamento 258\/97 sobre la puesta en el mercado de nuevos alimentos; o la Directiva 2002\/46 relativa a la aproximaci\u00f3n de las legislaciones de los Estados miembros en materia de complementos alimenticios. As\u00ed como ocurre con el derecho medioambiental, el derecho alimentario se basa en el principio de cautela; todo ello debe ser tenido en cuenta por las empresas antes de concebir un producto, comercializarlo o retirarlo del mercado.<\/span><\/p>\n<p><span style=\"font-weight: 400;\">\u00a0<\/span><\/p>\n<p><span style=\"font-weight: 400;\">Por \u00faltimo, la reglamentaci\u00f3n en seguridad alimentaria a veces se encuentra en la frontera con el derecho medioambiental (Ej.: los organismos modificados gen\u00e9ticamente), de la agricultura o el farmac\u00e9utico.<\/span><\/p>\n<p><span style=\"font-weight: 400;\">Si desea ver un proyecto en el que ha trabajado nuestro bufete en el \u00e1mbito del derecho alimentario.<\/span>[\/vc_column_text][vc_empty_space]<div class=\"button_wrapper  alignright arrow\"><a href=\"https:\/\/www.laffineur.com\/es\/ejemplo-de-proyecto-en-el-ambito-del-derecho-alimentario\/\" target=\"_self\" title=\"Ejemplo de proyecto en el ambito del derecho alimentario\" class=\"button_ rt-7886674 style-1 small rt-7634315\"><span><span>Ejemplo de proyecto en el ambito del derecho alimentario<\/span><\/span><\/a><\/div>[\/vc_column][\/vc_row]<\/p>\n","protected":false},"excerpt":{"rendered":"<p>[vc_row css_animation=\u00bbfadeIn\u00bb rt_row_background_width=\u00bbfullwidth\u00bb rt_row_content_width=\u00bbdefault\u00bb rt_row_style=\u00bbdefault-style\u00bb rt_row_height=\u00bb\u00bb rt_column_gaps=\u00bb\u00bb rt_row_shadows=\u00bb\u00bb rt_col_anim=\u00bbtrue\u00bb rt_row_borders=\u00bbbottom\u00bb rt_bg_effect=\u00bbclassic\u00bb rt_bg_image_repeat=\u00bbrepeat\u00bb rt_bg_size=\u00bbcover\u00bb rt_bg_position=\u00bbright top\u00bb rt_bg_attachment=\u00bbscroll\u00bb rt_bg_layer=\u00bb\u00bb rt_bg_video_format=\u00bbself-hosted\u00bb rt_class=\u00bbrt-2146782&#8243; rt_paddings=\u00bb,35px,,\u00bb rt_margins=\u00bb26,,,\u00bb rt_content_margins=\u00bb,,,\u00bb rt_tablet_paddings=\u00bb,,,\u00bb rt_tablet_margins=\u00bb,,,\u00bb rt_tablet_content_margins=\u00bb,,,\u00bb rt_sp_paddings=\u00bb,,,\u00bb rt_sp_margins=\u00bb,,,\u00bb rt_sp_content_margins=\u00bb,,,\u00bb][vc_column width=\u00bb1\/3&#8243; rt_bg_effect=\u00bbclassic\u00bb rt_bg_image_repeat=\u00bbrepeat\u00bb rt_bg_size=\u00bbauto auto\u00bb rt_bg_position=\u00bbright top\u00bb rt_bg_attachment=\u00bbscroll\u00bb rt_class=\u00bbrt-8209069&#8243; rt_margins=\u00bb,\u00bb rt_paddings=\u00bb,,,\u00bb rt_wrapper_paddings=\u00bb,,,\u00bb rt_tablet_margins=\u00bb,\u00bb rt_tablet_paddings=\u00bb,,,\u00bb rt_tablet_wrapper_paddings=\u00bb,,,\u00bb rt_sp_margins=\u00bb,\u00bb rt_sp_paddings=\u00bb,,,\u00bb rt_sp_wrapper_paddings=\u00bb,,,\u00bb rt_bg_color=\u00bb\u00bb rt_bg_overlay_color=\u00bb\u00bb][vc_single_image image=\u00bb7121&#8243; img_size=\u00bbfull\u00bb css_animation=\u00bbnone\u00bb][\/vc_column][vc_column width=\u00bb2\/3&#8243; rt_bg_effect=\u00bbclassic\u00bb rt_bg_image_repeat=\u00bbrepeat\u00bb rt_bg_size=\u00bbauto [&hellip;]<\/p>\n","protected":false},"author":1,"featured_media":0,"parent":10223,"menu_order":0,"comment_status":"closed","ping_status":"closed","template":"","meta":{"footnotes":""},"class_list":["post-10085","page","type-page","status-publish","hentry"],"yoast_head":"<!-- This site is optimized with the Yoast SEO plugin v27.1.1 - https:\/\/yoast.com\/product\/yoast-seo-wordpress\/ -->\n<title>Derecho alimentario - Laffineur - Cabinet d&#039;avocats<\/title>\n<meta name=\"description\" content=\"La firma Laffineur asesora a las empresas que desean comercializar sus productos alimenticios y complementos en la UE (etiquetado, declaraciones, requisitos sanitarios) y act\u00faa en su nombre ante las instituciones de la UE.\" \/>\n<meta name=\"robots\" content=\"index, follow, max-snippet:-1, max-image-preview:large, max-video-preview:-1\" \/>\n<link rel=\"canonical\" href=\"https:\/\/www.laffineur.com\/es\/derecho-regulatorio-del-mercado-interno-de-la-ue-y-representacion-de-intereses\/derecho-alimentario\/\" \/>\n<meta property=\"og:locale\" content=\"es_ES\" \/>\n<meta property=\"og:type\" content=\"article\" \/>\n<meta property=\"og:title\" content=\"Derecho alimentario - Laffineur - Cabinet d&#039;avocats\" \/>\n<meta property=\"og:description\" content=\"La firma Laffineur asesora a las empresas que desean comercializar sus productos alimenticios y complementos en la UE (etiquetado, declaraciones, requisitos sanitarios) y act\u00faa en su nombre ante las instituciones de la UE.\" \/>\n<meta property=\"og:url\" content=\"https:\/\/www.laffineur.com\/es\/derecho-regulatorio-del-mercado-interno-de-la-ue-y-representacion-de-intereses\/derecho-alimentario\/\" \/>\n<meta property=\"og:site_name\" content=\"Laffineur - Cabinet d&#039;avocats\" \/>\n<meta property=\"article:modified_time\" content=\"2021-06-27T18:17:41+00:00\" \/>\n<meta name=\"twitter:card\" content=\"summary_large_image\" \/>\n<script type=\"application\/ld+json\" class=\"yoast-schema-graph\">{\"@context\":\"https:\/\/schema.org\",\"@graph\":[{\"@type\":\"WebPage\",\"@id\":\"https:\/\/www.laffineur.com\/es\/derecho-regulatorio-del-mercado-interno-de-la-ue-y-representacion-de-intereses\/derecho-alimentario\/\",\"url\":\"https:\/\/www.laffineur.com\/es\/derecho-regulatorio-del-mercado-interno-de-la-ue-y-representacion-de-intereses\/derecho-alimentario\/\",\"name\":\"Derecho alimentario - Laffineur - Cabinet d&#039;avocats\",\"isPartOf\":{\"@id\":\"https:\/\/www.laffineur.com\/#website\"},\"datePublished\":\"2021-06-27T18:15:52+00:00\",\"dateModified\":\"2021-06-27T18:17:41+00:00\",\"description\":\"La firma Laffineur asesora a las empresas que desean comercializar sus productos alimenticios y complementos en la UE (etiquetado, declaraciones, requisitos sanitarios) y act\u00faa en su nombre ante las instituciones de la UE.\",\"breadcrumb\":{\"@id\":\"https:\/\/www.laffineur.com\/es\/derecho-regulatorio-del-mercado-interno-de-la-ue-y-representacion-de-intereses\/derecho-alimentario\/#breadcrumb\"},\"inLanguage\":\"es\",\"potentialAction\":[{\"@type\":\"ReadAction\",\"target\":[\"https:\/\/www.laffineur.com\/es\/derecho-regulatorio-del-mercado-interno-de-la-ue-y-representacion-de-intereses\/derecho-alimentario\/\"]}]},{\"@type\":\"BreadcrumbList\",\"@id\":\"https:\/\/www.laffineur.com\/es\/derecho-regulatorio-del-mercado-interno-de-la-ue-y-representacion-de-intereses\/derecho-alimentario\/#breadcrumb\",\"itemListElement\":[{\"@type\":\"ListItem\",\"position\":1,\"name\":\"Derecho regulatorio del mercado interno de la ue y representacion de intereses\",\"item\":\"https:\/\/www.laffineur.com\/es\/derecho-regulatorio-del-mercado-interno-de-la-ue-y-representacion-de-intereses\/\"},{\"@type\":\"ListItem\",\"position\":2,\"name\":\"Derecho alimentario\"}]},{\"@type\":\"WebSite\",\"@id\":\"https:\/\/www.laffineur.com\/#website\",\"url\":\"https:\/\/www.laffineur.com\/\",\"name\":\"Laffineur - Cabinet d'avocats\",\"description\":\"Laffineur - Cabinet d&#039;avocats\",\"publisher\":{\"@id\":\"https:\/\/www.laffineur.com\/#organization\"},\"potentialAction\":[{\"@type\":\"SearchAction\",\"target\":{\"@type\":\"EntryPoint\",\"urlTemplate\":\"https:\/\/www.laffineur.com\/?s={search_term_string}\"},\"query-input\":{\"@type\":\"PropertyValueSpecification\",\"valueRequired\":true,\"valueName\":\"search_term_string\"}}],\"inLanguage\":\"es\"},{\"@type\":\"Organization\",\"@id\":\"https:\/\/www.laffineur.com\/#organization\",\"name\":\"Cabinet Laffineur\",\"url\":\"https:\/\/www.laffineur.com\/\",\"logo\":{\"@type\":\"ImageObject\",\"inLanguage\":\"es\",\"@id\":\"https:\/\/www.laffineur.com\/#\/schema\/logo\/image\/\",\"url\":\"https:\/\/www.laffineur.com\/wp-content\/uploads\/2021\/03\/Logo-Laffineur-v326x154.png\",\"contentUrl\":\"https:\/\/www.laffineur.com\/wp-content\/uploads\/2021\/03\/Logo-Laffineur-v326x154.png\",\"width\":326,\"height\":154,\"caption\":\"Cabinet Laffineur\"},\"image\":{\"@id\":\"https:\/\/www.laffineur.com\/#\/schema\/logo\/image\/\"},\"sameAs\":[\"https:\/\/www.linkedin.com\/in\/jean-luc-laffineur-4a6365\/?originalSubdomain=be\"]}]}<\/script>\n<!-- \/ Yoast SEO plugin. -->","yoast_head_json":{"title":"Derecho alimentario - Laffineur - Cabinet d&#039;avocats","description":"La firma Laffineur asesora a las empresas que desean comercializar sus productos alimenticios y complementos en la UE (etiquetado, declaraciones, requisitos sanitarios) y act\u00faa en su nombre ante las instituciones de la UE.","robots":{"index":"index","follow":"follow","max-snippet":"max-snippet:-1","max-image-preview":"max-image-preview:large","max-video-preview":"max-video-preview:-1"},"canonical":"https:\/\/www.laffineur.com\/es\/derecho-regulatorio-del-mercado-interno-de-la-ue-y-representacion-de-intereses\/derecho-alimentario\/","og_locale":"es_ES","og_type":"article","og_title":"Derecho alimentario - Laffineur - Cabinet d&#039;avocats","og_description":"La firma Laffineur asesora a las empresas que desean comercializar sus productos alimenticios y complementos en la UE (etiquetado, declaraciones, requisitos sanitarios) y act\u00faa en su nombre ante las instituciones de la UE.","og_url":"https:\/\/www.laffineur.com\/es\/derecho-regulatorio-del-mercado-interno-de-la-ue-y-representacion-de-intereses\/derecho-alimentario\/","og_site_name":"Laffineur - Cabinet d&#039;avocats","article_modified_time":"2021-06-27T18:17:41+00:00","twitter_card":"summary_large_image","schema":{"@context":"https:\/\/schema.org","@graph":[{"@type":"WebPage","@id":"https:\/\/www.laffineur.com\/es\/derecho-regulatorio-del-mercado-interno-de-la-ue-y-representacion-de-intereses\/derecho-alimentario\/","url":"https:\/\/www.laffineur.com\/es\/derecho-regulatorio-del-mercado-interno-de-la-ue-y-representacion-de-intereses\/derecho-alimentario\/","name":"Derecho alimentario - Laffineur - Cabinet d&#039;avocats","isPartOf":{"@id":"https:\/\/www.laffineur.com\/#website"},"datePublished":"2021-06-27T18:15:52+00:00","dateModified":"2021-06-27T18:17:41+00:00","description":"La firma Laffineur asesora a las empresas que desean comercializar sus productos alimenticios y complementos en la UE (etiquetado, declaraciones, requisitos sanitarios) y act\u00faa en su nombre ante las instituciones de la UE.","breadcrumb":{"@id":"https:\/\/www.laffineur.com\/es\/derecho-regulatorio-del-mercado-interno-de-la-ue-y-representacion-de-intereses\/derecho-alimentario\/#breadcrumb"},"inLanguage":"es","potentialAction":[{"@type":"ReadAction","target":["https:\/\/www.laffineur.com\/es\/derecho-regulatorio-del-mercado-interno-de-la-ue-y-representacion-de-intereses\/derecho-alimentario\/"]}]},{"@type":"BreadcrumbList","@id":"https:\/\/www.laffineur.com\/es\/derecho-regulatorio-del-mercado-interno-de-la-ue-y-representacion-de-intereses\/derecho-alimentario\/#breadcrumb","itemListElement":[{"@type":"ListItem","position":1,"name":"Derecho regulatorio del mercado interno de la ue y representacion de intereses","item":"https:\/\/www.laffineur.com\/es\/derecho-regulatorio-del-mercado-interno-de-la-ue-y-representacion-de-intereses\/"},{"@type":"ListItem","position":2,"name":"Derecho alimentario"}]},{"@type":"WebSite","@id":"https:\/\/www.laffineur.com\/#website","url":"https:\/\/www.laffineur.com\/","name":"Laffineur - Cabinet d'avocats","description":"Laffineur - Cabinet d&#039;avocats","publisher":{"@id":"https:\/\/www.laffineur.com\/#organization"},"potentialAction":[{"@type":"SearchAction","target":{"@type":"EntryPoint","urlTemplate":"https:\/\/www.laffineur.com\/?s={search_term_string}"},"query-input":{"@type":"PropertyValueSpecification","valueRequired":true,"valueName":"search_term_string"}}],"inLanguage":"es"},{"@type":"Organization","@id":"https:\/\/www.laffineur.com\/#organization","name":"Cabinet Laffineur","url":"https:\/\/www.laffineur.com\/","logo":{"@type":"ImageObject","inLanguage":"es","@id":"https:\/\/www.laffineur.com\/#\/schema\/logo\/image\/","url":"https:\/\/www.laffineur.com\/wp-content\/uploads\/2021\/03\/Logo-Laffineur-v326x154.png","contentUrl":"https:\/\/www.laffineur.com\/wp-content\/uploads\/2021\/03\/Logo-Laffineur-v326x154.png","width":326,"height":154,"caption":"Cabinet Laffineur"},"image":{"@id":"https:\/\/www.laffineur.com\/#\/schema\/logo\/image\/"},"sameAs":["https:\/\/www.linkedin.com\/in\/jean-luc-laffineur-4a6365\/?originalSubdomain=be"]}]}},"_links":{"self":[{"href":"https:\/\/www.laffineur.com\/es\/wp-json\/wp\/v2\/pages\/10085","targetHints":{"allow":["GET"]}}],"collection":[{"href":"https:\/\/www.laffineur.com\/es\/wp-json\/wp\/v2\/pages"}],"about":[{"href":"https:\/\/www.laffineur.com\/es\/wp-json\/wp\/v2\/types\/page"}],"author":[{"embeddable":true,"href":"https:\/\/www.laffineur.com\/es\/wp-json\/wp\/v2\/users\/1"}],"replies":[{"embeddable":true,"href":"https:\/\/www.laffineur.com\/es\/wp-json\/wp\/v2\/comments?post=10085"}],"version-history":[{"count":5,"href":"https:\/\/www.laffineur.com\/es\/wp-json\/wp\/v2\/pages\/10085\/revisions"}],"predecessor-version":[{"id":10095,"href":"https:\/\/www.laffineur.com\/es\/wp-json\/wp\/v2\/pages\/10085\/revisions\/10095"}],"up":[{"embeddable":true,"href":"https:\/\/www.laffineur.com\/es\/wp-json\/wp\/v2\/pages\/10223"}],"wp:attachment":[{"href":"https:\/\/www.laffineur.com\/es\/wp-json\/wp\/v2\/media?parent=10085"}],"curies":[{"name":"wp","href":"https:\/\/api.w.org\/{rel}","templated":true}]}}