{"id":10051,"date":"2021-06-27T19:38:47","date_gmt":"2021-06-27T17:38:47","guid":{"rendered":"https:\/\/www.laffineur.com\/derecho-medioambiental\/"},"modified":"2021-06-28T18:33:21","modified_gmt":"2021-06-28T16:33:21","slug":"derecho-medioambiental","status":"publish","type":"page","link":"https:\/\/www.laffineur.com\/es\/derecho-regulatorio-del-mercado-interno-de-la-ue-y-representacion-de-intereses\/derecho-medioambiental\/","title":{"rendered":"Derecho medioambiental"},"content":{"rendered":"<p>[vc_row css_animation=\u00bbfadeIn\u00bb rt_row_background_width=\u00bbfullwidth\u00bb rt_row_content_width=\u00bbdefault\u00bb rt_row_style=\u00bbdefault-style\u00bb rt_row_height=\u00bb\u00bb rt_column_gaps=\u00bb\u00bb rt_row_shadows=\u00bb\u00bb rt_col_anim=\u00bbtrue\u00bb rt_row_borders=\u00bbbottom\u00bb rt_bg_effect=\u00bbclassic\u00bb rt_bg_image_repeat=\u00bbrepeat\u00bb rt_bg_size=\u00bbcover\u00bb rt_bg_position=\u00bbright top\u00bb rt_bg_attachment=\u00bbscroll\u00bb rt_bg_layer=\u00bb\u00bb rt_bg_video_format=\u00bbself-hosted\u00bb rt_class=\u00bbrt-9559025&#8243; rt_paddings=\u00bb,35px,,\u00bb rt_margins=\u00bb26,,,\u00bb rt_content_margins=\u00bb,,,\u00bb rt_tablet_paddings=\u00bb,,,\u00bb rt_tablet_margins=\u00bb,,,\u00bb rt_tablet_content_margins=\u00bb,,,\u00bb rt_sp_paddings=\u00bb,,,\u00bb rt_sp_margins=\u00bb,,,\u00bb rt_sp_content_margins=\u00bb,,,\u00bb][vc_column width=\u00bb1\/3&#8243; rt_bg_effect=\u00bbclassic\u00bb rt_bg_image_repeat=\u00bbrepeat\u00bb rt_bg_size=\u00bbauto auto\u00bb rt_bg_position=\u00bbright top\u00bb rt_bg_attachment=\u00bbscroll\u00bb rt_class=\u00bbrt-8209069&#8243; rt_margins=\u00bb,\u00bb rt_paddings=\u00bb,,,\u00bb rt_wrapper_paddings=\u00bb,,,\u00bb rt_tablet_margins=\u00bb,\u00bb rt_tablet_paddings=\u00bb,,,\u00bb rt_tablet_wrapper_paddings=\u00bb,,,\u00bb rt_sp_margins=\u00bb,\u00bb rt_sp_paddings=\u00bb,,,\u00bb rt_sp_wrapper_paddings=\u00bb,,,\u00bb rt_bg_color=\u00bb\u00bb rt_bg_overlay_color=\u00bb\u00bb][vc_single_image image=\u00bb7081&#8243; img_size=\u00bbfull\u00bb css_animation=\u00bbnone\u00bb][\/vc_column][vc_column width=\u00bb2\/3&#8243; rt_bg_effect=\u00bbclassic\u00bb rt_bg_image_repeat=\u00bbrepeat\u00bb rt_bg_size=\u00bbauto auto\u00bb rt_bg_position=\u00bbright top\u00bb rt_bg_attachment=\u00bbscroll\u00bb css=\u00bb.vc_custom_1617288754505{border-left-width: 1px !important;border-left-color: #a3a3a3 !important;}\u00bb rt_class=\u00bbrt-9829982&#8243; rt_margins=\u00bb,\u00bb rt_paddings=\u00bb,,,\u00bb rt_wrapper_paddings=\u00bb,,,\u00bb rt_tablet_margins=\u00bb,\u00bb rt_tablet_paddings=\u00bb,,,\u00bb rt_tablet_wrapper_paddings=\u00bb,,,\u00bb rt_sp_margins=\u00bb,\u00bb rt_sp_paddings=\u00bb,,,\u00bb rt_sp_wrapper_paddings=\u00bb,,,\u00bb rt_bg_color=\u00bb\u00bb rt_bg_overlay_color=\u00bb\u00bb]<div class=\"rt-heading-wrapper style-5 rt-6011380\">\n\t\t\t\t\t\t<h1 class=\"rt-heading style-5\" >DERECHO MEDIOAMBIENTAL<\/h1>\n\t\t\t\t\t<\/div>[vc_column_text]<br \/>\n<span style=\"font-weight: 400;\">Esta es la rama del derecho donde m\u00e1s se nota la influencia de la Uni\u00f3n europea a nivel internacional. De hecho, el art\u00edculo 191.2 del Tratado de Roma establece que<\/span><i><span style=\"font-weight: 400;\"> \u201cLa pol\u00edtica de la Uni\u00f3n en el \u00e1mbito del medio ambiente tendr\u00e1 como objetivo alcanzar un nivel de protecci\u00f3n elevado, bas\u00e1ndose en los principios de cautela y de acci\u00f3n preventiva, en el principio de correcci\u00f3n de los atentados al medio ambiente, preferentemente en la fuente misma y en el principio de que quien contamina paga\u201d.<\/span><\/i><span style=\"font-weight: 400;\"> \u00a0 Algunos ordenamientos jur\u00eddicos extranjeros han incorporado la legislaci\u00f3n europea sobre el medio ambiente (Ej.: la directiva sobre residuos de aparatos el\u00e9ctricos y electr\u00f3nicos (RAEE) que ha sido adoptada por el Estado de California; as\u00ed como el reglamento REACH que ha inspirado la legislaci\u00f3n de pa\u00edses como Jap\u00f3n, Corea o EEUU).<\/span><\/p>\n<p><span style=\"font-weight: 400;\">El principio de cautela en el que se basa la pol\u00edtica sobre el medio ambiente de la UE obliga a que las empresas inviertan en investigaci\u00f3n y desarrollo as\u00ed como en la valoraci\u00f3n de riesgos. Por lo tanto, los debates internos de las empresas sobre la conveniencia de desarrollar un producto, ponerlo en el mercado o incluso retirarlo del mismo est\u00e1n siempre influenciados por el principio de cautela. Nuestro bufete, consciente de los riesgos inherentes a estas decisiones comerciales, ofrece asesoramiento legal sobre derecho medioambiental para ayudar a nuestros clientes a tomar las decisiones adecuadas.<\/span><\/p>\n<p>[\/vc_column_text][vc_empty_space]<div class=\"button_wrapper  alignright arrow\"><a href=\"https:\/\/www.laffineur.com\/es\/ejemplo-de-proyecto-de-derecho-medioambiental\/\" target=\"_self\" title=\"Ejemplo de proyecto de derecho medioambiental\" class=\"button_ rt-7886674 style-1 small rt-6423883\"><span><span>Ejemplo de proyecto de derecho medioambiental<\/span><\/span><\/a><\/div>[\/vc_column][\/vc_row]<\/p>\n","protected":false},"excerpt":{"rendered":"<p>[vc_row css_animation=\u00bbfadeIn\u00bb rt_row_background_width=\u00bbfullwidth\u00bb rt_row_content_width=\u00bbdefault\u00bb rt_row_style=\u00bbdefault-style\u00bb rt_row_height=\u00bb\u00bb rt_column_gaps=\u00bb\u00bb rt_row_shadows=\u00bb\u00bb rt_col_anim=\u00bbtrue\u00bb rt_row_borders=\u00bbbottom\u00bb rt_bg_effect=\u00bbclassic\u00bb rt_bg_image_repeat=\u00bbrepeat\u00bb rt_bg_size=\u00bbcover\u00bb rt_bg_position=\u00bbright top\u00bb rt_bg_attachment=\u00bbscroll\u00bb rt_bg_layer=\u00bb\u00bb rt_bg_video_format=\u00bbself-hosted\u00bb rt_class=\u00bbrt-9559025&#8243; rt_paddings=\u00bb,35px,,\u00bb rt_margins=\u00bb26,,,\u00bb rt_content_margins=\u00bb,,,\u00bb rt_tablet_paddings=\u00bb,,,\u00bb rt_tablet_margins=\u00bb,,,\u00bb rt_tablet_content_margins=\u00bb,,,\u00bb rt_sp_paddings=\u00bb,,,\u00bb rt_sp_margins=\u00bb,,,\u00bb rt_sp_content_margins=\u00bb,,,\u00bb][vc_column width=\u00bb1\/3&#8243; rt_bg_effect=\u00bbclassic\u00bb rt_bg_image_repeat=\u00bbrepeat\u00bb rt_bg_size=\u00bbauto auto\u00bb rt_bg_position=\u00bbright top\u00bb rt_bg_attachment=\u00bbscroll\u00bb rt_class=\u00bbrt-8209069&#8243; rt_margins=\u00bb,\u00bb rt_paddings=\u00bb,,,\u00bb rt_wrapper_paddings=\u00bb,,,\u00bb rt_tablet_margins=\u00bb,\u00bb rt_tablet_paddings=\u00bb,,,\u00bb rt_tablet_wrapper_paddings=\u00bb,,,\u00bb rt_sp_margins=\u00bb,\u00bb rt_sp_paddings=\u00bb,,,\u00bb rt_sp_wrapper_paddings=\u00bb,,,\u00bb rt_bg_color=\u00bb\u00bb rt_bg_overlay_color=\u00bb\u00bb][vc_single_image image=\u00bb7081&#8243; img_size=\u00bbfull\u00bb css_animation=\u00bbnone\u00bb][\/vc_column][vc_column width=\u00bb2\/3&#8243; rt_bg_effect=\u00bbclassic\u00bb rt_bg_image_repeat=\u00bbrepeat\u00bb rt_bg_size=\u00bbauto [&hellip;]<\/p>\n","protected":false},"author":1,"featured_media":0,"parent":10223,"menu_order":0,"comment_status":"closed","ping_status":"closed","template":"","meta":{"footnotes":""},"class_list":["post-10051","page","type-page","status-publish","hentry"],"yoast_head":"<!-- This site is optimized with the Yoast SEO plugin v27.1.1 - https:\/\/yoast.com\/product\/yoast-seo-wordpress\/ -->\n<title>Derecho medioambiental - Laffineur - Cabinet d&#039;avocats<\/title>\n<meta name=\"description\" content=\"Ayudamos a nuestros clientes en la implementaci\u00f3n de la normativa medioambiental y europea (REACH, DEE) y les ayudamos con las administraciones p\u00fablicas.\" \/>\n<meta name=\"robots\" content=\"index, follow, max-snippet:-1, max-image-preview:large, max-video-preview:-1\" \/>\n<link rel=\"canonical\" href=\"https:\/\/www.laffineur.com\/es\/derecho-regulatorio-del-mercado-interno-de-la-ue-y-representacion-de-intereses\/derecho-medioambiental\/\" \/>\n<meta property=\"og:locale\" content=\"es_ES\" \/>\n<meta property=\"og:type\" content=\"article\" \/>\n<meta property=\"og:title\" content=\"Derecho medioambiental - Laffineur - Cabinet d&#039;avocats\" \/>\n<meta property=\"og:description\" content=\"Ayudamos a nuestros clientes en la implementaci\u00f3n de la normativa medioambiental y europea (REACH, DEE) y les ayudamos con las administraciones p\u00fablicas.\" \/>\n<meta property=\"og:url\" content=\"https:\/\/www.laffineur.com\/es\/derecho-regulatorio-del-mercado-interno-de-la-ue-y-representacion-de-intereses\/derecho-medioambiental\/\" \/>\n<meta property=\"og:site_name\" content=\"Laffineur - Cabinet d&#039;avocats\" \/>\n<meta property=\"article:modified_time\" content=\"2021-06-28T16:33:21+00:00\" \/>\n<meta name=\"twitter:card\" content=\"summary_large_image\" \/>\n<script type=\"application\/ld+json\" class=\"yoast-schema-graph\">{\"@context\":\"https:\/\/schema.org\",\"@graph\":[{\"@type\":\"WebPage\",\"@id\":\"https:\/\/www.laffineur.com\/es\/derecho-regulatorio-del-mercado-interno-de-la-ue-y-representacion-de-intereses\/derecho-medioambiental\/\",\"url\":\"https:\/\/www.laffineur.com\/es\/derecho-regulatorio-del-mercado-interno-de-la-ue-y-representacion-de-intereses\/derecho-medioambiental\/\",\"name\":\"Derecho medioambiental - Laffineur - Cabinet d&#039;avocats\",\"isPartOf\":{\"@id\":\"https:\/\/www.laffineur.com\/#website\"},\"datePublished\":\"2021-06-27T17:38:47+00:00\",\"dateModified\":\"2021-06-28T16:33:21+00:00\",\"description\":\"Ayudamos a nuestros clientes en la implementaci\u00f3n de la normativa medioambiental y europea (REACH, DEE) y les ayudamos con las administraciones p\u00fablicas.\",\"breadcrumb\":{\"@id\":\"https:\/\/www.laffineur.com\/es\/derecho-regulatorio-del-mercado-interno-de-la-ue-y-representacion-de-intereses\/derecho-medioambiental\/#breadcrumb\"},\"inLanguage\":\"es\",\"potentialAction\":[{\"@type\":\"ReadAction\",\"target\":[\"https:\/\/www.laffineur.com\/es\/derecho-regulatorio-del-mercado-interno-de-la-ue-y-representacion-de-intereses\/derecho-medioambiental\/\"]}]},{\"@type\":\"BreadcrumbList\",\"@id\":\"https:\/\/www.laffineur.com\/es\/derecho-regulatorio-del-mercado-interno-de-la-ue-y-representacion-de-intereses\/derecho-medioambiental\/#breadcrumb\",\"itemListElement\":[{\"@type\":\"ListItem\",\"position\":1,\"name\":\"Derecho regulatorio del mercado interno de la ue y representacion de intereses\",\"item\":\"https:\/\/www.laffineur.com\/es\/derecho-regulatorio-del-mercado-interno-de-la-ue-y-representacion-de-intereses\/\"},{\"@type\":\"ListItem\",\"position\":2,\"name\":\"Derecho medioambiental\"}]},{\"@type\":\"WebSite\",\"@id\":\"https:\/\/www.laffineur.com\/#website\",\"url\":\"https:\/\/www.laffineur.com\/\",\"name\":\"Laffineur - Cabinet d'avocats\",\"description\":\"Laffineur - Cabinet d&#039;avocats\",\"publisher\":{\"@id\":\"https:\/\/www.laffineur.com\/#organization\"},\"potentialAction\":[{\"@type\":\"SearchAction\",\"target\":{\"@type\":\"EntryPoint\",\"urlTemplate\":\"https:\/\/www.laffineur.com\/?s={search_term_string}\"},\"query-input\":{\"@type\":\"PropertyValueSpecification\",\"valueRequired\":true,\"valueName\":\"search_term_string\"}}],\"inLanguage\":\"es\"},{\"@type\":\"Organization\",\"@id\":\"https:\/\/www.laffineur.com\/#organization\",\"name\":\"Cabinet Laffineur\",\"url\":\"https:\/\/www.laffineur.com\/\",\"logo\":{\"@type\":\"ImageObject\",\"inLanguage\":\"es\",\"@id\":\"https:\/\/www.laffineur.com\/#\/schema\/logo\/image\/\",\"url\":\"https:\/\/www.laffineur.com\/wp-content\/uploads\/2021\/03\/Logo-Laffineur-v326x154.png\",\"contentUrl\":\"https:\/\/www.laffineur.com\/wp-content\/uploads\/2021\/03\/Logo-Laffineur-v326x154.png\",\"width\":326,\"height\":154,\"caption\":\"Cabinet Laffineur\"},\"image\":{\"@id\":\"https:\/\/www.laffineur.com\/#\/schema\/logo\/image\/\"},\"sameAs\":[\"https:\/\/www.linkedin.com\/in\/jean-luc-laffineur-4a6365\/?originalSubdomain=be\"]}]}<\/script>\n<!-- \/ Yoast SEO plugin. -->","yoast_head_json":{"title":"Derecho medioambiental - Laffineur - Cabinet d&#039;avocats","description":"Ayudamos a nuestros clientes en la implementaci\u00f3n de la normativa medioambiental y europea (REACH, DEE) y les ayudamos con las administraciones p\u00fablicas.","robots":{"index":"index","follow":"follow","max-snippet":"max-snippet:-1","max-image-preview":"max-image-preview:large","max-video-preview":"max-video-preview:-1"},"canonical":"https:\/\/www.laffineur.com\/es\/derecho-regulatorio-del-mercado-interno-de-la-ue-y-representacion-de-intereses\/derecho-medioambiental\/","og_locale":"es_ES","og_type":"article","og_title":"Derecho medioambiental - Laffineur - Cabinet d&#039;avocats","og_description":"Ayudamos a nuestros clientes en la implementaci\u00f3n de la normativa medioambiental y europea (REACH, DEE) y les ayudamos con las administraciones p\u00fablicas.","og_url":"https:\/\/www.laffineur.com\/es\/derecho-regulatorio-del-mercado-interno-de-la-ue-y-representacion-de-intereses\/derecho-medioambiental\/","og_site_name":"Laffineur - Cabinet d&#039;avocats","article_modified_time":"2021-06-28T16:33:21+00:00","twitter_card":"summary_large_image","schema":{"@context":"https:\/\/schema.org","@graph":[{"@type":"WebPage","@id":"https:\/\/www.laffineur.com\/es\/derecho-regulatorio-del-mercado-interno-de-la-ue-y-representacion-de-intereses\/derecho-medioambiental\/","url":"https:\/\/www.laffineur.com\/es\/derecho-regulatorio-del-mercado-interno-de-la-ue-y-representacion-de-intereses\/derecho-medioambiental\/","name":"Derecho medioambiental - Laffineur - Cabinet d&#039;avocats","isPartOf":{"@id":"https:\/\/www.laffineur.com\/#website"},"datePublished":"2021-06-27T17:38:47+00:00","dateModified":"2021-06-28T16:33:21+00:00","description":"Ayudamos a nuestros clientes en la implementaci\u00f3n de la normativa medioambiental y europea (REACH, DEE) y les ayudamos con las administraciones p\u00fablicas.","breadcrumb":{"@id":"https:\/\/www.laffineur.com\/es\/derecho-regulatorio-del-mercado-interno-de-la-ue-y-representacion-de-intereses\/derecho-medioambiental\/#breadcrumb"},"inLanguage":"es","potentialAction":[{"@type":"ReadAction","target":["https:\/\/www.laffineur.com\/es\/derecho-regulatorio-del-mercado-interno-de-la-ue-y-representacion-de-intereses\/derecho-medioambiental\/"]}]},{"@type":"BreadcrumbList","@id":"https:\/\/www.laffineur.com\/es\/derecho-regulatorio-del-mercado-interno-de-la-ue-y-representacion-de-intereses\/derecho-medioambiental\/#breadcrumb","itemListElement":[{"@type":"ListItem","position":1,"name":"Derecho regulatorio del mercado interno de la ue y representacion de intereses","item":"https:\/\/www.laffineur.com\/es\/derecho-regulatorio-del-mercado-interno-de-la-ue-y-representacion-de-intereses\/"},{"@type":"ListItem","position":2,"name":"Derecho medioambiental"}]},{"@type":"WebSite","@id":"https:\/\/www.laffineur.com\/#website","url":"https:\/\/www.laffineur.com\/","name":"Laffineur - Cabinet d'avocats","description":"Laffineur - Cabinet d&#039;avocats","publisher":{"@id":"https:\/\/www.laffineur.com\/#organization"},"potentialAction":[{"@type":"SearchAction","target":{"@type":"EntryPoint","urlTemplate":"https:\/\/www.laffineur.com\/?s={search_term_string}"},"query-input":{"@type":"PropertyValueSpecification","valueRequired":true,"valueName":"search_term_string"}}],"inLanguage":"es"},{"@type":"Organization","@id":"https:\/\/www.laffineur.com\/#organization","name":"Cabinet Laffineur","url":"https:\/\/www.laffineur.com\/","logo":{"@type":"ImageObject","inLanguage":"es","@id":"https:\/\/www.laffineur.com\/#\/schema\/logo\/image\/","url":"https:\/\/www.laffineur.com\/wp-content\/uploads\/2021\/03\/Logo-Laffineur-v326x154.png","contentUrl":"https:\/\/www.laffineur.com\/wp-content\/uploads\/2021\/03\/Logo-Laffineur-v326x154.png","width":326,"height":154,"caption":"Cabinet Laffineur"},"image":{"@id":"https:\/\/www.laffineur.com\/#\/schema\/logo\/image\/"},"sameAs":["https:\/\/www.linkedin.com\/in\/jean-luc-laffineur-4a6365\/?originalSubdomain=be"]}]}},"_links":{"self":[{"href":"https:\/\/www.laffineur.com\/es\/wp-json\/wp\/v2\/pages\/10051","targetHints":{"allow":["GET"]}}],"collection":[{"href":"https:\/\/www.laffineur.com\/es\/wp-json\/wp\/v2\/pages"}],"about":[{"href":"https:\/\/www.laffineur.com\/es\/wp-json\/wp\/v2\/types\/page"}],"author":[{"embeddable":true,"href":"https:\/\/www.laffineur.com\/es\/wp-json\/wp\/v2\/users\/1"}],"replies":[{"embeddable":true,"href":"https:\/\/www.laffineur.com\/es\/wp-json\/wp\/v2\/comments?post=10051"}],"version-history":[{"count":10,"href":"https:\/\/www.laffineur.com\/es\/wp-json\/wp\/v2\/pages\/10051\/revisions"}],"predecessor-version":[{"id":10209,"href":"https:\/\/www.laffineur.com\/es\/wp-json\/wp\/v2\/pages\/10051\/revisions\/10209"}],"up":[{"embeddable":true,"href":"https:\/\/www.laffineur.com\/es\/wp-json\/wp\/v2\/pages\/10223"}],"wp:attachment":[{"href":"https:\/\/www.laffineur.com\/es\/wp-json\/wp\/v2\/media?parent=10051"}],"curies":[{"name":"wp","href":"https:\/\/api.w.org\/{rel}","templated":true}]}}