{"id":10021,"date":"2021-06-27T19:30:33","date_gmt":"2021-06-27T17:30:33","guid":{"rendered":"https:\/\/www.laffineur.com\/derecho-del-paciente\/"},"modified":"2021-06-27T20:58:48","modified_gmt":"2021-06-27T18:58:48","slug":"derecho-del-paciente","status":"publish","type":"page","link":"https:\/\/www.laffineur.com\/es\/derecho-regulatorio-del-mercado-interno-de-la-ue-y-representacion-de-intereses\/derecho-del-paciente\/","title":{"rendered":"Derecho del paciente"},"content":{"rendered":"<p>[vc_row css_animation=\u00bbfadeIn\u00bb rt_row_background_width=\u00bbfullwidth\u00bb rt_row_content_width=\u00bbdefault\u00bb rt_row_style=\u00bbdefault-style\u00bb rt_row_height=\u00bb\u00bb rt_column_gaps=\u00bb\u00bb rt_row_shadows=\u00bb\u00bb rt_col_anim=\u00bbtrue\u00bb rt_row_borders=\u00bbbottom\u00bb rt_bg_effect=\u00bbclassic\u00bb rt_bg_image_repeat=\u00bbrepeat\u00bb rt_bg_size=\u00bbcover\u00bb rt_bg_position=\u00bbright top\u00bb rt_bg_attachment=\u00bbscroll\u00bb rt_bg_layer=\u00bb\u00bb rt_bg_video_format=\u00bbself-hosted\u00bb rt_class=\u00bbrt-9625247&#8243; rt_paddings=\u00bb,35px,,\u00bb rt_margins=\u00bb26,,,\u00bb rt_content_margins=\u00bb,,,\u00bb rt_tablet_paddings=\u00bb,,,\u00bb rt_tablet_margins=\u00bb,,,\u00bb rt_tablet_content_margins=\u00bb,,,\u00bb rt_sp_paddings=\u00bb,,,\u00bb rt_sp_margins=\u00bb,,,\u00bb rt_sp_content_margins=\u00bb,,,\u00bb][vc_column width=\u00bb1\/3&#8243; rt_bg_effect=\u00bbclassic\u00bb rt_bg_image_repeat=\u00bbrepeat\u00bb rt_bg_size=\u00bbauto auto\u00bb rt_bg_position=\u00bbright top\u00bb rt_bg_attachment=\u00bbscroll\u00bb rt_class=\u00bbrt-8209069&#8243; rt_margins=\u00bb,\u00bb rt_paddings=\u00bb,,,\u00bb rt_wrapper_paddings=\u00bb,,,\u00bb rt_tablet_margins=\u00bb,\u00bb rt_tablet_paddings=\u00bb,,,\u00bb rt_tablet_wrapper_paddings=\u00bb,,,\u00bb rt_sp_margins=\u00bb,\u00bb rt_sp_paddings=\u00bb,,,\u00bb rt_sp_wrapper_paddings=\u00bb,,,\u00bb rt_bg_color=\u00bb\u00bb rt_bg_overlay_color=\u00bb\u00bb][vc_single_image image=\u00bb7161&#8243; img_size=\u00bbfull\u00bb css_animation=\u00bbnone\u00bb][\/vc_column][vc_column width=\u00bb2\/3&#8243; rt_bg_effect=\u00bbclassic\u00bb rt_bg_image_repeat=\u00bbrepeat\u00bb rt_bg_size=\u00bbauto auto\u00bb rt_bg_position=\u00bbright top\u00bb rt_bg_attachment=\u00bbscroll\u00bb css=\u00bb.vc_custom_1617288754505{border-left-width: 1px !important;border-left-color: #a3a3a3 !important;}\u00bb rt_class=\u00bbrt-9829982&#8243; rt_margins=\u00bb,\u00bb rt_paddings=\u00bb,,,\u00bb rt_wrapper_paddings=\u00bb,,,\u00bb rt_tablet_margins=\u00bb,\u00bb rt_tablet_paddings=\u00bb,,,\u00bb rt_tablet_wrapper_paddings=\u00bb,,,\u00bb rt_sp_margins=\u00bb,\u00bb rt_sp_paddings=\u00bb,,,\u00bb rt_sp_wrapper_paddings=\u00bb,,,\u00bb rt_bg_color=\u00bb\u00bb rt_bg_overlay_color=\u00bb\u00bb]<div class=\"rt-heading-wrapper style-5 rt-6326365\">\n\t\t\t\t\t\t<h1 class=\"rt-heading style-5\" >DERECHO DEL PATIENTE<\/h1>\n\t\t\t\t\t<\/div>[vc_column_text]<span style=\"font-weight: 400;\">La legislaci\u00f3n sobre asistencia sanitaria transfronteriza al interno de la UE se basa en dos leyes distintas: el Reglamento 883\/2004 sobre la coordinaci\u00f3n de los sistemas de seguridad social y la Directiva 2011\/24 sobre los derechos de los pacientes en la asistencia sanitaria transfronteriza.<\/span><\/p>\n<p><span style=\"font-weight: 400;\">Seg\u00fan el Reglamento, antes de recibir asistencia sanitaria en otro Estado miembro es necesario obtener la autorizaci\u00f3n previa del organismo social para tener derecho al reembolso de los costes de la misma en el Estado miembro de origen. Sin embargo, conforme a la Directiva, la autorizaci\u00f3n previa no ser\u00eda necesaria salvo algunas excepciones.<\/span><\/p>\n<p><span style=\"font-weight: 400;\">A nuestro bufete acuden con frecuencia pacientes o asociaciones de pacientes solicitando asesoramiento sobre cuestiones relacionadas con el reembolso de la asistencia sanitaria transfronteriza.<\/span><\/p>\n<p><span style=\"font-weight: 400;\">Gracias a nuestro conocimiento de las complejas reglas aplicables en esta materia, ayudamos a nuestros clientes en todo lo relacionado con la planificaci\u00f3n de la asistencia sanitaria en el extranjero. En algunos casos, representamos a nuestros clientes en procesos judiciales para hacer valer sus derechos en base a la legislaci\u00f3n anteriormente mencionada.<\/span>[\/vc_column_text][vc_empty_space]<div class=\"button_wrapper  alignright arrow\"><a href=\"https:\/\/www.laffineur.com\/es\/ejemplo-de-un-proyecto-de-derechos-del-paciente-reembolso-de-asistencia-sanitaria-transfronteriza\/\" target=\"_self\" title=\"Ejemplo de un proyecto de derechos del paciente (reembolso de asistencia sanitaria transfronteriza)\" class=\"button_ rt-7886674 style-1 small rt-1476744\"><span><span>Ejemplo de un proyecto de derechos del paciente (reembolso de asistencia sanitaria transfronteriza)<\/span><\/span><\/a><\/div>[\/vc_column][\/vc_row]<\/p>\n","protected":false},"excerpt":{"rendered":"<p>[vc_row css_animation=\u00bbfadeIn\u00bb rt_row_background_width=\u00bbfullwidth\u00bb rt_row_content_width=\u00bbdefault\u00bb rt_row_style=\u00bbdefault-style\u00bb rt_row_height=\u00bb\u00bb rt_column_gaps=\u00bb\u00bb rt_row_shadows=\u00bb\u00bb rt_col_anim=\u00bbtrue\u00bb rt_row_borders=\u00bbbottom\u00bb rt_bg_effect=\u00bbclassic\u00bb rt_bg_image_repeat=\u00bbrepeat\u00bb rt_bg_size=\u00bbcover\u00bb rt_bg_position=\u00bbright top\u00bb rt_bg_attachment=\u00bbscroll\u00bb rt_bg_layer=\u00bb\u00bb rt_bg_video_format=\u00bbself-hosted\u00bb rt_class=\u00bbrt-9625247&#8243; rt_paddings=\u00bb,35px,,\u00bb rt_margins=\u00bb26,,,\u00bb rt_content_margins=\u00bb,,,\u00bb rt_tablet_paddings=\u00bb,,,\u00bb rt_tablet_margins=\u00bb,,,\u00bb rt_tablet_content_margins=\u00bb,,,\u00bb rt_sp_paddings=\u00bb,,,\u00bb rt_sp_margins=\u00bb,,,\u00bb rt_sp_content_margins=\u00bb,,,\u00bb][vc_column width=\u00bb1\/3&#8243; rt_bg_effect=\u00bbclassic\u00bb rt_bg_image_repeat=\u00bbrepeat\u00bb rt_bg_size=\u00bbauto auto\u00bb rt_bg_position=\u00bbright top\u00bb rt_bg_attachment=\u00bbscroll\u00bb rt_class=\u00bbrt-8209069&#8243; rt_margins=\u00bb,\u00bb rt_paddings=\u00bb,,,\u00bb rt_wrapper_paddings=\u00bb,,,\u00bb rt_tablet_margins=\u00bb,\u00bb rt_tablet_paddings=\u00bb,,,\u00bb rt_tablet_wrapper_paddings=\u00bb,,,\u00bb rt_sp_margins=\u00bb,\u00bb rt_sp_paddings=\u00bb,,,\u00bb rt_sp_wrapper_paddings=\u00bb,,,\u00bb rt_bg_color=\u00bb\u00bb rt_bg_overlay_color=\u00bb\u00bb][vc_single_image image=\u00bb7161&#8243; img_size=\u00bbfull\u00bb css_animation=\u00bbnone\u00bb][\/vc_column][vc_column width=\u00bb2\/3&#8243; rt_bg_effect=\u00bbclassic\u00bb rt_bg_image_repeat=\u00bbrepeat\u00bb rt_bg_size=\u00bbauto [&hellip;]<\/p>\n","protected":false},"author":1,"featured_media":0,"parent":10223,"menu_order":0,"comment_status":"closed","ping_status":"closed","template":"","meta":{"footnotes":""},"class_list":["post-10021","page","type-page","status-publish","hentry"],"yoast_head":"<!-- This site is optimized with the Yoast SEO plugin v27.1.1 - https:\/\/yoast.com\/product\/yoast-seo-wordpress\/ -->\n<title>Derecho del paciente - Laffineur - Cabinet d&#039;avocats<\/title>\n<meta name=\"description\" content=\"A empresa Laffineur oferece aconselhamento (empresas, pacientes e associa\u00e7\u00f5es) sobre a regulamenta\u00e7\u00e3o dos cuidados de sa\u00fade transfronteiri\u00e7os na UE (autoriza\u00e7\u00e3o pr\u00e9via e reembolso do tratamento)\" \/>\n<meta name=\"robots\" content=\"index, follow, max-snippet:-1, max-image-preview:large, max-video-preview:-1\" \/>\n<link rel=\"canonical\" href=\"https:\/\/www.laffineur.com\/es\/derecho-regulatorio-del-mercado-interno-de-la-ue-y-representacion-de-intereses\/derecho-del-paciente\/\" \/>\n<meta property=\"og:locale\" content=\"es_ES\" \/>\n<meta property=\"og:type\" content=\"article\" \/>\n<meta property=\"og:title\" content=\"Derecho del paciente - Laffineur - Cabinet d&#039;avocats\" \/>\n<meta property=\"og:description\" content=\"A empresa Laffineur oferece aconselhamento (empresas, pacientes e associa\u00e7\u00f5es) sobre a regulamenta\u00e7\u00e3o dos cuidados de sa\u00fade transfronteiri\u00e7os na UE (autoriza\u00e7\u00e3o pr\u00e9via e reembolso do tratamento)\" \/>\n<meta property=\"og:url\" content=\"https:\/\/www.laffineur.com\/es\/derecho-regulatorio-del-mercado-interno-de-la-ue-y-representacion-de-intereses\/derecho-del-paciente\/\" \/>\n<meta property=\"og:site_name\" content=\"Laffineur - Cabinet d&#039;avocats\" \/>\n<meta property=\"article:modified_time\" content=\"2021-06-27T18:58:48+00:00\" \/>\n<meta name=\"twitter:card\" content=\"summary_large_image\" \/>\n<script type=\"application\/ld+json\" class=\"yoast-schema-graph\">{\"@context\":\"https:\/\/schema.org\",\"@graph\":[{\"@type\":\"WebPage\",\"@id\":\"https:\/\/www.laffineur.com\/es\/derecho-regulatorio-del-mercado-interno-de-la-ue-y-representacion-de-intereses\/derecho-del-paciente\/\",\"url\":\"https:\/\/www.laffineur.com\/es\/derecho-regulatorio-del-mercado-interno-de-la-ue-y-representacion-de-intereses\/derecho-del-paciente\/\",\"name\":\"Derecho del paciente - Laffineur - Cabinet d&#039;avocats\",\"isPartOf\":{\"@id\":\"https:\/\/www.laffineur.com\/#website\"},\"datePublished\":\"2021-06-27T17:30:33+00:00\",\"dateModified\":\"2021-06-27T18:58:48+00:00\",\"description\":\"A empresa Laffineur oferece aconselhamento (empresas, pacientes e associa\u00e7\u00f5es) sobre a regulamenta\u00e7\u00e3o dos cuidados de sa\u00fade transfronteiri\u00e7os na UE (autoriza\u00e7\u00e3o pr\u00e9via e reembolso do tratamento)\",\"breadcrumb\":{\"@id\":\"https:\/\/www.laffineur.com\/es\/derecho-regulatorio-del-mercado-interno-de-la-ue-y-representacion-de-intereses\/derecho-del-paciente\/#breadcrumb\"},\"inLanguage\":\"es\",\"potentialAction\":[{\"@type\":\"ReadAction\",\"target\":[\"https:\/\/www.laffineur.com\/es\/derecho-regulatorio-del-mercado-interno-de-la-ue-y-representacion-de-intereses\/derecho-del-paciente\/\"]}]},{\"@type\":\"BreadcrumbList\",\"@id\":\"https:\/\/www.laffineur.com\/es\/derecho-regulatorio-del-mercado-interno-de-la-ue-y-representacion-de-intereses\/derecho-del-paciente\/#breadcrumb\",\"itemListElement\":[{\"@type\":\"ListItem\",\"position\":1,\"name\":\"Derecho regulatorio del mercado interno de la ue y representacion de intereses\",\"item\":\"https:\/\/www.laffineur.com\/es\/derecho-regulatorio-del-mercado-interno-de-la-ue-y-representacion-de-intereses\/\"},{\"@type\":\"ListItem\",\"position\":2,\"name\":\"Derecho del paciente\"}]},{\"@type\":\"WebSite\",\"@id\":\"https:\/\/www.laffineur.com\/#website\",\"url\":\"https:\/\/www.laffineur.com\/\",\"name\":\"Laffineur - Cabinet d'avocats\",\"description\":\"Laffineur - Cabinet d&#039;avocats\",\"publisher\":{\"@id\":\"https:\/\/www.laffineur.com\/#organization\"},\"potentialAction\":[{\"@type\":\"SearchAction\",\"target\":{\"@type\":\"EntryPoint\",\"urlTemplate\":\"https:\/\/www.laffineur.com\/?s={search_term_string}\"},\"query-input\":{\"@type\":\"PropertyValueSpecification\",\"valueRequired\":true,\"valueName\":\"search_term_string\"}}],\"inLanguage\":\"es\"},{\"@type\":\"Organization\",\"@id\":\"https:\/\/www.laffineur.com\/#organization\",\"name\":\"Cabinet Laffineur\",\"url\":\"https:\/\/www.laffineur.com\/\",\"logo\":{\"@type\":\"ImageObject\",\"inLanguage\":\"es\",\"@id\":\"https:\/\/www.laffineur.com\/#\/schema\/logo\/image\/\",\"url\":\"https:\/\/www.laffineur.com\/wp-content\/uploads\/2021\/03\/Logo-Laffineur-v326x154.png\",\"contentUrl\":\"https:\/\/www.laffineur.com\/wp-content\/uploads\/2021\/03\/Logo-Laffineur-v326x154.png\",\"width\":326,\"height\":154,\"caption\":\"Cabinet Laffineur\"},\"image\":{\"@id\":\"https:\/\/www.laffineur.com\/#\/schema\/logo\/image\/\"},\"sameAs\":[\"https:\/\/www.linkedin.com\/in\/jean-luc-laffineur-4a6365\/?originalSubdomain=be\"]}]}<\/script>\n<!-- \/ Yoast SEO plugin. -->","yoast_head_json":{"title":"Derecho del paciente - Laffineur - Cabinet d&#039;avocats","description":"A empresa Laffineur oferece aconselhamento (empresas, pacientes e associa\u00e7\u00f5es) sobre a regulamenta\u00e7\u00e3o dos cuidados de sa\u00fade transfronteiri\u00e7os na UE (autoriza\u00e7\u00e3o pr\u00e9via e reembolso do tratamento)","robots":{"index":"index","follow":"follow","max-snippet":"max-snippet:-1","max-image-preview":"max-image-preview:large","max-video-preview":"max-video-preview:-1"},"canonical":"https:\/\/www.laffineur.com\/es\/derecho-regulatorio-del-mercado-interno-de-la-ue-y-representacion-de-intereses\/derecho-del-paciente\/","og_locale":"es_ES","og_type":"article","og_title":"Derecho del paciente - Laffineur - Cabinet d&#039;avocats","og_description":"A empresa Laffineur oferece aconselhamento (empresas, pacientes e associa\u00e7\u00f5es) sobre a regulamenta\u00e7\u00e3o dos cuidados de sa\u00fade transfronteiri\u00e7os na UE (autoriza\u00e7\u00e3o pr\u00e9via e reembolso do tratamento)","og_url":"https:\/\/www.laffineur.com\/es\/derecho-regulatorio-del-mercado-interno-de-la-ue-y-representacion-de-intereses\/derecho-del-paciente\/","og_site_name":"Laffineur - Cabinet d&#039;avocats","article_modified_time":"2021-06-27T18:58:48+00:00","twitter_card":"summary_large_image","schema":{"@context":"https:\/\/schema.org","@graph":[{"@type":"WebPage","@id":"https:\/\/www.laffineur.com\/es\/derecho-regulatorio-del-mercado-interno-de-la-ue-y-representacion-de-intereses\/derecho-del-paciente\/","url":"https:\/\/www.laffineur.com\/es\/derecho-regulatorio-del-mercado-interno-de-la-ue-y-representacion-de-intereses\/derecho-del-paciente\/","name":"Derecho del paciente - Laffineur - Cabinet d&#039;avocats","isPartOf":{"@id":"https:\/\/www.laffineur.com\/#website"},"datePublished":"2021-06-27T17:30:33+00:00","dateModified":"2021-06-27T18:58:48+00:00","description":"A empresa Laffineur oferece aconselhamento (empresas, pacientes e associa\u00e7\u00f5es) sobre a regulamenta\u00e7\u00e3o dos cuidados de sa\u00fade transfronteiri\u00e7os na UE (autoriza\u00e7\u00e3o pr\u00e9via e reembolso do tratamento)","breadcrumb":{"@id":"https:\/\/www.laffineur.com\/es\/derecho-regulatorio-del-mercado-interno-de-la-ue-y-representacion-de-intereses\/derecho-del-paciente\/#breadcrumb"},"inLanguage":"es","potentialAction":[{"@type":"ReadAction","target":["https:\/\/www.laffineur.com\/es\/derecho-regulatorio-del-mercado-interno-de-la-ue-y-representacion-de-intereses\/derecho-del-paciente\/"]}]},{"@type":"BreadcrumbList","@id":"https:\/\/www.laffineur.com\/es\/derecho-regulatorio-del-mercado-interno-de-la-ue-y-representacion-de-intereses\/derecho-del-paciente\/#breadcrumb","itemListElement":[{"@type":"ListItem","position":1,"name":"Derecho regulatorio del mercado interno de la ue y representacion de intereses","item":"https:\/\/www.laffineur.com\/es\/derecho-regulatorio-del-mercado-interno-de-la-ue-y-representacion-de-intereses\/"},{"@type":"ListItem","position":2,"name":"Derecho del paciente"}]},{"@type":"WebSite","@id":"https:\/\/www.laffineur.com\/#website","url":"https:\/\/www.laffineur.com\/","name":"Laffineur - Cabinet d'avocats","description":"Laffineur - Cabinet d&#039;avocats","publisher":{"@id":"https:\/\/www.laffineur.com\/#organization"},"potentialAction":[{"@type":"SearchAction","target":{"@type":"EntryPoint","urlTemplate":"https:\/\/www.laffineur.com\/?s={search_term_string}"},"query-input":{"@type":"PropertyValueSpecification","valueRequired":true,"valueName":"search_term_string"}}],"inLanguage":"es"},{"@type":"Organization","@id":"https:\/\/www.laffineur.com\/#organization","name":"Cabinet Laffineur","url":"https:\/\/www.laffineur.com\/","logo":{"@type":"ImageObject","inLanguage":"es","@id":"https:\/\/www.laffineur.com\/#\/schema\/logo\/image\/","url":"https:\/\/www.laffineur.com\/wp-content\/uploads\/2021\/03\/Logo-Laffineur-v326x154.png","contentUrl":"https:\/\/www.laffineur.com\/wp-content\/uploads\/2021\/03\/Logo-Laffineur-v326x154.png","width":326,"height":154,"caption":"Cabinet Laffineur"},"image":{"@id":"https:\/\/www.laffineur.com\/#\/schema\/logo\/image\/"},"sameAs":["https:\/\/www.linkedin.com\/in\/jean-luc-laffineur-4a6365\/?originalSubdomain=be"]}]}},"_links":{"self":[{"href":"https:\/\/www.laffineur.com\/es\/wp-json\/wp\/v2\/pages\/10021","targetHints":{"allow":["GET"]}}],"collection":[{"href":"https:\/\/www.laffineur.com\/es\/wp-json\/wp\/v2\/pages"}],"about":[{"href":"https:\/\/www.laffineur.com\/es\/wp-json\/wp\/v2\/types\/page"}],"author":[{"embeddable":true,"href":"https:\/\/www.laffineur.com\/es\/wp-json\/wp\/v2\/users\/1"}],"replies":[{"embeddable":true,"href":"https:\/\/www.laffineur.com\/es\/wp-json\/wp\/v2\/comments?post=10021"}],"version-history":[{"count":5,"href":"https:\/\/www.laffineur.com\/es\/wp-json\/wp\/v2\/pages\/10021\/revisions"}],"predecessor-version":[{"id":10127,"href":"https:\/\/www.laffineur.com\/es\/wp-json\/wp\/v2\/pages\/10021\/revisions\/10127"}],"up":[{"embeddable":true,"href":"https:\/\/www.laffineur.com\/es\/wp-json\/wp\/v2\/pages\/10223"}],"wp:attachment":[{"href":"https:\/\/www.laffineur.com\/es\/wp-json\/wp\/v2\/media?parent=10021"}],"curies":[{"name":"wp","href":"https:\/\/api.w.org\/{rel}","templated":true}]}}